{"id":7205,"date":"2021-07-04T00:03:26","date_gmt":"2021-07-04T00:03:26","guid":{"rendered":"https:\/\/luxaesthetika.com\/?page_id=7205"},"modified":"2024-03-30T15:32:59","modified_gmt":"2024-03-30T15:32:59","slug":"tratamientos-para-las-manchas-marrones","status":"publish","type":"page","link":"https:\/\/luxaesthetika.com\/es\/tratamientos-para-las-manchas-marrones\/","title":{"rendered":"Tratamientos para las manchas marrones"},"content":{"rendered":"\n<h3 class=\"wp-block-heading\">Tratamientos para las manchas marrones<\/h3>\n\n\n\n<p>Las manchas marrones pueden aparecer en la cara por diversos motivos. Las manchas marrones, como las pecas, pueden aparecer por motivos gen\u00e9ticos y por una exposici\u00f3n excesiva al sol. Otra mancha de la piel es la marca de nacimiento, cuya causa a\u00fan se desconoce. Normalmente, las manchas de nacimiento aparecen poco despu\u00e9s del nacimiento o, por lo general, en la piel al nacer. Si se expone demasiado al sol, pueden aparecer manchas de envejecimiento, ya que es la reacci\u00f3n de la piel a la exposici\u00f3n solar. Todo esto puede afectar al aspecto de tu piel, especialmente cuando aparecen en la cara. Pero con los modernos medicamentos y equipos que tenemos hoy en d\u00eda, estos problemas ya pueden ser abordados por los m\u00e9dicos para disminuir la apariencia de decoloraci\u00f3n para una tez facial m\u00e1s clara. De hecho, aqu\u00ed hay algunos tratamientos dermatol\u00f3gicos para las manchas marrones.Tratamientos dermatol\u00f3gicos para las manchas marrones<\/p>\n\n\n\n<p>Consejo n\u00ba 1: Inf\u00f3rmese sobre el tratamiento con l\u00e1ser<\/p>\n\n\n\n<p>El tratamiento con l\u00e1ser es uno de los m\u00e1s utilizados hoy en d\u00eda. Act\u00faa destruyendo las c\u00e9lulas productoras de pigmento oscuro que se encuentran bajo la piel. Los tratamientos con l\u00e1ser no afectan a la superficie de la piel, a diferencia del tratamiento de dermoabrasi\u00f3n. El tratamiento con l\u00e1ser puede eliminar eficazmente manchas oscuras como pecas, manchas de la edad y varios tipos de marcas de nacimiento. El l\u00e1ser act\u00faa sobre la melanina de la piel (el pigmento oscuro de la piel). El tratamiento es m\u00e1s adecuado para personas de piel clara.<\/p>\n\n\n\n<p>Consejo n\u00ba 2: Inf\u00f3rmese sobre la crioterapia<\/p>\n\n\n\n<p>La crioterapia es otro tipo de tratamiento para las manchas marrones. Se utiliza para eliminar las decoloraciones de la piel mediante la congelaci\u00f3n con un agente como el nitr\u00f3geno l\u00edquido. El producto qu\u00edmico congelante se pulveriza por la zona afectada provocando un efecto de congelaci\u00f3n. La piel se desprender\u00e1 una o dos semanas despu\u00e9s del tratamiento. En su lugar aparecer\u00e1 una piel nueva y m\u00e1s suave. Este tipo de tratamiento se utiliza a menudo en peque\u00f1os grupos de manchas marrones que aparecen en la piel. A veces, el tratamiento puede ser doloroso y dejar cicatrices.<\/p>\n\n\n\n<p>Consejo n\u00ba 3: Inf\u00f3rmese sobre la dermoabrasi\u00f3n<\/p>\n\n\n\n<p>Otro tipo de tratamiento disponible es la dermoabrasi\u00f3n. Se trata de un tratamiento que elimina la superficie de la piel mediante el lijado con un peque\u00f1o instrumento rotatorio. La parte de la piel tratada forma una costra que se desprende al cabo de 7 a 10 d\u00edas. Cuando la piel cicatriza, aparece una piel nueva, m\u00e1s firme y lisa. El procedimiento puede realizarse con sedaci\u00f3n o anestesia local si la zona est\u00e1 localizada, como peque\u00f1as manchas de nacimiento o manchas de la edad.<\/p>\n\n\n\n<p>Consejo n\u00ba 4: Inf\u00f3rmese sobre los peelings qu\u00edmicos<\/p>\n\n\n\n<p>Existen 3 tipos de peelings qu\u00edmicos: el superficial, el medio y el profundo. Las soluciones utilizadas para este tratamiento son el \u00e1cido glic\u00f3lico o el \u00e1cido tricloroac\u00e9tico para eliminar las capas superficiales de la piel. Esto mejorar\u00e1 el aspecto de las decoloraciones de la piel como pecas, marcas de nacimiento y manchas de la edad. La nueva piel que saldr\u00e1 es m\u00e1s suave y clara y con menos l\u00edneas y arrugas. El resultado depender\u00e1 del estado de la piel afectada. En el caso de los peelings suaves, es posible que s\u00f3lo necesite varios tratamientos. Por lo general, ya se puede ver el efecto tras unas semanas de tratamiento.<\/p>\n\n\n\n<p>Consejo n\u00ba 5: Conozca los productos dermatol\u00f3gicos<\/p>\n\n\n\n<p>Tambi\u00e9n debe saber qu\u00e9 productos hay disponibles. Empresas del sector de la piel como Murad han dedicado la totalidad de sus l\u00edneas de cuidado de la piel a tratar y eliminar las manchas marrones. Los ingredientes de los productos para eliminar las manchas marrones pueden incluir vitamina C, hidroquinona y alfahidroxi\u00e1cidos.<\/p>\n\n\n\n<p>\u00c9stas son s\u00f3lo algunas de las opciones para tratar las manchas marrones con tratamientos dermatol\u00f3gicos. Si tiene dinero de sobra para gastar, puede recurrir a tratamientos m\u00e1s caros. Si no, puede optar por los m\u00e1s baratos.<\/p>\n","protected":false},"excerpt":{"rendered":"<p>Tratamientos para las manchas marrones Las manchas marrones pueden aparecer en la cara por diversos motivos. Las manchas marrones, como las pecas, pueden aparecer por motivos gen\u00e9ticos y por una exposici\u00f3n excesiva al sol. Otra mancha de la piel es la marca de nacimiento, cuya causa a\u00fan se desconoce. Normalmente, las manchas de nacimiento aparecen [&hellip;]<\/p>\n","protected":false},"author":1,"featured_media":0,"parent":0,"menu_order":0,"comment_status":"closed","ping_status":"closed","template":"","meta":{"_eb_attr":"","footnotes":""},"class_list":["post-7205","page","type-page","status-publish","hentry"],"_links":{"self":[{"href":"https:\/\/luxaesthetika.com\/es\/wp-json\/wp\/v2\/pages\/7205","targetHints":{"allow":["GET"]}}],"collection":[{"href":"https:\/\/luxaesthetika.com\/es\/wp-json\/wp\/v2\/pages"}],"about":[{"href":"https:\/\/luxaesthetika.com\/es\/wp-json\/wp\/v2\/types\/page"}],"author":[{"embeddable":true,"href":"https:\/\/luxaesthetika.com\/es\/wp-json\/wp\/v2\/users\/1"}],"replies":[{"embeddable":true,"href":"https:\/\/luxaesthetika.com\/es\/wp-json\/wp\/v2\/comments?post=7205"}],"version-history":[{"count":1,"href":"https:\/\/luxaesthetika.com\/es\/wp-json\/wp\/v2\/pages\/7205\/revisions"}],"predecessor-version":[{"id":7206,"href":"https:\/\/luxaesthetika.com\/es\/wp-json\/wp\/v2\/pages\/7205\/revisions\/7206"}],"wp:attachment":[{"href":"https:\/\/luxaesthetika.com\/es\/wp-json\/wp\/v2\/media?parent=7205"}],"curies":[{"name":"wp","href":"https:\/\/api.w.org\/{rel}","templated":true}]}}