{"id":7194,"date":"2021-07-05T04:50:30","date_gmt":"2021-07-05T04:50:30","guid":{"rendered":"https:\/\/luxaesthetika.com\/?page_id=7194"},"modified":"2024-03-30T15:16:31","modified_gmt":"2024-03-30T15:16:31","slug":"tratamiento-de-la-pigmentacion-cutanea","status":"publish","type":"page","link":"https:\/\/luxaesthetika.com\/es\/tratamiento-de-la-pigmentacion-cutanea\/","title":{"rendered":"Tratamiento de la pigmentaci\u00f3n cut\u00e1nea"},"content":{"rendered":"\n<h2 class=\"wp-block-heading\">Tratamiento de la pigmentaci\u00f3n de la piel en Miami<\/h2>\n\n\n\n<p>Rejuvenecimiento de la piel<\/p>\n\n\n\n<p>El envejecimiento es la forma natural en que las c\u00e9lulas envejecen. Los cambios biol\u00f3gicos del envejecimiento se producen debido al deterioro progresivo de la funci\u00f3n celular & durabilidad de las c\u00e9lulas viables. Las t\u00e9cnicas cosm\u00e9ticas de rejuvenecimiento cut\u00e1neo pueden hacer que su aspecto sea m\u00e1s bello y mucho m\u00e1s joven que su edad real.<\/p>\n\n\n\n<h3 class=\"wp-block-heading\">\u00bfCu\u00e1les son las causas del envejecimiento?<\/h3>\n\n\n\n<ul class=\"wp-block-list\">\n<li>A continuaci\u00f3n se exponen las causas de las irregularidades de la piel.<\/li>\n\n\n\n<li>Trastornos gen\u00e9ticos<\/li>\n\n\n\n<li>Luz solar<\/li>\n\n\n\n<li>Edad<\/li>\n\n\n\n<li>Herencia<\/li>\n\n\n\n<li>Contaminaci\u00f3n y toxinas ambientales<\/li>\n\n\n\n<li>Estr\u00e9s<\/li>\n\n\n\n<li>Falta de ejercicio<\/li>\n\n\n\n<li>dieta poco saludable y deficiente en antioxidantes<\/li>\n\n\n\n<li>trastornos metab\u00f3licos<\/li>\n<\/ul>\n\n\n\n<h3 class=\"wp-block-heading\">Por lo general, se sufren los siguientes problemas de piel \u2013<\/h3>\n\n\n\n<ul class=\"wp-block-list\">\n<li>Rugosidad de la piel<\/li>\n\n\n\n<li>Arrugas<\/li>\n\n\n\n<li>flacidez<\/li>\n\n\n\n<li>Acn\u00e9<\/li>\n\n\n\n<li>Cicatrices<\/li>\n\n\n\n<li>Problemas de pigmentaci\u00f3n<\/li>\n\n\n\n<li>Pecas<\/li>\n\n\n\n<li>Manchas solares<\/li>\n<\/ul>\n\n\n\n<h2 class=\"wp-block-heading\">Soluciones naturales para la pigmentaci\u00f3n de la piel<\/h2>\n\n\n\n<p>La pigmentaci\u00f3n de la piel no es una afecci\u00f3n cut\u00e1nea que asuste la vida, pero la verg\u00fcenza y el constante cuestionamiento al que tiene que someterse el individuo afectado es mucho peor que una afecci\u00f3n que asuste la vida.<\/p>\n\n\n\n<p>Afortunadamente, los remedios caseros son una moneda de diez centavos por docena cuando se trata de la pigmentaci\u00f3n. Incluso una afecci\u00f3n activada por la herencia puede reducirse considerablemente mediante el uso de remedios naturales.<\/p>\n\n\n\n<p>1. El poder del tratamiento de la patata<\/p>\n\n\n\n<p>Las patatas no s\u00f3lo son una buena fuente de almid\u00f3n, sino que tambi\u00e9n pueden prevenir muchos problemas de pigmentaci\u00f3n de la piel, como el melasma, las ojeras, la hiperpigmentaci\u00f3n y la hipopigmentaci\u00f3n. Las patatas pueden aclarar la piel con una aplicaci\u00f3n constante.<\/p>\n\n\n\n<p>Para utilizar patatas para la pigmentaci\u00f3n, corta una patata mediana en dos y pon unas gotas de agua en la superficie.<\/p>\n\n\n\n<p><strong>2. <\/strong>Eliminar la pigmentaci\u00f3n de la piel con pepino<\/p>\n\n\n\n<p>Estos maravillosos agentes aclaradores de la piel sin duda pueden hacer maravillas. La fresca caricia del pepino no defrauda, siempre que se le d\u00e9 la suficiente importancia y se aplique todos los d\u00edas. Aplicar todos los d\u00edas por la ma\u00f1ana y por la noche y dejar actuar durante 20 minutos.<\/p>\n\n\n\n<p>El pepino se utiliza para las ojeras, que tambi\u00e9n son una forma de pigmentaci\u00f3n de la piel.<\/p>\n\n\n\n<p><strong>3. Papaya para eliminar la pigmentaci\u00f3n de la piel<\/strong><\/p>\n\n\n\n<p>Ralla la papaya y extrae su jugo. Apl\u00edcalo en la zona pigmentada y espera pacientemente, probablemente durante un mes, hasta que veas resultados asombrosos.<\/p>\n\n\n\n<p>La enzima papa\u00edna en la papaya se utiliza para la exfoliaci\u00f3n de la piel. La regeneraci\u00f3n de nuevas c\u00e9lulas de la piel cada vez que realice un tratamiento con papaya cruda eliminar\u00e1 las capas pigmentadas de la piel cada vez que realice una exfoliaci\u00f3n y ayudar\u00e1 a reducir y finalmente eliminar la marca pigmentada.<\/p>\n\n\n\n<p><strong>4. Almendra y leche para la pigmentaci\u00f3n de la piel<\/strong><\/p>\n\n\n\n<p>A veces, la sequedad de la piel tambi\u00e9n puede causar pigmentaci\u00f3n. Por ello, eliminar la sequedad de la piel es esencial para eliminar la pigmentaci\u00f3n. El aceite hidratante natural de la leche tambi\u00e9n puede combatir eficazmente la sequedad de la piel. La leche tambi\u00e9n es una especie de agente aclarante.<\/p>\n\n\n\n<p>Para utilizar leche y almendras, poner las almendras en remojo toda la noche. Retirar la piel y formar una pasta con crema de leche o leche. Aplicar sobre las zonas pigmentadas. Las almendras ayudan a desterrar la pigmentaci\u00f3n oscura de la piel.<\/p>\n\n\n\n<p><strong>5. Eliminaci\u00f3n De La Pigmentaci\u00f3n De La Piel Con Guayaba Y Pl\u00e1tano<\/strong><\/p>\n\n\n\n<p>El contenido en licopeno de la guayaba la ha convertido en un gran remedio casero para tratar el oscurecimiento de la piel debido a la exposici\u00f3n al sol y la pigmentaci\u00f3n oscura. El pl\u00e1tano exfolia la piel y aclara las zonas pigmentadas.<\/p>\n\n\n\n<p>Mezclar la pulpa de guayaba y pl\u00e1tano y aplicar sobre el rostro. Lavar despu\u00e9s de 15-20 minutos. Hacer esto todos los d\u00edas eliminar\u00e1 todo tipo de pigmentaci\u00f3n.<\/p>\n\n\n\n<p><strong>6. <\/strong>Tratamiento con vinagre para la pigmentaci\u00f3n de la piel<\/p>\n\n\n\n<p>El vinagre ayuda a aclarar la pigmentaci\u00f3n de la piel y tambi\u00e9n a aclararla y darle luminosidad. La aplicaci\u00f3n de vinagre ayuda a controlar la pigmentaci\u00f3n y a reducir su gravedad. Pero el vinagre es fuerte y \u00e1cido, por lo que puede da\u00f1ar la piel.<\/p>\n\n\n\n<p>As\u00ed que cuando utilice vinagre para tratar la pigmentaci\u00f3n de su piel, dil\u00fayalo con la misma cantidad de agua y l\u00e1vese la cara regularmente con esta agua. No lo aclare. El vinagre tiene buenas propiedades astringentes.<\/p>\n\n\n\n<p><strong>7. <\/strong>Aguacates para eliminar la pigmentaci\u00f3n de la piel<\/p>\n\n\n\n<p>Los aguacates son ricos en \u00e1cidos grasos, vitamina C y \u00e1cido oleico. Los aguacates son especialmente buenos para tratar la hiperpigmentaci\u00f3n.<\/p>\n\n\n\n<p>Tritura el aguacate hasta obtener una pasta y apl\u00edcala sobre la zona pigmentada. Tambi\u00e9n puedes cortarlo en rodajas y exprimir el zumo directamente sobre la piel. Sin embargo, si tienes alergia al l\u00e1tex, haz una prueba del parche antes de proceder con el aguacate.<\/p>\n\n\n\n<p><strong>8. <\/strong>Manteca de cacao para eliminar la pigmentaci\u00f3n de la piel<\/p>\n\n\n\n<p>La manteca de cacao puede ayudar a calmar y cicatrizar la piel gracias a sus propiedades antioxidantesAplique la manteca de cacao en las zonas de pigmentaci\u00f3n y masajee la piel en profundidad.<\/p>\n\n\n\n<p>La manteca de cacao nutre la piel y evita que la hiperpigmentaci\u00f3n empeore. Los masajes mejoran la circulaci\u00f3n sangu\u00ednea y previenen la sequedad cut\u00e1nea. Ambos factores son necesarios para reducir y prevenir la hiperpigmentaci\u00f3n.<\/p>\n\n\n\n<p><strong>9. Aceite de ricino y vitamina E para eliminar la pigmentaci\u00f3n de la piel<\/strong><\/p>\n\n\n\n<p>Mezclar aceite de ricino y vitamina E y aplicar sobre las zonas pigmentadas todos los d\u00edas dejar\u00e1 su piel suave y sedosa. La nutrici\u00f3n eliminar\u00e1 lentamente las zonas pigmentadas de la piel, dej\u00e1ndola suave y libre de formaciones de manchas e imperfecciones. La vitamina E ayuda a reavivar la piel de su gloria perdida y el aceite de ricino le da lo necesario.<\/p>\n\n\n\n<p><strong>10. <\/strong>Lim\u00f3n\u00a0Para eliminar la pigmentaci\u00f3n de la piel<\/p>\n\n\n\n<p>El lim\u00f3n contiene \u00e1cido c\u00edtrico que ayuda a blanquear la piel, por lo que es un popular tratamiento casero para la hiperpigmentaci\u00f3n. Este agente blanqueador natural puede desvanecer eficazmente las manchas oscuras de la piel.<\/p>\n\n\n\n<p>Extrae zumo de lim\u00f3n fresco y fr\u00f3talo sobre la piel con un algod\u00f3n. D\u00e9jelo actuar de 10 a 15 minutos y luego l\u00e1velo con agua. Siga este remedio dos veces al d\u00eda durante unos meses hasta que note mejor\u00eda.<\/p>\n\n\n\n<p>Tambi\u00e9n puede preparar una mascarilla facial con cantidades iguales de zumo de lim\u00f3n y miel cruda. Mezcla bien los ingredientes y apl\u00edcala sobre la piel afectada. Cubre la piel con una toalla caliente durante 15 minutos y luego acl\u00e1rala con agua tibia. Haga esto una vez a la semana durante unos meses.<\/p>\n\n\n\n<p><a href=\"Nota: Quienes tengan la piel sensible deben diluir el zumo de lim\u00f3n con un poco de agua antes de utilizarlo.\">Nota: Quienes tengan la piel sensible deben diluir el zumo de lim\u00f3n con un poco de agua antes de utilizarlo.<\/a><\/p>\n\n\n\n<p>Precauci\u00f3n: Por favor use Remedios Caseros despu\u00e9s de una Investigaci\u00f3n y Orientaci\u00f3n Adecuada. Usted acepta que est\u00e1 siguiendo cualquier consejo bajo su propio riesgo y se investigar\u00e1 adecuadamente o consultar a un profesional de la salud.<\/p>\n\n\n\n<h2 class=\"wp-block-heading\">Eliminaci\u00f3n de ojeras<\/h2>\n\n\n\n<p>Las ojeras son decoloraciones oscuras de la piel bajo el ojo. Com\u00fanmente conocidas como ojeras o sombras, se denominan cient\u00edficamente ojeras periorbitarias, hiperpigmentaci\u00f3n periorbitaria o melanosis periorbitaria. Las ojeras no son un problema grave de la piel, pero nos hacen parecer agotados, poco saludables o mayores de nuestra edad natural. Sin embargo, existen tratamientos de eliminaci\u00f3n ofrecidos por los profesionales de The Esthetic Clinic que pueden ayudar a cualquier persona con dicho problema.<\/p>\n\n\n\n<h3 class=\"wp-block-heading\"><br><br>\u00bfQu\u00e9 son las ojeras y cu\u00e1les son sus principales causas?Hay muchas causas detr\u00e1s de la formaci\u00f3n de c\u00edrculos oscuros tales-<\/h3>\n\n\n\n<ul class=\"wp-block-list\">\n<li>Herencia<\/li>\n\n\n\n<li>Envejecimiento<\/li>\n\n\n\n<li>Anemia<\/li>\n\n\n\n<li>Piel seca<\/li>\n\n\n\n<li>P\u00e9rdida dr\u00e1stica de peso<\/li>\n\n\n\n<li>Llanto prolongado<\/li>\n\n\n\n<li>Trabajar durante mucho tiempo delante del ordenador<\/li>\n\n\n\n<li>Falta de sue\u00f1o adecuado<\/li>\n\n\n\n<li>Dieta poco saludable<\/li>\n<\/ul>\n\n\n\n<p><br>Hombres y mujeres de todas las edades pueden tener ojeras.<\/p>\n","protected":false},"excerpt":{"rendered":"<p>Tratamiento de la pigmentaci\u00f3n de la piel en Miami Rejuvenecimiento de la piel El envejecimiento es la forma natural en que las c\u00e9lulas envejecen. Los cambios biol\u00f3gicos del envejecimiento se producen debido al deterioro progresivo de la funci\u00f3n celular &#038; durabilidad de las c\u00e9lulas viables. Las t\u00e9cnicas cosm\u00e9ticas de rejuvenecimiento cut\u00e1neo pueden hacer que su [&hellip;]<\/p>\n","protected":false},"author":1,"featured_media":0,"parent":0,"menu_order":0,"comment_status":"closed","ping_status":"closed","template":"","meta":{"_eb_attr":"","footnotes":""},"class_list":["post-7194","page","type-page","status-publish","hentry"],"_links":{"self":[{"href":"https:\/\/luxaesthetika.com\/es\/wp-json\/wp\/v2\/pages\/7194","targetHints":{"allow":["GET"]}}],"collection":[{"href":"https:\/\/luxaesthetika.com\/es\/wp-json\/wp\/v2\/pages"}],"about":[{"href":"https:\/\/luxaesthetika.com\/es\/wp-json\/wp\/v2\/types\/page"}],"author":[{"embeddable":true,"href":"https:\/\/luxaesthetika.com\/es\/wp-json\/wp\/v2\/users\/1"}],"replies":[{"embeddable":true,"href":"https:\/\/luxaesthetika.com\/es\/wp-json\/wp\/v2\/comments?post=7194"}],"version-history":[{"count":3,"href":"https:\/\/luxaesthetika.com\/es\/wp-json\/wp\/v2\/pages\/7194\/revisions"}],"predecessor-version":[{"id":7197,"href":"https:\/\/luxaesthetika.com\/es\/wp-json\/wp\/v2\/pages\/7194\/revisions\/7197"}],"wp:attachment":[{"href":"https:\/\/luxaesthetika.com\/es\/wp-json\/wp\/v2\/media?parent=7194"}],"curies":[{"name":"wp","href":"https:\/\/api.w.org\/{rel}","templated":true}]}}