{"id":7192,"date":"2021-07-09T04:27:48","date_gmt":"2021-07-09T04:27:48","guid":{"rendered":"https:\/\/luxaesthetika.com\/?page_id=7192"},"modified":"2024-03-30T15:07:31","modified_gmt":"2024-03-30T15:07:31","slug":"servicios-ofrecidos","status":"publish","type":"page","link":"https:\/\/luxaesthetika.com\/es\/servicios-ofrecidos\/","title":{"rendered":"Servicios ofrecidos"},"content":{"rendered":"\n<h2 class=\"wp-block-heading\">Servicios cosm\u00e9ticos AT<\/h2>\n\n\n\n<p>Ofrecemos los programas m\u00e1s completos en Nueva Jersey, incluyendo Liposucci\u00f3n, Liposucci\u00f3n L\u00e1ser, Liposucci\u00f3n Ultras\u00f3nica, Vaser\u00a0Liposucci\u00f3n, Power\u00a0Liposucci\u00f3n Asistida \u00a0Rejuvenecimiento facial con IPL (Luz Pulsada Intensa), depilaci\u00f3n l\u00e1ser, estiramiento de la piel, Botox\u00ae Cosmetic, Dysport\u00ae, rellenos d\u00e9rmicos como Restylane\u00ae, Juv\u00e9derm\u00ae, Perlane\u00ae y Radiesse\u00ae, as\u00ed como tratamientos para el acn\u00e9, cicatrices de acn\u00e9 y ros\u00e1cea. \u00a1Esperamos ser la \u00fanica fuente para todas sus necesidades!<\/p>\n\n\n\n<p><strong><strong>Tratamientos para el acn\u00e9<\/strong>\u00a0&#8211; Utilizando una variedad de l\u00e1seres avanzados y otras tecnolog\u00edas para tener el acn\u00e9 bajo control y mejorar su apariencia y confianza.<\/strong><\/p>\n\n\n\n<ol class=\"wp-block-list\">\n<li>Luz azul &#8211; Luz pulsada intensa<\/li>\n\n\n\n<li>Terapia fotodin\u00e1mica con Levulan (PDT con Levulan, ALA-PDT)<\/li>\n\n\n\n<li>Cuidado de la piel en casa<\/li>\n<\/ol>\n\n\n\n<p><strong><strong>Tratamientos de cicatrices de acn\u00e9<\/strong>\u00a0&#8211; Alise y rejuvenezca su piel con tecnolog\u00edas l\u00e1ser de \u00faltima generaci\u00f3n.<\/strong><\/p>\n\n\n\n<ol class=\"wp-block-list\">\n<li>Cuidado de la piel<\/li>\n\n\n\n<li>IPL Fotofacial<\/li>\n\n\n\n<li>hidrofacial<\/li>\n<\/ol>\n\n\n\n<p><strong><strong>Depilaci\u00f3n l\u00e1ser<\/strong>\u00a0&#8211; Tecnolog\u00eda l\u00e1ser de \u00faltima generaci\u00f3n para eliminar sin dolor el vello no deseado en todo tipo de pieles.<\/strong><\/p>\n\n\n\n<ol class=\"wp-block-list\">\n<li>Rejuvenecimiento facial total<\/li>\n\n\n\n<li>Eleva y tensa<\/li>\n\n\n\n<li>Rellena las cicatrices del acn\u00e9<\/li>\n\n\n\n<li>Aclara la piel da\u00f1ada por el sol<\/li>\n\n\n\n<li>Alisa las l\u00edneas de expresi\u00f3n y las arrugas<\/li>\n\n\n\n<li>Difumina la tez<\/li>\n\n\n\n<li>Estimula la producci\u00f3n de col\u00e1geno<\/li>\n<\/ol>\n\n\n\n<p><strong><strong>Tratamientos para la ros\u00e1cea<\/strong>\u00a0&#8211; Disminuya el enrojecimiento con el Fotofacial de Luz Pulsada Intensa (IPL).<\/strong><\/p>\n\n\n\n<p><strong><strong>Tensado de la piel<\/strong>\u00a0&#8211; Esta nueva tecnolog\u00eda utiliza energ\u00eda de infrarrojo cercano para tensar la piel del cuello y\/o cara que ha perdido su elasticidad debido al envejecimiento, la exposici\u00f3n al sol y la gen\u00e9tica. Estimula la producci\u00f3n de col\u00e1geno utilizando un L\u00e1ser infrarrojo Alma de estiramiento de la piel, o un L\u00e1ser de CO2 fraccionado.<\/strong><\/p>\n","protected":false},"excerpt":{"rendered":"<p>Servicios cosm\u00e9ticos AT Ofrecemos los programas m\u00e1s completos en Nueva Jersey, incluyendo Liposucci\u00f3n, Liposucci\u00f3n L\u00e1ser, Liposucci\u00f3n Ultras\u00f3nica, Vaser\u00a0Liposucci\u00f3n, Power\u00a0Liposucci\u00f3n Asistida \u00a0Rejuvenecimiento facial con IPL (Luz Pulsada Intensa), depilaci\u00f3n l\u00e1ser, estiramiento de la piel, Botox\u00ae Cosmetic, Dysport\u00ae, rellenos d\u00e9rmicos como Restylane\u00ae, Juv\u00e9derm\u00ae, Perlane\u00ae y Radiesse\u00ae, as\u00ed como tratamientos para el acn\u00e9, cicatrices de acn\u00e9 y ros\u00e1cea. [&hellip;]<\/p>\n","protected":false},"author":1,"featured_media":0,"parent":0,"menu_order":0,"comment_status":"closed","ping_status":"closed","template":"","meta":{"_eb_attr":"","footnotes":""},"class_list":["post-7192","page","type-page","status-publish","hentry"],"_links":{"self":[{"href":"https:\/\/luxaesthetika.com\/es\/wp-json\/wp\/v2\/pages\/7192","targetHints":{"allow":["GET"]}}],"collection":[{"href":"https:\/\/luxaesthetika.com\/es\/wp-json\/wp\/v2\/pages"}],"about":[{"href":"https:\/\/luxaesthetika.com\/es\/wp-json\/wp\/v2\/types\/page"}],"author":[{"embeddable":true,"href":"https:\/\/luxaesthetika.com\/es\/wp-json\/wp\/v2\/users\/1"}],"replies":[{"embeddable":true,"href":"https:\/\/luxaesthetika.com\/es\/wp-json\/wp\/v2\/comments?post=7192"}],"version-history":[{"count":1,"href":"https:\/\/luxaesthetika.com\/es\/wp-json\/wp\/v2\/pages\/7192\/revisions"}],"predecessor-version":[{"id":7193,"href":"https:\/\/luxaesthetika.com\/es\/wp-json\/wp\/v2\/pages\/7192\/revisions\/7193"}],"wp:attachment":[{"href":"https:\/\/luxaesthetika.com\/es\/wp-json\/wp\/v2\/media?parent=7192"}],"curies":[{"name":"wp","href":"https:\/\/api.w.org\/{rel}","templated":true}]}}