{"id":7188,"date":"2021-07-12T17:49:04","date_gmt":"2021-07-12T17:49:04","guid":{"rendered":"https:\/\/luxaesthetika.com\/?page_id=7188"},"modified":"2024-03-30T15:00:19","modified_gmt":"2024-03-30T15:00:19","slug":"lifting-corporal-sin-cirugia","status":"publish","type":"page","link":"https:\/\/luxaesthetika.com\/es\/lifting-corporal-sin-cirugia\/","title":{"rendered":"Lifting corporal sin cirug\u00eda"},"content":{"rendered":"\n<h2 class=\"wp-block-heading\"><br>Estiramiento corporal en Miami<\/h2>\n\n\n\n<p>El estiramiento corporal es un procedimiento que modifica la forma de distintas regiones del cuerpo. Suele realizarse tras una p\u00e9rdida de peso considerable y se refiere a una secuencia de procedimientos que pueden eliminar o reducir la grasa y la piel sobrantes que quedan despu\u00e9s de que personas anteriormente obesas hayan perdido una cantidad considerable de peso, en diversas zonas del cuerpo, como la parte superior de los brazos, el torso, los muslos y el pecho. Hace que una persona vuelva atr\u00e1s en el tiempo y recupere la piel nueva y juvenil de un alegre adolescente.<\/p>\n\n\n\n<h3 class=\"wp-block-heading\">\u00bfPor qu\u00e9 preferir un lifting corporal no quir\u00fargico?<\/h3>\n\n\n\n<p>El estiramiento corporal no quir\u00fargico es un campo en r\u00e1pido crecimiento. Las t\u00e9cnicas m\u00e1s comunes utilizadas para este tratamiento en Raas Aesthetics incluyen la criolip\u00f3lisis, la terapia l\u00e1ser de bajo nivel, la energ\u00eda de radiofrecuencia, los ultrasonidos focalizados de alta frecuencia y el masaje de succi\u00f3n. En la actualidad, los cirujanos son capaces de utilizar la tecnolog\u00eda no invasiva para lograr una disminuci\u00f3n en el tama\u00f1o de \u00e1reas espec\u00edficas del cuerpo, el aumento de tono en la piel laxa o superflua y una reducci\u00f3n de la apariencia de la celulitis.<\/p>\n\n\n\n<p>El m\u00e9todo de estiramiento corporal de Raas Aesthetics estimula la fabricaci\u00f3n de col\u00e1geno fresco y mejora la textura de la superficie de la piel. Estos tratamientos pueden realizarse para tratar la piel arrugada y fl\u00e1cida de cualquier parte del cuerpo. El procedimiento se utiliza a menudo para tonificar la piel suelta, delgada y crepe-como se encuentra con frecuencia en el abdomen, los muslos, el cuello, los brazos y la cara, que se encuentra generalmente despu\u00e9s de la cirug\u00eda, despu\u00e9s de perder peso, o despu\u00e9s del parto. Algunos de los beneficios de este tipo de tratamiento de estiramiento corporal incluyen:<\/p>\n\n\n\n<ul class=\"wp-block-list\">\n<li>Trata regiones corporales m\u00e1s peque\u00f1as con un tratamiento corporal tridimensional que ofrece un calentamiento d\u00e9rmico profundo y volum\u00e9trico.<\/li>\n\n\n\n<li>El tratamiento consigue una piel m\u00e1s lisa y una curva m\u00e1s atractiva gracias a la estimulaci\u00f3n del col\u00e1geno.<\/li>\n\n\n\n<li>Este procedimiento utiliza tecnolog\u00eda de radiofrecuencia cl\u00ednicamente probada, por lo que no produce efectos secundarios.<\/li>\n\n\n\n<li>Puede disfrutar de un procedimiento no invasivo sin dolor ni tiempo de inactividad.<\/li>\n\n\n\n<li>Ofrece mejores efectos en regiones corporales m\u00e1s peque\u00f1as, como el cuello, el pecho, la mand\u00edbula inferior, las rodillas y la parte superior de los brazos.<\/li>\n<\/ul>\n\n\n\n<p>La demanda de los pacientes de un estiramiento corporal no invasivo, no quir\u00fargico y sin tiempo de inactividad se ha desarrollado considerablemente en la \u00faltima d\u00e9cada debido a la introducci\u00f3n de nuevos tratamientos y tecnolog\u00edas.<\/p>\n\n\n\n<h3 class=\"wp-block-heading\">Opciones de tratamiento no quir\u00fargico para el estiramiento corporal<\/h3>\n\n\n\n<p>luxaesthetika ofrece a sus clientes tres opciones comunes para el estiramiento corporal no quir\u00fargico. Despu\u00e9s de evaluar la calidad de la piel del paciente, y la zona del cuerpo a tratar, el cirujano pl\u00e1stico decidir\u00e1 la opci\u00f3n que mejor se adapte a la situaci\u00f3n particular del paciente y sugerir\u00e1 un enfoque, derivado de los objetivos est\u00e9ticos del paciente. Estas opciones de tratamiento incluyen:<\/p>\n\n\n\n<h3 class=\"wp-block-heading\">Tensado y lifting cut\u00e1neo por radiofrecuencia<\/h3>\n\n\n\n<p><strong><a href=\"Radiofrecuencia: Este tratamiento calentar\u00e1 \u00fanicamente la capa profunda de la piel del paciente, sin da\u00f1ar la epidermis ni la capa externa de la piel. La respuesta natural de cicatrizaci\u00f3n del cuerpo del paciente har\u00e1 que el col\u00e1geno se transforme en la piel, lo que provoca el estiramiento corporal. Normalmente, se realiza una secuencia de tratamientos.\">Radiofrecuencia: Este tratamiento calentar\u00e1 \u00fanicamente la capa profunda de la piel del paciente, sin da\u00f1ar la epidermis ni la capa externa de la piel. La respuesta natural de cicatrizaci\u00f3n del cuerpo del paciente har\u00e1 que el col\u00e1geno se transforme en la piel, lo que provoca el estiramiento corporal. Normalmente, se realiza una secuencia de tratamientos.<\/a><\/strong><\/p>\n\n\n\n<h3 class=\"wp-block-heading\">Ecograf\u00eda<\/h3>\n\n\n\n<p><strong>Ultrasonidos: Estos tratamientos de reafirmaci\u00f3n corporal se centran en hacer pasar potencia ultras\u00f3nica a la capa d\u00e9rmica o profunda de la piel del paciente. La piel sobre el punto de enfoque y el tejido debajo del punto de enfoque se a\u00edslan. Se inspira el aumento de nuevo col\u00e1geno, que lentamente levanta y tensa la piel. Al igual que los tratamientos con luz pulsada intensa y radiofrecuencia, pueden ser necesarios varios tratamientos.<\/strong><\/p>\n\n\n\n<h3 class=\"wp-block-heading\">Luz pulsada intensa<\/h3>\n\n\n\n<p><strong><strong>Luz pulsada intensa<\/strong>: En este tratamiento, se defender\u00e1 la cobertura ocular para tratar algunas zonas, como la cara. Se emplea una pieza de mano para manejar un enfriamiento continuo cuando una luz infrarroja calienta la dermis profunda o la capa profunda de la piel del paciente. Este tratamiento puede realizarse con una o varias pasadas.<\/strong><\/p>\n\n\n\n<h4 class=\"wp-block-heading\">Conclusi\u00f3n<\/h4>\n\n\n\n<p>En los \u00faltimos a\u00f1os, los procedimientos no quir\u00fargicos de estiramiento corporal han resultado ser muy populares, ya que ofrecen un sustituto seguro a los m\u00e9todos m\u00e1s invasivos para corregir la flacidez cut\u00e1nea y mejorar la calidad de la piel del cuerpo. Hoy en d\u00eda, la mayor\u00eda de los cirujanos pl\u00e1sticos eligen entre muchas herramientas y tecnolog\u00edas diferentes que ofrecen soluciones no invasivas de estiramiento corporal.<\/p>\n","protected":false},"excerpt":{"rendered":"<p>Estiramiento corporal en Miami El estiramiento corporal es un procedimiento que modifica la forma de distintas regiones del cuerpo. Suele realizarse tras una p\u00e9rdida de peso considerable y se refiere a una secuencia de procedimientos que pueden eliminar o reducir la grasa y la piel sobrantes que quedan despu\u00e9s de que personas anteriormente obesas hayan [&hellip;]<\/p>\n","protected":false},"author":1,"featured_media":6584,"parent":0,"menu_order":0,"comment_status":"closed","ping_status":"closed","template":"","meta":{"_eb_attr":"","footnotes":""},"class_list":["post-7188","page","type-page","status-publish","has-post-thumbnail","hentry"],"_links":{"self":[{"href":"https:\/\/luxaesthetika.com\/es\/wp-json\/wp\/v2\/pages\/7188","targetHints":{"allow":["GET"]}}],"collection":[{"href":"https:\/\/luxaesthetika.com\/es\/wp-json\/wp\/v2\/pages"}],"about":[{"href":"https:\/\/luxaesthetika.com\/es\/wp-json\/wp\/v2\/types\/page"}],"author":[{"embeddable":true,"href":"https:\/\/luxaesthetika.com\/es\/wp-json\/wp\/v2\/users\/1"}],"replies":[{"embeddable":true,"href":"https:\/\/luxaesthetika.com\/es\/wp-json\/wp\/v2\/comments?post=7188"}],"version-history":[{"count":1,"href":"https:\/\/luxaesthetika.com\/es\/wp-json\/wp\/v2\/pages\/7188\/revisions"}],"predecessor-version":[{"id":7189,"href":"https:\/\/luxaesthetika.com\/es\/wp-json\/wp\/v2\/pages\/7188\/revisions\/7189"}],"wp:featuredmedia":[{"embeddable":true,"href":"https:\/\/luxaesthetika.com\/es\/wp-json\/wp\/v2\/media\/6584"}],"wp:attachment":[{"href":"https:\/\/luxaesthetika.com\/es\/wp-json\/wp\/v2\/media?parent=7188"}],"curies":[{"name":"wp","href":"https:\/\/api.w.org\/{rel}","templated":true}]}}