{"id":7181,"date":"2021-07-14T02:34:49","date_gmt":"2021-07-14T02:34:49","guid":{"rendered":"https:\/\/luxaesthetika.com\/?page_id=7181"},"modified":"2024-03-30T14:44:09","modified_gmt":"2024-03-30T14:44:09","slug":"tratamiento-con-microcorriente","status":"publish","type":"page","link":"https:\/\/luxaesthetika.com\/es\/tratamiento-con-microcorriente\/","title":{"rendered":"Tratamiento con microcorriente"},"content":{"rendered":"\n<h2 class=\"wp-block-heading\">Qu\u00e9 es el tratamiento con microcorriente<\/h2>\n\n\n\n<p>La terapia de microcorriente es un m\u00e9todo de fisioterapia basado en el impacto sobre los tejidos del organismo de impulsos de corriente de frecuencia y amplitud ultrabajas. Las microcorrientes tienen un efecto muy beneficioso sobre la piel: estimulan la s\u00edntesis de fibras de elastina y col\u00e1geno, aceleran los procesos de recuperaci\u00f3n, cicatrizan la piel. tiene un pronunciado efecto de drenaje linf\u00e1tico, elimina el estancamiento de l\u00edquidos, las toxinas se eliminan del espacio intercelular. Debido a esto, la terapia de microcorriente de la cara se considera un m\u00e9todo muy eficaz para combatir la hinchaz\u00f3n, \u00abbolsas\u00bb debajo de los ojos, \u00abhinchada\u00bb \u00f3valo de la cara, la segunda barbilla.<\/p>\n\n\n\n<p>Las microcorrientes normalizan la circulaci\u00f3n sangu\u00ednea, estimulan la saturaci\u00f3n de ox\u00edgeno de los tejidos y, lo que es m\u00e1s importante, restauran el tono muscular, lo que permite recuperar el contorno del rostro.<\/p>\n\n\n\n<p>Una propiedad importante de las microcorrientes es la capacidad de mejorar la penetraci\u00f3n de los componentes activos y las sustancias \u00fatiles de las cremas y los sueros en la piel, gracias a las microcorrientes pueden llegar exactamente como se pretende, a las capas profundas de la piel, por lo que las microcorrientes se combinan perfectamente en procedimientos complejos. por esta raz\u00f3n, las vitaminas, los oligoelementos, los minerales, los amino\u00e1cidos de los preparados profesionales penetran a\u00fan mejor en la piel y dan un resultado a\u00fan m\u00e1s pronunciado.<br>\u00a1Lo importante! \u2013 el procedimiento es indoloro. un procedimiento agradable, c\u00f3modo es muy eficaz. Curso de terapia de microcorriente, comparable en resultados con mesoterapia..Una propiedad importante de las microcorrientes es la capacidad de mejorar la penetraci\u00f3n de los componentes activos y las sustancias \u00fatiles de las cremas y los sueros en la piel, gracias a las microcorrientes pueden llegar exactamente como se pretende, a las capas profundas de la piel, por lo que las microcorrientes se combinan perfectamente en procedimientos complejos. por esta raz\u00f3n, las vitaminas, los oligoelementos, los minerales, los amino\u00e1cidos de los preparados profesionales penetran a\u00fan mejor en la piel y dan un resultado a\u00fan m\u00e1s pronunciado.<br>\u00a1Lo importante! \u2013 el procedimiento es indoloro. un procedimiento agradable, c\u00f3modo es muy eficaz. Curso de terapia de microcorriente, comparable en resultados con mesoterapia..<\/p>\n\n\n\n<h3 class=\"wp-block-heading\">El m\u00e9todo de la terapia microcorriente le permitir\u00e1 obtener excelentes resultados:<\/h3>\n\n\n\n<ul class=\"wp-block-list\">\n<li>corregir el \u00f3valo del rostro, devolverle contornos n\u00edtidos, lifting facial;<\/li>\n\n\n\n<li><a href=\"Microcorrientes: lifting de hardware\">Microcorrientes: lifting de hardware<\/a><\/li>\n\n\n\n<li>eliminar la flacidez y reafirmar notablemente la piel<\/li>\n\n\n\n<li>deshacerse de las \u00abbolsas\u00bb y ojeras;<\/li>\n\n\n\n<li>eliminar las arrugas o prevenir su aparici\u00f3n prematura;<\/li>\n\n\n\n<li>reducir la gravedad de la pigmentaci\u00f3n o eliminarla por completo;<\/li>\n\n\n\n<li>eliminar el exceso de grasa de la piel gracias a la normalizaci\u00f3n de las gl\u00e1ndulas seb\u00e1ceas;<\/li>\n\n\n\n<li>Saturar la piel de nutrientes, hidratar la piel seca;<\/li>\n<\/ul>\n\n\n\n<p>Contraindicaciones de la terapia microcorriente<\/p>\n\n\n\n<ul class=\"wp-block-list\">\n<li>epilepsia;<\/li>\n\n\n\n<li>embarazo;<\/li>\n\n\n\n<li>cardiopat\u00edas, infartos;<\/li>\n\n\n\n<li>golpes;<\/li>\n\n\n\n<li>implantado\u00bb conductor del ritmo \u00bb del coraz\u00f3n;<\/li>\n\n\n\n<li>mala salud.<\/li>\n<\/ul>\n\n\n\n<h3 class=\"wp-block-heading\">Microcorriente costo en Miami<\/h3>\n\n\n\n<p><\/p>\n","protected":false},"excerpt":{"rendered":"<p>Qu\u00e9 es el tratamiento con microcorriente La terapia de microcorriente es un m\u00e9todo de fisioterapia basado en el impacto sobre los tejidos del organismo de impulsos de corriente de frecuencia y amplitud ultrabajas. Las microcorrientes tienen un efecto muy beneficioso sobre la piel: estimulan la s\u00edntesis de fibras de elastina y col\u00e1geno, aceleran los procesos [&hellip;]<\/p>\n","protected":false},"author":1,"featured_media":0,"parent":0,"menu_order":0,"comment_status":"closed","ping_status":"closed","template":"","meta":{"_eb_attr":"","footnotes":""},"class_list":["post-7181","page","type-page","status-publish","hentry"],"_links":{"self":[{"href":"https:\/\/luxaesthetika.com\/es\/wp-json\/wp\/v2\/pages\/7181","targetHints":{"allow":["GET"]}}],"collection":[{"href":"https:\/\/luxaesthetika.com\/es\/wp-json\/wp\/v2\/pages"}],"about":[{"href":"https:\/\/luxaesthetika.com\/es\/wp-json\/wp\/v2\/types\/page"}],"author":[{"embeddable":true,"href":"https:\/\/luxaesthetika.com\/es\/wp-json\/wp\/v2\/users\/1"}],"replies":[{"embeddable":true,"href":"https:\/\/luxaesthetika.com\/es\/wp-json\/wp\/v2\/comments?post=7181"}],"version-history":[{"count":1,"href":"https:\/\/luxaesthetika.com\/es\/wp-json\/wp\/v2\/pages\/7181\/revisions"}],"predecessor-version":[{"id":7182,"href":"https:\/\/luxaesthetika.com\/es\/wp-json\/wp\/v2\/pages\/7181\/revisions\/7182"}],"wp:attachment":[{"href":"https:\/\/luxaesthetika.com\/es\/wp-json\/wp\/v2\/media?parent=7181"}],"curies":[{"name":"wp","href":"https:\/\/api.w.org\/{rel}","templated":true}]}}