{"id":7178,"date":"2018-01-21T05:29:16","date_gmt":"2018-01-21T05:29:16","guid":{"rendered":"https:\/\/luxaesthetika.com\/?page_id=7178"},"modified":"2024-03-30T14:41:23","modified_gmt":"2024-03-30T14:41:23","slug":"microblading-101","status":"publish","type":"page","link":"https:\/\/luxaesthetika.com\/es\/microblading-101\/","title":{"rendered":"Microblading 101"},"content":{"rendered":"\n<h2 class=\"wp-block-heading\">Microblading de cejas es un procedimiento de 2 sesiones en Miami FL<\/h2>\n\n\n\n<figure class=\"wp-block-image size-large\"><img fetchpriority=\"high\" decoding=\"async\" width=\"1024\" height=\"998\" src=\"https:\/\/luxaesthetika.com\/wp-content\/uploads\/2021\/04\/microblading-101-1024x998.jpg\" alt=\"\" class=\"wp-image-134\"  style=\"display:none\" srcset=\"https:\/\/luxaesthetika.com\/wp-content\/uploads\/2021\/04\/microblading-101.jpg 1024w, https:\/\/luxaesthetika.com\/wp-content\/uploads\/2021\/04\/microblading-101-300x292.jpg 300w, https:\/\/luxaesthetika.com\/wp-content\/uploads\/2021\/04\/microblading-101-768x749.jpg 768w\" sizes=\"(max-width: 1024px) 100vw, 1024px\" \/><\/figure>\n\n\n<p>Microblading de cejas es un procedimiento de 2 sesiones en el que el pigmento se implanta en la epidermis (la primera capa de la piel) utilizando agujas muy finas que se construye en una \u00abhoja\u00bb. La primera sesi\u00f3n consiste en dar forma y arreglar las cejas, seguido de 45 minutos a 1 hora de adormecimiento, y luego el procedimiento de microblading real. El procedimiento completo dura alrededor de 3,5 horas, esto incluye todo el papeleo necesario.<\/p>\n<p>La 2\u00aa sesi\u00f3n debe programarse despu\u00e9s de 5 a 8 semanas y se reservar\u00e1 antes de que abandone nuestro spa. Se espera la p\u00e9rdida de trazos de pelo y la decoloraci\u00f3n y esto es cuando vamos a hacer cualquier retoque o correcciones que se requiere. Cuando regrese para su segunda sesi\u00f3n, esta es la luz que brilla sobre usted, el cliente, y el artista, ya que es cuando vamos a ver c\u00f3mo su piel tom\u00f3 el pigmento. <em>\u00bfSe desvaneci\u00f3 mucho? \u00bfSe cur\u00f3 borroso? \u00bfSe alter\u00f3 el color?<\/em>Estas son las informaciones cruciales que necesitamos saber, pero que s\u00f3lo podremos responder cuando vengas a tu segunda sesi\u00f3n. As\u00ed que la paciencia tambi\u00e9n es muy importante. Despu\u00e9s de todo, somos especialistas en Microblading, no adivinos. No hay una manera 100% segura de saber c\u00f3mo se adaptar\u00e1 la piel al pigmento sin la segunda sesi\u00f3n. Esta cita tambi\u00e9n puede durar de 2 a 3 horas, dependiendo de la cantidad de decoloraci\u00f3n que se haya producido durante el proceso de curaci\u00f3n. Algunas personas necesitan un trabajo m\u00ednimo en su retoque, y otros necesitan un nuevo retoque, por desgracia.<\/p>\n<p>Si necesitas m\u00e1s informaci\u00f3n sobre Microblading, haz clic <strong>aqu\u00ed<\/strong>.<\/p>\n<p>La t\u00e9cnica Hair Stroke es la m\u00e1s adecuada para mujeres y hombres que est\u00e1n acostumbrados a verse en su estado m\u00e1s natural, es decir, mujeres que llevan poco o nada de maquillaje y mujeres que prefieren un aspecto desenfadado. Pero tenga en cuenta que no todo el mundo es candidato a esta t\u00e9cnica. Si tiene la piel grasa, los trazos implantados se difuminar\u00e1n y se fundir\u00e1n entre s\u00ed, dando un aspecto empolvado. Las pieles normales a secas se beneficiar\u00e1n sin duda del microblading, ya que este tipo de piel tiende a \u00abquedarse quieta\u00bb con muy poca grasa natural que altere el pigmento. La piel seca tambi\u00e9n tiene una tasa de regeneraci\u00f3n m\u00e1s lenta, lo que permite que el pigmento permanezca en la piel mucho m\u00e1s tiempo que en una piel grasa;<\/p>\n<p>El microblading (tambi\u00e9n conocido como sombreado manual o relleno con polvos) es popular entre las mujeres que prefieren unas cejas m\u00e1s marcadas. Unas cejas que parecen maquilladas todo el tiempo, todo lo contrario que el Microblading, que tiene un aspecto muy natural en comparaci\u00f3n con la t\u00e9cnica de relleno con polvos. Si est\u00e1s acostumbrada a verte con las cejas marcadas, el Microblading por s\u00ed solo puede parecerte demasiado natural. Aqu\u00ed en Lux, le pedimos que venga a su consulta\/cita con las cejas ya hechas como las hace a diario, para que nos d\u00e9 una idea de cu\u00e1l es su nivel de comodidad en t\u00e9rminos de audacia. Si tu piel es m\u00e1s grasa, la t\u00e9cnica de relleno con polvos es tu mejor aliada. Esta t\u00e9cnica se cura de maravilla en las pieles grasas, d\u00e1ndoles ese suave aspecto empolvado propio del maquillaje. Pero ten en cuenta que si tienes la piel grasa, puede que tengas que acudir m\u00e1s a menudo para retocarte, ya que este tipo de piel expulsa el pigmento implantado m\u00e1s r\u00e1pido que la piel seca.<\/p>\n<p>Obtenga lo mejor de ambos mundos con esta t\u00e9cnica mixta, nuestro estilo caracter\u00edstico y las cejas m\u00e1s populares entre nuestros clientes. \u00a1Si te gusta el aspecto de los trazos de pelo natural, pero todav\u00eda le gustar\u00eda a\u00f1adir ese toque sutil de sombreado, Microblading + Sombreado le dar\u00e1 s\u00f3lo eso!<\/p>\n\n\n<p><\/p>\n","protected":false},"excerpt":{"rendered":"<p>Microblading de cejas es un procedimiento de 2 sesiones en Miami FL Microblading de cejas es un procedimiento de 2 sesiones en el que el pigmento se implanta en la epidermis (la primera capa de la piel) utilizando agujas muy finas que se construye en una \u00abhoja\u00bb. La primera sesi\u00f3n consiste en dar forma y [&hellip;]<\/p>\n","protected":false},"author":1,"featured_media":7180,"parent":0,"menu_order":0,"comment_status":"closed","ping_status":"open","template":"","meta":{"_eb_attr":"","footnotes":""},"class_list":["post-7178","page","type-page","status-publish","has-post-thumbnail","hentry"],"_links":{"self":[{"href":"https:\/\/luxaesthetika.com\/es\/wp-json\/wp\/v2\/pages\/7178","targetHints":{"allow":["GET"]}}],"collection":[{"href":"https:\/\/luxaesthetika.com\/es\/wp-json\/wp\/v2\/pages"}],"about":[{"href":"https:\/\/luxaesthetika.com\/es\/wp-json\/wp\/v2\/types\/page"}],"author":[{"embeddable":true,"href":"https:\/\/luxaesthetika.com\/es\/wp-json\/wp\/v2\/users\/1"}],"replies":[{"embeddable":true,"href":"https:\/\/luxaesthetika.com\/es\/wp-json\/wp\/v2\/comments?post=7178"}],"version-history":[{"count":1,"href":"https:\/\/luxaesthetika.com\/es\/wp-json\/wp\/v2\/pages\/7178\/revisions"}],"predecessor-version":[{"id":7179,"href":"https:\/\/luxaesthetika.com\/es\/wp-json\/wp\/v2\/pages\/7178\/revisions\/7179"}],"wp:featuredmedia":[{"embeddable":true,"href":"https:\/\/luxaesthetika.com\/es\/wp-json\/wp\/v2\/media\/7180"}],"wp:attachment":[{"href":"https:\/\/luxaesthetika.com\/es\/wp-json\/wp\/v2\/media?parent=7178"}],"curies":[{"name":"wp","href":"https:\/\/api.w.org\/{rel}","templated":true}]}}