{"id":7176,"date":"2021-07-03T16:18:24","date_gmt":"2021-07-03T16:18:24","guid":{"rendered":"https:\/\/luxaesthetika.com\/?page_id=7176"},"modified":"2024-03-30T14:40:21","modified_gmt":"2024-03-30T14:40:21","slug":"microblading","status":"publish","type":"page","link":"https:\/\/luxaesthetika.com\/es\/microblading\/","title":{"rendered":"Microblading"},"content":{"rendered":"\n<h2 class=\"wp-block-heading\">Microblading <strong>Cejas<\/strong> en Miami<\/h2>\n\n\n\n<p>\u00bfSab\u00eda usted que los artistas del microblading de cejas son los profesionales mejor pagados en la industria de la est\u00e9tica? No hay duda de que el microblading est\u00e1 creciendo r\u00e1pidamente en popularidad y la demanda de este servicio s\u00f3lo va a crecer a\u00fan m\u00e1s en los pr\u00f3ximos a\u00f1os. En Winnipeg, un artista cualificado con m\u00e1s de dos a\u00f1os de experiencia puede ganar entre 300 y 800 d\u00f3lares por cliente. Y un artista aprendiz gana entre 100 y 300 d\u00f3lares por cliente en sus primeros seis meses en el sector del microblading.<\/p>\n\n\n\n<h2 class=\"wp-block-heading\">Cejas tatuadas<\/h2>\n\n\n\n<p>Los artistas tienen la opci\u00f3n de aventurarse en el sector por su cuenta, montar su propio negocio y trabajar desde casa o alquilar un estudio para trabajar. Tambi\u00e9n pueden trabajar para un spa m\u00e9dico, un spa de d\u00eda o un sal\u00f3n de belleza: \u00a1las opciones son variadas y hermosas!<\/p>\n\n\n\n<p>LUX AesthetiKa ofrece formaci\u00f3n privada para las personas que deseen seguir una carrera en Microblading de cejas. Nuestra estructura de clase preferida es uno-a-uno, aunque tambi\u00e9n ense\u00f1amos a dos estudiantes a la vez y tambi\u00e9n podemos organizar sesiones de formaci\u00f3n en grupo para salones o spas que deseen que su personal sea entrenado.<\/p>\n\n\n\n<h2 class=\"wp-block-heading\">Cejas Ombre en Polvo<\/h2>\n\n\n\n<p>Queremos mantener nuestras sesiones privadas de Ombre Powder Brows a un m\u00e1ximo de dos estudiantes, ya que creemos firmemente que dar nuestro enfoque a nuestros estudiantes de esta manera es la \u00fanica manera que les permitir\u00e1 salir a la industria del microblading con confianza y las habilidades que realmente los diferenciar\u00e1n del resto.<\/p>\n\n\n\n<h2 class=\"wp-block-heading\">\u00bfQu\u00e9 diferencia al microblading LUX de las <strong>cejas en polvo<\/strong>?<\/h2>\n\n\n\n<p>\u00c9stos son los problemas m\u00e1s comunes con las otras clases de formaci\u00f3n que hay ahora mismo:<\/p>\n\n\n\n<ul class=\"wp-block-list\">\n<li>A los alumnos s\u00f3lo se les ense\u00f1an las nociones b\u00e1sicas (ni siquiera te ense\u00f1an a hacer correctamente los trazos del pelo o los patrones de las cejas).<\/li>\n\n\n\n<li>Tu Educador se guardar\u00e1 ciertas t\u00e9cnicas por miedo a que acabes siendo mejor que ellos y les quites clientela <strong>cejas de p\u00f3lvora<\/strong>.<\/li>\n\n\n\n<li>La proporci\u00f3n profesor\/alumno no es adecuada &#8211;\u00a0las clases suelen tener un m\u00e1ximo de 6 alumnos (o m\u00e1s) con un educador<\/li>\n\n\n\n<li>Las clases no son lo suficientemente largas (normalmente 2-3 d\u00edas, 4 horas de duraci\u00f3n)<\/li>\n\n\n\n<li>No hay seguimiento &#8211; una vez que haya completado el curso, no hay tal cosa como ponerse en contacto con su educador para la asistencia futura en las preguntas que usted podr\u00eda tener microblading<strong>\u00a0cejas<\/strong> (que usted tendr\u00e1 un mont\u00f3n,\u00a0conf\u00eda en nosotros en este caso).<\/li>\n\n\n\n<li>Su kit no incluye todo lo que le permitir\u00e1 empezar a trabajar con microblading de forma eficaz<\/li>\n\n\n\n<li>Tu educador te hace usar tu propio kit durante la clase &#8211; \u00bfPor qu\u00e9 es malo? Debido a la contaminaci\u00f3n y al hecho de que para cuando termines tu formaci\u00f3n, habr\u00e1s utilizado m\u00e1s de la mitad de tu kit y entonces tendr\u00e1s que comprar m\u00e1s.\u00a0\u00a1Para nosotros, tu kit es tu kit! Todo lo que necesite durante el entrenamiento se lo proporcionaremos exclusivamente nosotros. As\u00ed de sencillo.<\/li>\n<\/ul>\n\n\n\n<h2 class=\"wp-block-heading\"><strong>Cejas permanentes<\/strong><\/h2>\n\n\n\n<p>En LUX AesthetiKa puede estar seguro de que se le ense\u00f1ar\u00e1 todo a fondo, desde la teor\u00eda del color hasta la presi\u00f3n de las manos y la colocaci\u00f3n correcta de las pinceladas. Hemos aprendido y creado nuestras propias t\u00e9cnicas y siempre estamos encantados de compartirlas con nuestros estudiantes. Al igual que somos con nuestros clientes, queremos ser lo m\u00e1s transparentes posible con nuestros alumnos. Cuando decimos que queremos verte tener \u00e9xito, lo decimos en serio;<\/p>\n\n\n\n<h2 class=\"wp-block-heading\">Microblading<strong>\u00a0para hombres<\/strong><\/h2>\n\n\n\n<p>Nuestras sesiones de formaci\u00f3n duran 5 d\u00edas, 5 horas cada d\u00eda. Adaptamos nuestras sesiones de formaci\u00f3n a su propio estilo de aprendizaje. Seamos realistas, no todo el mundo aprende de la misma manera microblading <strong>\u00a0para hombres<\/strong> Algunos lo aprender\u00e1n r\u00e1pidamente y otros necesitan m\u00e1s tiempo. As\u00ed son las cosas y lo entendemos. \u00bfY lo mejor de todo? Nuestros d\u00edas de entrenamiento no tienen por qu\u00e9 ser consecutivos. As\u00ed que si s\u00f3lo puedes hacer una clase a la semana, \u00a1podemos arreglarlo! Somos flexibles con el horario ya que tambi\u00e9n entendemos que lo m\u00e1s probable es que tengas un trabajo y una vida como cualquier otra persona.<\/p>\n\n\n\n<h2 class=\"wp-block-heading\"><strong>Cejas tatuadas de forma permanente<\/strong><\/h2>\n\n\n\n<p>Recibir\u00e1 un kit completo. Y por \u00abcompleto\u00bb, \u00a1queremos decir COMPLETO! Todo est\u00e1 ah\u00ed, desde los guantes hasta el peque\u00f1o mezclador de pigmentos. S\u00f3lo queremos que te diviertas y que no tengas que preocuparte por los art\u00edculos que te faltan. \u00a1Una vez que haya completado la formaci\u00f3n, tendr\u00e1 acceso a descuentos para estudiantes en nuestra tienda en l\u00ednea para todos sus suministros microblading! Nada de cremas anest\u00e9sicas de 50$, \u00a1lo prometemos! \u00a1Siempre nos aseguraremos de que nuestros estudiantes tengan el mejor y razonable precio!<\/p>\n\n\n\n<h2 class=\"wp-block-heading\">\u00bfEst\u00e1 buscando microblading cerca de m\u00ed?<\/h2>\n\n\n\n<p>\u00bfEst\u00e1 lista para iniciar su propio negocio como especialista en microblading? \u00bfO le gustar\u00eda a\u00f1adir el Microblading de Cejas a su lista de servicios de belleza? \u00a1Ll\u00e1menos o env\u00edenos un correo electr\u00f3nico para m\u00e1s detalles!<\/p>\n","protected":false},"excerpt":{"rendered":"<p>Microblading Cejas en Miami \u00bfSab\u00eda usted que los artistas del microblading de cejas son los profesionales mejor pagados en la industria de la est\u00e9tica? No hay duda de que el microblading est\u00e1 creciendo r\u00e1pidamente en popularidad y la demanda de este servicio s\u00f3lo va a crecer a\u00fan m\u00e1s en los pr\u00f3ximos a\u00f1os. En Winnipeg, un [&hellip;]<\/p>\n","protected":false},"author":1,"featured_media":0,"parent":0,"menu_order":0,"comment_status":"closed","ping_status":"closed","template":"","meta":{"_eb_attr":"","footnotes":""},"class_list":["post-7176","page","type-page","status-publish","hentry"],"_links":{"self":[{"href":"https:\/\/luxaesthetika.com\/es\/wp-json\/wp\/v2\/pages\/7176","targetHints":{"allow":["GET"]}}],"collection":[{"href":"https:\/\/luxaesthetika.com\/es\/wp-json\/wp\/v2\/pages"}],"about":[{"href":"https:\/\/luxaesthetika.com\/es\/wp-json\/wp\/v2\/types\/page"}],"author":[{"embeddable":true,"href":"https:\/\/luxaesthetika.com\/es\/wp-json\/wp\/v2\/users\/1"}],"replies":[{"embeddable":true,"href":"https:\/\/luxaesthetika.com\/es\/wp-json\/wp\/v2\/comments?post=7176"}],"version-history":[{"count":1,"href":"https:\/\/luxaesthetika.com\/es\/wp-json\/wp\/v2\/pages\/7176\/revisions"}],"predecessor-version":[{"id":7177,"href":"https:\/\/luxaesthetika.com\/es\/wp-json\/wp\/v2\/pages\/7176\/revisions\/7177"}],"wp:attachment":[{"href":"https:\/\/luxaesthetika.com\/es\/wp-json\/wp\/v2\/media?parent=7176"}],"curies":[{"name":"wp","href":"https:\/\/api.w.org\/{rel}","templated":true}]}}