{"id":7174,"date":"2018-01-21T05:24:57","date_gmt":"2018-01-21T05:24:57","guid":{"rendered":"https:\/\/luxaesthetika.com\/?page_id=7174"},"modified":"2024-03-30T14:38:38","modified_gmt":"2024-03-30T14:38:38","slug":"micro-needling-en-miami","status":"publish","type":"page","link":"https:\/\/luxaesthetika.com\/es\/micro-needling-en-miami\/","title":{"rendered":"Micro-needling en miami"},"content":{"rendered":"\n<h2 class=\"wp-block-heading\"><strong><strong>Inducci\u00f3n de col\u00e1geno <\/strong>Dermaroller<\/strong><\/h2>\n\n\n<p>Promueva la reparaci\u00f3n de la piel y reduzca la aparici\u00f3n de arrugas, cicatrices y estr\u00edas con el completo <strong>Dermaroller\u00ae Collagen Induction Therapy Professional &amp; Home Care System<\/strong>.El equipo de microagujas Dermaroller\u00ae est\u00e1 autorizado por Health Canada. Se trata de una tecnolog\u00eda de calidad m\u00e9dica, cl\u00ednicamente probada y fabricada con precisi\u00f3n, disponible para los profesionales de la est\u00e9tica de todo Canad\u00e1.<\/p>\n<h2>Cuando se trata de Micro needling m\u00ednimamente invasivo<\/h2>\n<p>\u00a0La terapia de inducci\u00f3n de col\u00e1geno micro-needling con el Dermaroller\u00ae est\u00e1 cl\u00ednicamente probada y es quiz\u00e1s el tratamiento m\u00e1s exitoso disponible para los signos y s\u00edntomas comunes del envejecimiento como arrugas, p\u00e9rdida de volumen de la piel y piel arrugada. El tratamiento con microagujas Dermaroller\u00ae se dirige incluso a la epidermis de tal forma que est\u00e1 cl\u00ednicamente probado que minimiza las cicatrices y las estr\u00edas. La terapia Dermaroller\u00ae desencadena el proceso de curaci\u00f3n espont\u00e1nea del cuerpo, estimulando la proliferaci\u00f3n celular y provocando la formaci\u00f3n de nuevo col\u00e1geno. El resultado es una matriz celular m\u00e1s gruesa y flexible. Resultados: una piel visiblemente m\u00e1s joven.<\/p>\n<p><strong>PROBACI\u00d3N<\/strong>: La imagen superior muestra una biopsia de la epidermis antes y despu\u00e9s de la terapia de micropunci\u00f3n. Se ha generado una cantidad significativa de col\u00e1geno nuevo (te\u00f1ido de morado), 6 semanas despu\u00e9s de un \u00fanico tratamiento.<\/p>\n<p>Las microagujas de calidad quir\u00fargica de Dermaroller\u00ae penetran en la dermis m\u00e1s all\u00e1 de la epidermis, provocando hemorragias puntiformes y desencadenando la respuesta curativa espont\u00e1nea del organismo.<\/p>\n<h3>En cuesti\u00f3n de minutos, los canales de perforaci\u00f3n se cierran y se inicia la cascada de cicatrizaci\u00f3n, invadiendo la zona con fibroblastos productores de col\u00e1geno y propiedades promotoras del crecimiento.<\/h3>\n<p>Nuevo col\u00e1geno organizado &amp; la elastina se forma, reforzando desde el interior, mientras que la epidermis se vuelve m\u00e1s gruesa y m\u00e1s flexible, cada vez que se realiza un tratamiento.<\/p>\n<p>Dermaroller\u00ae es el dispositivo original de su clase. En LUX AesthetiKa usted puede sentirse seguro de que s\u00f3lo los mejores y m\u00e1s finos equipos de microneedling y productos para el cuidado de la piel se utilizan para sus tratamientos. Nuestra m\u00e1quina es la <em><strong>\u00fanica<\/strong><\/em> m\u00e1quina que est\u00e1 aprobada por Health Canada y fabricada en Alemania. Inf\u00f3rmese cuando busque un profesional de Microneedling. Haga preguntas como \u00ab\u00bfD\u00f3nde y qui\u00e9n es el fabricante de la m\u00e1quina?\u00bb, \u00ab\u00bfEst\u00e1 su m\u00e1quina aprobada por Health florida?\u00bb. \u00a1Terminar con una imitaci\u00f3n no s\u00f3lo es peligroso porque puede causar a\u00fan m\u00e1s da\u00f1o a su piel, sino que tambi\u00e9n le costar\u00e1 m\u00e1s dinero en el camino! No se arriesgue con su piel. \u00a1Conf\u00ede en LUX y conf\u00ede en Dermaroller\u00ae!<\/p>\n<p><img   style=\"display:none\"><\/p>\n<p>La clienta ten\u00eda cicatrices de acn\u00e9, poros dilatados y decoloraci\u00f3n. Resultados en la 2\u00aa foto tras cuatro sesiones<\/p>\n<p>La terapia con microneedling, tambi\u00e9n conocida como terapia de inducci\u00f3n de col\u00e1geno (CIT) e inducci\u00f3n percut\u00e1nea de col\u00e1geno (PCI), es un procedimiento de rejuvenecimiento cut\u00e1neo m\u00ednimamente invasivo que implica el uso de un dispositivo que contiene agujas finas. Las agujas se utilizan para perforar la piel y crear una lesi\u00f3n cut\u00e1nea controlada. Cada punci\u00f3n crea un canal que hace que el organismo rellene estas heridas microsc\u00f3picas produciendo nuevo col\u00e1geno y elastina. A trav\u00e9s del proceso de neovascularizaci\u00f3n y neocolag\u00e9nesis, se produce una mejora de la textura y la firmeza de la piel, as\u00ed como una reducci\u00f3n de las cicatrices, el tama\u00f1o de los poros y las estr\u00edas;<\/p>\n<p>Le rogamos que acuda a su cita sin maquillaje ni crema hidratante (si la intervenci\u00f3n se va a realizar en la cara). Limpiaremos su piel a fondo y aplicaremos el anest\u00e9sico t\u00f3pico y lo dejaremos actuar durante unos 30 minutos. A continuaci\u00f3n, quitaremos la anestesia y comenzaremos el procedimiento de microneedling que por lo general s\u00f3lo dura unos 15-20 minutos. El procedimiento completo dura entre 1,5 y 2 horas. La mayor\u00eda de la gente no lo encuentra doloroso ya que est\u00e1n adormecidos. Dicen que es m\u00e1s una sensaci\u00f3n molesta que dolorosa.<\/p>\n<p>Algunos clientes necesitar\u00e1n m\u00e1s de una sesi\u00f3n, dependiendo del tipo de resultados que deseen y de la gravedad del problema cut\u00e1neo. Las sesiones se programan con un intervalo de 4 a 6 semanas para garantizar que la piel cicatrice adecuadamente entre los procedimientos, y tambi\u00e9n para evitar que la piel se estanque.<\/p>\n<h2>\u00a0<\/h2>\n<blockquote>\n<p>Feliz con mi cara de nuevo.<\/p>\n<\/blockquote>\n<p>\u00abHe tenido acn\u00e9 leve toda mi vida, y siento que tendr\u00eda que vivir con las cicatrices para siempre. Microneedling realmente ha ayudado a disminuir la apariencia de mis cicatrices. Me estoy tomando un descanso despu\u00e9s de 3 sesiones porque realmente me gusta lo que veo ahora. Vuelvo a estar contenta con mi cara por primera vez en a\u00f1os\u00bb.<\/p>\n<p>\u2014 Todd S.<\/p>\n<blockquote>\n<p>Me encantan los resultados.<\/p>\n<\/blockquote>\n<p><em>\u00abNunca hab\u00eda o\u00eddo hablar del microneedling antes de conocer a Anna. Ella me explic\u00f3 sobre el procedimiento y c\u00f3mo puede ayudar con mis cicatrices de acn\u00e9 y marcas de viruela. Hice un mont\u00f3n de investigaci\u00f3n antes de finalmente ir a verla y no he mirado atr\u00e1s. Me encantan los resultados.<\/em><\/p>\n<p>\u2014 K.G.<\/p>\n<blockquote>\n<p>Siempre a la escucha.<\/p>\n<\/blockquote>\n<p>\u00abSe asegura de entender lo que quieres. Eso es lo que m\u00e1s me gusta de ella. Hace sus propias sugerencias, pero tambi\u00e9n trabaja contigo para asegurarse de que consigues exactamente lo que quieres.\u00bb<\/p>\n<p>\u2014 Diana C.<\/p>\n<p>\u00a1El Dermaroller\u00ae es la m\u00e1quina Microneedling # 1 de confianza entre los dermat\u00f3logos de todo el pa\u00eds y fue presentado en el Show de Marilyn Denis! Vea la demostraci\u00f3n a continuaci\u00f3n;<\/p>\n<blockquote>\n<p>\u00abHe pasado por eso. Tuve acn\u00e9 de adolescente y el da\u00f1o que hizo a mi confianza. Entiendo lo que se siente al tener que enfrentarse al mundo con una piel que no encaja con mi personalidad. Empieza a sentirte t\u00fa misma de nuevo!\u00a0\u00a1Reserva tu consulta gratuita ahora!\u00a0\u00ab<\/p>\n<\/blockquote>\n<p>&#8211; Ano Media, MEDICAL AESTHETICIAN &amp; CO PROPIETARIO DE LUX AESTHETIKA en miami aventura bay haurbor<\/p>","protected":false},"excerpt":{"rendered":"<p>Inducci\u00f3n de col\u00e1geno Dermaroller Promueva la reparaci\u00f3n de la piel y reduzca la aparici\u00f3n de arrugas, cicatrices y estr\u00edas con el completo Dermaroller\u00ae Collagen Induction Therapy Professional &amp; Home Care System.El equipo de microagujas Dermaroller\u00ae est\u00e1 autorizado por Health Canada. Se trata de una tecnolog\u00eda de calidad m\u00e9dica, cl\u00ednicamente probada y fabricada con precisi\u00f3n, disponible [&hellip;]<\/p>\n","protected":false},"author":1,"featured_media":6554,"parent":0,"menu_order":0,"comment_status":"closed","ping_status":"open","template":"","meta":{"_eb_attr":"","footnotes":""},"class_list":["post-7174","page","type-page","status-publish","has-post-thumbnail","hentry"],"_links":{"self":[{"href":"https:\/\/luxaesthetika.com\/es\/wp-json\/wp\/v2\/pages\/7174","targetHints":{"allow":["GET"]}}],"collection":[{"href":"https:\/\/luxaesthetika.com\/es\/wp-json\/wp\/v2\/pages"}],"about":[{"href":"https:\/\/luxaesthetika.com\/es\/wp-json\/wp\/v2\/types\/page"}],"author":[{"embeddable":true,"href":"https:\/\/luxaesthetika.com\/es\/wp-json\/wp\/v2\/users\/1"}],"replies":[{"embeddable":true,"href":"https:\/\/luxaesthetika.com\/es\/wp-json\/wp\/v2\/comments?post=7174"}],"version-history":[{"count":1,"href":"https:\/\/luxaesthetika.com\/es\/wp-json\/wp\/v2\/pages\/7174\/revisions"}],"predecessor-version":[{"id":7175,"href":"https:\/\/luxaesthetika.com\/es\/wp-json\/wp\/v2\/pages\/7174\/revisions\/7175"}],"wp:featuredmedia":[{"embeddable":true,"href":"https:\/\/luxaesthetika.com\/es\/wp-json\/wp\/v2\/media\/6554"}],"wp:attachment":[{"href":"https:\/\/luxaesthetika.com\/es\/wp-json\/wp\/v2\/media?parent=7174"}],"curies":[{"name":"wp","href":"https:\/\/api.w.org\/{rel}","templated":true}]}}