{"id":7172,"date":"2021-07-14T02:33:41","date_gmt":"2021-07-14T02:33:41","guid":{"rendered":"https:\/\/luxaesthetika.com\/?page_id=7172"},"modified":"2024-03-30T14:36:44","modified_gmt":"2024-03-30T14:36:44","slug":"tratamiento-facial-lux-aesthetic","status":"publish","type":"page","link":"https:\/\/luxaesthetika.com\/es\/tratamiento-facial-lux-aesthetic\/","title":{"rendered":"Tratamiento facial Lux Aesthetic"},"content":{"rendered":"\n<p>La limpieza facial es un procedimiento higi\u00e9nico destinado a la limpieza profunda de los poros de la piel de las secreciones de las gl\u00e1ndulas seb\u00e1ceas, el exceso de c\u00e9lulas muertas c\u00f3rneas y la eliminaci\u00f3n de comedones cerrados (protuberancias blancas) y abiertos (puntos negros), miliums. La limpieza es relevante para los adolescentes durante la pubertad, lo que ayudar\u00e1 en combinaci\u00f3n con otras medidas para minimizar el acn\u00e9, las personas con piel grasa, poros dilatados, las personas con signos de piel fl\u00e1cida \u2013 estimula los procesos metab\u00f3licos, la circulaci\u00f3n sangu\u00ednea, aumenta la elasticidad de la piel, desintoxica. Limpieza ayuda a deshacerse de las fuentes de inflamaci\u00f3n, y por lo tanto es una preparaci\u00f3n necesaria para muchos procedimientos cosm\u00e9ticos.<\/p>\n\n\n\n<h3 class=\"wp-block-heading\">La frecuencia recomendada depende del tipo de piel: Limpieza facial: limpieza mec\u00e1nica, atraum\u00e1tica y ultras\u00f3nica.<\/h3>\n\n\n\n<ul class=\"wp-block-list\">\n<li>para piel seca \u2013 1 vez en 3 meses;<\/li>\n\n\n\n<li>para pieles sensibles, se recomienda la limpieza por hardware, en combinaci\u00f3n con productos de cuidado;<\/li>\n\n\n\n<li>para piel normal \u2013 1 vez en 1-2 meses (a medida que los poros de la piel se ensucian);<\/li>\n\n\n\n<li>para la grasa y la combinaci\u00f3n-1 vez al mes;<\/li>\n\n\n\n<li>para pieles problem\u00e1ticas con acn\u00e9 \u2013 1 vez al mes, o, si lo prescribe una cosmet\u00f3loga, 1 vez en 15-20 d\u00edas.<\/li>\n<\/ul>\n\n\n\n<h2 class=\"wp-block-heading\">Impresiones<\/h2>\n\n\n\n<ul class=\"wp-block-list\">\n<li>ayuda a aumentar el tono de la piel;<\/li>\n\n\n\n<li>mejora la tez;<\/li>\n\n\n\n<li>elimina la hiperpigmentaci\u00f3n y las arrugas;<\/li>\n\n\n\n<li>limpia los poros;<\/li>\n\n\n\n<li>elimina la suciedad y las c\u00e9lulas muertas;<\/li>\n\n\n\n<li>ayuda a deshacerse del acn\u00e9.<\/li>\n<\/ul>\n\n\n\n<h3 class=\"wp-block-heading\">recomendaciones para el cuidado antes y despu\u00e9s de limpiar la cara.<\/h3>\n\n\n\n<p>En el d\u00eda de la limpieza higi\u00e9nica de la cara, debe cancelar todos los tratamientos de agua y calor (ba\u00f1o, ba\u00f1era, sauna, piscina, talasoterapia, spa, solarium, etc.), con la excepci\u00f3n de lavado y ducha higi\u00e9nica, as\u00ed como las actividades f\u00edsicas asociadas con el aumento de la sudoraci\u00f3n (deportes, trabajo f\u00edsico). En las 12 horas siguientes a la finalizaci\u00f3n del procedimiento, los cuidados faciales en casa se limitan al lavado y a la utilizaci\u00f3n de productos recomendados por un cosmet\u00f3logo, y no se recomienda maquillarse, te\u00f1irse las pesta\u00f1as, las cejas.<\/p>\n","protected":false},"excerpt":{"rendered":"<p>La limpieza facial es un procedimiento higi\u00e9nico destinado a la limpieza profunda de los poros de la piel de las secreciones de las gl\u00e1ndulas seb\u00e1ceas, el exceso de c\u00e9lulas muertas c\u00f3rneas y la eliminaci\u00f3n de comedones cerrados (protuberancias blancas) y abiertos (puntos negros), miliums. La limpieza es relevante para los adolescentes durante la pubertad, lo [&hellip;]<\/p>\n","protected":false},"author":1,"featured_media":0,"parent":0,"menu_order":0,"comment_status":"closed","ping_status":"closed","template":"","meta":{"_eb_attr":"","footnotes":""},"class_list":["post-7172","page","type-page","status-publish","hentry"],"_links":{"self":[{"href":"https:\/\/luxaesthetika.com\/es\/wp-json\/wp\/v2\/pages\/7172","targetHints":{"allow":["GET"]}}],"collection":[{"href":"https:\/\/luxaesthetika.com\/es\/wp-json\/wp\/v2\/pages"}],"about":[{"href":"https:\/\/luxaesthetika.com\/es\/wp-json\/wp\/v2\/types\/page"}],"author":[{"embeddable":true,"href":"https:\/\/luxaesthetika.com\/es\/wp-json\/wp\/v2\/users\/1"}],"replies":[{"embeddable":true,"href":"https:\/\/luxaesthetika.com\/es\/wp-json\/wp\/v2\/comments?post=7172"}],"version-history":[{"count":1,"href":"https:\/\/luxaesthetika.com\/es\/wp-json\/wp\/v2\/pages\/7172\/revisions"}],"predecessor-version":[{"id":7173,"href":"https:\/\/luxaesthetika.com\/es\/wp-json\/wp\/v2\/pages\/7172\/revisions\/7173"}],"wp:attachment":[{"href":"https:\/\/luxaesthetika.com\/es\/wp-json\/wp\/v2\/media?parent=7172"}],"curies":[{"name":"wp","href":"https:\/\/api.w.org\/{rel}","templated":true}]}}