{"id":7170,"date":"2018-01-21T05:26:54","date_gmt":"2018-01-21T05:26:54","guid":{"rendered":"https:\/\/luxaesthetika.com\/?page_id=7170"},"modified":"2024-03-30T14:35:19","modified_gmt":"2024-03-30T14:35:19","slug":"terapia-de-luz-led","status":"publish","type":"page","link":"https:\/\/luxaesthetika.com\/es\/terapia-de-luz-led\/","title":{"rendered":"Terapia de luz LED"},"content":{"rendered":"\n<h2 class=\"wp-block-heading\">7 sorprendentes beneficios de la fototerapia LED para la piel que debes conocer\u2026<\/h2>\n\n\n\n<p>D\u00e9jame que te cuente algo que ha iluminado el mundo del cuidado de la piel, literalmente. Mi amiga Ana hablaba maravillas de c\u00f3mo su piel hab\u00eda empezado a parecer como si hubiera estado bebiendo de la mism\u00edsima fuente de la juventud. Naturalmente, me llam\u00f3 la atenci\u00f3n. \u00ab\u00bfQu\u00e9 es esta magia? pregunt\u00e9. Terapia de luz LED\u00bb, me dijo con un brillo en los ojos. Al principio lo tom\u00e9 por una moda pasajera, pero \u00a1qu\u00e9 equivocada estaba! Me adentr\u00e9 en la madriguera de la investigaci\u00f3n y lo que descubr\u00ed fue toda una revelaci\u00f3n. \u00bfQui\u00e9n iba a pensar que algo tan sencillo como la luz podr\u00eda ser el arma secreta para conseguir una piel radiante? No estamos hablando s\u00f3lo de un sutil resplandor o de un suave frescor. No, estamos hablando de siete beneficios que han cambiado totalmente mi perspectiva sobre las rutinas de cuidado de la piel. Coge tu bebida favorita, ponte c\u00f3modo y descubramos juntos estos sorprendentes beneficios de la fototerapia LED.<\/p>\n\n\n\n<h2 class=\"wp-block-heading\">\u00bfQu\u00e9 es la fototerapia LED?<\/h2>\n\n\n\n<p>\u00bfAlguna vez te has sentido como en una pel\u00edcula de ciencia ficci\u00f3n cuando est\u00e1s en un balneario con esas gafas tan curiosas? Eso es la fototerapia LED, un tratamiento cut\u00e1neo no invasivo que utiliza distintas longitudes de onda de luz para hacer magia en la piel. Imag\u00ednatelo: paneles de luces rojas, azules e incluso verdes que parecen salidos directamente de una nave espacial futurista y que prometen darle a tu piel un aspecto m\u00e1s joven, calmado y simplemente mejor.<\/p>\n\n\n\n<p>\u00bfY c\u00f3mo funciona? Piensa en cada color de luz como un tipo diferente de \u00absuperh\u00e9roe\u00bb del cuidado de la piel. El rojo dice: \u00abHola, l\u00edneas de expresi\u00f3n, te presento al col\u00e1geno\u00bb. El azul se sumerge en las profundidades y manda a paseo a las bacterias que causan el acn\u00e9. \u00bfY el verde? Es el m\u00e1s suave, el que unifica el tono de la piel. Es como tener tu propio equipo de Vengadores comprometido con tu piel.<\/p>\n\n\n\n<h2 class=\"wp-block-heading\">Fomento de la producci\u00f3n de col\u00e1geno<\/h2>\n\n\n\n<p>El col\u00e1geno es b\u00e1sicamente el andamiaje de nuestra piel, \u00bfverdad? Y a nadie le gusta la flacidez y las arrugas que aparecen a medida que envejecemos. Aqu\u00ed entra en juego la fototerapia LED, nuestro agente encubierto en el juego de esp\u00edas del antienvejecimiento. Este ingenioso tratamiento utiliza longitudes de onda espec\u00edficas de luz para energizar las c\u00e9lulas de la piel como si acabaran de tomar un espresso. Esto pone en marcha el proceso de producci\u00f3n de col\u00e1geno, d\u00e1ndonos ese aspecto firme y rellenito que todos perseguimos. Imag\u00ednate, menos ciruelas y m\u00e1s melocotones. \u00bfY lo mejor? No duele, y tu piel no necesita tiempo de recuperaci\u00f3n. Es como enviar tu cara al gimnasio mientras te relajas con una taza de t\u00e9. En mi opini\u00f3n, un escenario en el que todos ganan.<\/p>\n\n\n\n<h2 class=\"wp-block-heading\">Reducci\u00f3n de la inflamaci\u00f3n y el enrojecimiento<\/h2>\n\n\n\n<p>\u00bfAlguna vez un grano no invitado se ha colado en tu fiesta de los sue\u00f1os de una piel limpia? Pues bien, la fototerapia con LED se presenta como un superh\u00e9roe discreto para las personas con ros\u00e1cea o piel propensa al acn\u00e9. Este ingenioso tratamiento utiliza longitudes de onda que penetran profundamente, calmando las c\u00e9lulas irritadas y ondeando una bandera roja (o m\u00e1s bien \u00abinfrarroja\u00bb) contra la inflamaci\u00f3n. Te lo dice alguien que ha pasado por lo mismo: despu\u00e9s de varias sesiones, las molestas rojeces parec\u00edan celebrar su propia fiesta de despedida. Y lo mejor es que hay pruebas cient\u00edficas que demuestran mejoras significativas en las afecciones cut\u00e1neas marcadas por la inflamaci\u00f3n. Nada de magia, s\u00f3lo luces que hacen su trabajo.<\/p>\n\n\n\n<h2 class=\"wp-block-heading\">Aceleraci\u00f3n de los procesos curativos<\/h2>\n\n\n\n<p>Uno de los superpoderes m\u00e1s infravalorados de la fototerapia LED es su capacidad para acelerar la recuperaci\u00f3n de la piel. Imag\u00ednese que se somete a una peque\u00f1a intervenci\u00f3n quir\u00fargica o a un rasgu\u00f1o accidental. Normalmente, el cuerpo sigue su meticuloso y lento vals de curaci\u00f3n. Pero con la fototerapia LED, es como tener un pase entre bastidores: el ritmo natural de curaci\u00f3n de la piel se acelera, reduciendo el tiempo que tardan en desaparecer las cicatrices y las heridas. Se lo dice alguien que ha visto de primera mano c\u00f3mo se aceleraba la cicatrizaci\u00f3n de las cicatrices postoperatorias bajo el suave resplandor de las luces LED: es impresionante. Funciona silenciosamente en segundo plano, a menudo eclipsada por sus beneficios m\u00e1s llamativos, pero cuando llega el momento de la curaci\u00f3n, la fototerapia con LED merece sin duda una ovaci\u00f3n de pie.<\/p>\n\n\n\n<h2 class=\"wp-block-heading\">Mejora del acn\u00e9 y reducci\u00f3n de la producci\u00f3n de grasa<\/h2>\n\n\n\n<p>\u00a1Desp\u00eddete de esos molestos granos y del brillo implacable! La fototerapia LED, espec\u00edficamente con longitudes de onda de luz azul, es como un superh\u00e9roe que se abalanza sobre las bacterias causantes del acn\u00e9 para ponerlas en su sitio. No es magia, es ciencia. La luz azul penetra en los poros y crea un entorno hostil para las bacterias que causan los brotes. Pero esto no es todo. Esta tecnolog\u00eda inteligente tambi\u00e9n regula la producci\u00f3n de grasa. Demasiada grasa provoca m\u00e1s brotes, y nadie tiene tiempo para eso. Con sesiones regulares, la piel recibe la orden de calmar la producci\u00f3n de grasa, lo que hace que el rostro brille menos y que la rutina de cuidado de la piel se centre menos en el control de da\u00f1os y m\u00e1s en la luminosidad. Yo lo he notado de primera mano, \u00a1y cambia las reglas del juego!<\/p>\n\n\n\n<h2 class=\"wp-block-heading\">Mayor absorci\u00f3n de los productos de cuidado de la piel<\/h2>\n\n\n\n<p>Imag\u00ednate que te untas la piel con tu crema favorita y \u00e9sta se enfr\u00eda en la superficie como un perezoso bronceado. No tiene mucho sentido invertir en productos de cuidado de la piel de alta calidad si no se aplican en profundidad, \u00bfverdad? La fototerapia LED es como el sargento instructor en esta analog\u00eda. Pone en marcha las c\u00e9lulas de la piel, ayud\u00e1ndolas a abrirse y a decir \u00abahh\u00bb un poco m\u00e1s. Es como preparar el lienzo antes de que un artista empiece a pintar. Esto significa que cada gota de tus preciados sueros y cremas tiene m\u00e1s probabilidades de penetrar m\u00e1s profundamente en la piel, haciendo el duro trabajo para el que los compraste. Es como desbloquear un nivel extra en tu rutina diaria de cuidado de la piel; de repente, todos los productos trabajan un poco m\u00e1s. Yo misma lo he visto: \u00bfese suero de vitamina C tan caro que adoro? Funciona a las mil maravillas desde que lo combino con sesiones de fototerapia LED.<\/p>\n\n\n\n<h2 class=\"wp-block-heading\">Tratamiento no invasivo sin tiempo de inactividad<\/h2>\n\n\n\n<p>El tiempo es un bien que parece escasear hoy en d\u00eda, pero por suerte, la sencillez de la fototerapia con LED se adapta perfectamente a nuestras apretadas agendas. Imag\u00ednese salir de una sesi\u00f3n r\u00e1pida, con la piel disfrutando del resplandor posterior, sin tener que recluirse en el sof\u00e1 ni esconderse mientras desaparece el enrojecimiento posterior al procedimiento. Esa es la belleza en la que nos estamos adentrando: su encanto no invasivo. A diferencia de otros tratamientos m\u00e1s agresivos que le dejan fuera de juego, esta terapia le devuelve a la actividad inmediatamente. Ya no es necesario planificar un \u00abd\u00eda de recuperaci\u00f3n\u00bb. Se trata de una pausa para comer, no de un retiro de fin de semana. Este factor de comodidad no s\u00f3lo es atractivo, sino que est\u00e1 cambiando nuestra forma de enfocar el cuidado de la piel.<\/p>\n\n\n\n<h2 class=\"wp-block-heading\">Puede ayudar con el trastorno afectivo estacional (TAE)<\/h2>\n\n\n\n<p>Cuando llega la tristeza invernal, no se trata s\u00f3lo de d\u00edas fr\u00edos y noches oscuras. El Trastorno Afectivo Estacional (TAE) afecta a muchos de nosotros cuando la luz del sol disminuye. Pero, \u00bfsabes qu\u00e9? Esos ingeniosos paneles de luz LED no sirven solo para las rutinas de cuidado de la piel. Los estudios apuntan a que determinadas longitudes de onda de la luz LED pueden imitar los rayos del sol que mejoran el estado de \u00e1nimo, lo que podr\u00eda alejar la melancol\u00eda del TAE. Imag\u00ednatelo: tu propio sol de bolsillo, sin el da\u00f1o de los rayos UV, no solo para mejorar tu piel, sino tambi\u00e9n tu estado de \u00e1nimo.<\/p>\n\n\n\n<p><\/p>\n\n\n\n<h2 class=\"wp-block-heading\">Tratamiento cut\u00e1neo Fototerapia<\/h2>\n\n\n<p>El secreto ha salido a la luz y por fin ha llegado a Winnipeg. La fototerapia, tambi\u00e9n conocida como terapia de luz LED, es utilizada por la NASA y en el campo de la medicina para acelerar la cicatrizaci\u00f3n de heridas, tratar y prevenir el dolor y las molestias asociadas a tratamientos contra el c\u00e1ncer, trasplantes de m\u00e9dula \u00f3sea, dolores articulares, etc.<\/p>\n<p>Esta innovadora tecnolog\u00eda sumerge la piel en la luz y ayuda a conseguir un cutis sano y resplandeciente en una sola sesi\u00f3n. La m\u00e1scara facial de fototerapia se basa en varias longitudes de onda del espectro luminoso que van del rojo y el morado al azul. Estas ondas de luz espec\u00edficas tienen diferentes efectos sobre la piel. Penetran en la matriz extracelular del tejido conjuntivo, donde reducen la p\u00e9rdida de elastina y aumentan la producci\u00f3n de col\u00e1geno. Tambi\u00e9n ayudan a aumentar el suministro de ox\u00edgeno a la c\u00e9lula, mejorando as\u00ed el metabolismo y la circulaci\u00f3n sangu\u00ednea. La piel se tensa, los poros se reducen y el aspecto general de la piel mejora. Incluso se acelera la cicatrizaci\u00f3n del tejido cicatricial gracias a la estimulaci\u00f3n de los procesos regenerativos.<\/p>\n<p>La fototerapia ha tenido un gran impacto en la industria de la est\u00e9tica debido a sus efectos curativos en muchos problemas de la piel como el acn\u00e9, las arrugas, el da\u00f1o solar, las cicatrices, los poros dilatados, la hiperpigmentaci\u00f3n, la ros\u00e1cea, \u00a1y mucho m\u00e1s! Grandes nombres de Hollywood como Jessica Alba, Kate Hudson y Kourtney Kardashian son grandes fans de la fototerapia, ya que se pueden ver resultados sorprendentes en tan s\u00f3lo tres tratamientos;<\/p>\n<p>Adem\u00e1s de antienvejecimiento e hiperpigmentaci\u00f3n, la luz azul combate las bacterias que causan el acn\u00e9, por lo que es uno de los tratamientos est\u00e9ticos m\u00e1s eficaces para este problema cut\u00e1neo tan deprimente&#8230; \u00a1y es totalmente indoloro!<\/p>\n<h3>Esto es lo que nos encanta del tratamiento facial con fototerapia:<\/h3>\n<ul>\n<li>La m\u00e1scara no resulta asfixiante, de hecho, es bastante c\u00f3moda.<\/li>\n<li>Los LED proporcionan una c\u00e1lida sensaci\u00f3n rejuvenecedora a la piel<\/li>\n<li>El tratamiento es no invasivo, indoloro y seguro para todo tipo de pieles. *Nota que si tienes fotosensibilidad, no debes usar esta mascarilla.<\/li>\n<li>Sin microondas, rayos UVA, UVB ni l\u00e1ser.<\/li>\n<li>El facial es relajante y apetece echarse una siesta durante el proceso<\/li>\n<li>No requiere \u00abtiempo de inactividad\u00bb para que remita la inflamaci\u00f3n, a diferencia de los peelings qu\u00edmicos y otros tratamientos abrasivos.<\/li>\n<li>Proporciona a la piel un efecto lifting temporal inmediatamente despu\u00e9s de su uso y hace que parezca m\u00e1s tersa y bien hidratada<\/li>\n<li>Los tratamientos son muy asequibles en comparaci\u00f3n con otros tratamientos faciales\/de la piel;<\/li>\n<\/ul>\n<p>La m\u00e1scara facial viene con 3 ajustes de luz diferentes, dirigidos a una amplia gama de problemas de la piel, incluyendo signos de envejecimiento. Las opciones son reductor de arrugas, antiacn\u00e9, equilibrante cut\u00e1neo, antirojeces, piel radiante, calmante cut\u00e1neo, rejuvenecedor celular, potenciador cut\u00e1neo con infrarrojos y bloqueador del dolor. Tambi\u00e9n puede probar una soluci\u00f3n r\u00e1pida con luces rojas, moradas y azules combinadas en un tratamiento de 30 minutos que le dar\u00e1 ese brillo de alfombra roja para cuando tenga que asistir a un evento especial.<\/p>\n<p>No hay que esperar a los 30 para empezar un r\u00e9gimen antienvejecimiento. Los expertos recomiendan empezar a partir de los 20, ya que la producci\u00f3n de col\u00e1geno se inactiva a partir de los 25 a\u00f1os. El tratamiento facial con LED es un nuevo y revolucionario proceso de tratamiento de la piel, avalado por d\u00e9cadas de investigaci\u00f3n, que promete difuminar y prevenir los signos del envejecimiento, estimular la producci\u00f3n de fibras de col\u00e1geno, reafirmar la piel cansada y envejecida y aniquilar el acn\u00e9, el tono apagado y las decoloraciones. Despu\u00e9s de probarlo varias veces en LUX, sin duda recomendamos incluir este tratamiento en su r\u00e9gimen de cuidado de la piel.<\/p>\n<p>Si desea obtener m\u00e1s informaci\u00f3n sobre LUX Mask Plus Professional y c\u00f3mo puede tratar sus problemas de piel, \u00a1reserve ahora su consulta gratuita!<\/p>\n<h3>Las luces LED rojas<\/h3>\n<p>Las luces LED rojas se utiliza para el rejuvenecimiento de la piel, reducci\u00f3n de arrugas, estiramiento de la piel, mejora el tono de la piel y la textura, minimiza el da\u00f1o solar (manchas, pecas, y alivia las quemaduras solares), la ros\u00e1cea, as\u00ed como la inflamaci\u00f3n. Recupere su brillo saludable con la luz roja.<\/p>\n<h3>Las luces LED azules<\/h3>\n<p>Las luces LED azules se utilizan en el tratamiento del acn\u00e9 leve, moderado o severo matando las bacterias culpables que lo causan.\u00a0Mejora la circulaci\u00f3n sangu\u00ednea para devolver a su piel su salud original. Dependiendo de la gravedad de su acn\u00e9, la mejora se puede ver en tan s\u00f3lo una semana de tratamientos;<\/p>\n<h3>Las luces LED curativas<\/h3>\n<p>El Healing LED Lights se utiliza mejor para el cuidado posterior de microneedling, botox, cirug\u00eda pl\u00e1stica, tratamientos con l\u00e1ser o cualquier tratamiento que requiera tiempo de inactividad para que su piel se cure. Este modo de luz es conocido por poner en marcha el proceso de curaci\u00f3n de cualquier tratamiento invasivo (y no invasivo) de la piel para que pueda volver a su vida diaria m\u00e1s r\u00e1pido. El modo de curaci\u00f3n tambi\u00e9n es muy \u00fatil en la producci\u00f3n de col\u00e1geno, d\u00e1ndole una piel fresca y brillante;<\/p>\n<p>En pocas palabras, la fototerapia con LED puede cambiar tu cutis. Desde potenciar el col\u00e1geno hasta calmar la inflamaci\u00f3n e incluso aliviar la tristeza invernal, est\u00e1 claro que esta t\u00e9cnica para conseguir luminosidad es muy eficaz. Si est\u00e1s cansado de las cremas y pociones de siempre, \u00bfpor qu\u00e9 no llevar tu rutina a un nivel superior? Dale luz verde: es hora de aprovechar el poder de los LED y darle a tu piel el amor que se merece.<\/p>","protected":false},"excerpt":{"rendered":"<p>7 sorprendentes beneficios de la fototerapia LED para la piel que debes conocer\u2026 D\u00e9jame que te cuente algo que ha iluminado el mundo del cuidado de la piel, literalmente. Mi amiga Ana hablaba maravillas de c\u00f3mo su piel hab\u00eda empezado a parecer como si hubiera estado bebiendo de la mism\u00edsima fuente de la juventud. Naturalmente, [&hellip;]<\/p>\n","protected":false},"author":1,"featured_media":6553,"parent":0,"menu_order":0,"comment_status":"closed","ping_status":"open","template":"","meta":{"_eb_attr":"","footnotes":""},"class_list":["post-7170","page","type-page","status-publish","has-post-thumbnail","hentry"],"_links":{"self":[{"href":"https:\/\/luxaesthetika.com\/es\/wp-json\/wp\/v2\/pages\/7170","targetHints":{"allow":["GET"]}}],"collection":[{"href":"https:\/\/luxaesthetika.com\/es\/wp-json\/wp\/v2\/pages"}],"about":[{"href":"https:\/\/luxaesthetika.com\/es\/wp-json\/wp\/v2\/types\/page"}],"author":[{"embeddable":true,"href":"https:\/\/luxaesthetika.com\/es\/wp-json\/wp\/v2\/users\/1"}],"replies":[{"embeddable":true,"href":"https:\/\/luxaesthetika.com\/es\/wp-json\/wp\/v2\/comments?post=7170"}],"version-history":[{"count":1,"href":"https:\/\/luxaesthetika.com\/es\/wp-json\/wp\/v2\/pages\/7170\/revisions"}],"predecessor-version":[{"id":7171,"href":"https:\/\/luxaesthetika.com\/es\/wp-json\/wp\/v2\/pages\/7170\/revisions\/7171"}],"wp:featuredmedia":[{"embeddable":true,"href":"https:\/\/luxaesthetika.com\/es\/wp-json\/wp\/v2\/media\/6553"}],"wp:attachment":[{"href":"https:\/\/luxaesthetika.com\/es\/wp-json\/wp\/v2\/media?parent=7170"}],"curies":[{"name":"wp","href":"https:\/\/api.w.org\/{rel}","templated":true}]}}