{"id":7164,"date":"2021-07-04T00:05:38","date_gmt":"2021-07-04T00:05:38","guid":{"rendered":"https:\/\/luxaesthetika.com\/?page_id=7164"},"modified":"2024-03-30T14:31:56","modified_gmt":"2024-03-30T14:31:56","slug":"tratamiento-laser-de-las-arrugas-faciales","status":"publish","type":"page","link":"https:\/\/luxaesthetika.com\/es\/tratamiento-laser-de-las-arrugas-faciales\/","title":{"rendered":"Tratamiento l\u00e1ser de las arrugas faciales"},"content":{"rendered":"\n<h2 class=\"wp-block-heading\">Tratamiento con l\u00e1ser para las arrugas faciales en Miami<\/h2>\n\n\n\n<p><ins><\/ins><\/p>\n\n\n\n<p>Para conseguir una piel de aspecto m\u00e1s joven, la gente recurre ahora al tratamiento con l\u00e1ser. Los tratamientos con l\u00e1ser se consideran seguros y eficaces. Si est\u00e1 pensando en utilizar el tratamiento l\u00e1ser para las arrugas faciales, esto es lo que debe saber.<\/p>\n\n\n\n<h3 class=\"wp-block-heading\"><strong>Consejo n\u00ba 1: Sepa por qu\u00e9 es popular.<\/strong><\/h3>\n\n\n<div class=\"wp-block-image\">\n<figure class=\"alignleft\"><img decoding=\"async\" src=\"http:\/\/web.archive.org\/web\/20130122234400im_\/http:\/\/cosmeticsurgerybase.com\/wp-content\/uploads\/Laser_Treatment_for_Facial_Wrinkles-300x199.jpg\" alt=\"Laser Treatment for Facial Wrinkles\" class=\"wp-image-864\" title=\"Laser Treatment for Facial Wrinkles\"  style=\"display:none\"><\/figure>\n<\/div>\n\n\n<p>El tratamiento con l\u00e1ser para las arrugas faciales es conocido por ser una soluci\u00f3n poco dolorosa y a largo plazo para las personas que buscan una forma de reducir la aparici\u00f3n de arrugas, manchas solares y cicatrices de acn\u00e9. El tratamiento con l\u00e1ser no tiene per\u00edodo de recuperaci\u00f3n, por lo que puede estar seguro de que no hay p\u00e9rdida de tiempo de trabajo y sin seguimiento cremas anti-envejecimiento para aplicar todos los d\u00edas.<\/p>\n\n\n\n<h3 class=\"wp-block-heading\"><strong>Consejo n\u00ba 2: Sepa c\u00f3mo funciona.<\/strong><\/h3>\n\n\n\n<p>Puede parecer 20 a\u00f1os m\u00e1s joven de lo que es despu\u00e9s del tratamiento con l\u00e1ser. Esto se debe a que el efecto del tratamiento con l\u00e1ser puede durar hasta una d\u00e9cada. El procedimiento elimina la capa superior de la piel, alisando as\u00ed las arrugas y revelando una piel de aspecto m\u00e1s joven. Pero al igual que cualquier otro tratamiento, tambi\u00e9n existe una desventaja o riesgo al someterse a un tratamiento con l\u00e1ser. A veces la piel se vuelve sensible, se ruboriza, es sensible al sol y se enrojece. Pero estos efectos secundarios suelen ser temporales y pueden desaparecer en pocos meses. Otro riesgo es la hipopigmentaci\u00f3n o aclaramiento permanente de la piel.<\/p>\n\n\n\n<h3 class=\"wp-block-heading\"><strong>Consejo n\u00ba 3: Conozca sus efectos sobre las arrugas.<\/strong><\/h3>\n\n\n\n<p>Es cierto que el tratamiento con l\u00e1ser puede reducir las arrugas, pero no puede reafirmar la piel ya fl\u00e1cida y\u00a0la piel suelta\u00a0en el cuello.\u00a0La cirug\u00eda l\u00e1ser\u00a0no es apropiada para la piel m\u00e1s oscura debido al riesgo en la hipopigmentaci\u00f3n.<\/p>\n\n\n\n<h3 class=\"wp-block-heading\"><strong>Consejo n\u00ba 4: Conozca el l\u00e1ser ablativo.<\/strong><\/h3>\n\n\n\n<p>El l\u00e1ser ablativo quema y elimina la piel vieja, dejando as\u00ed al descubierto la piel nueva. Tambi\u00e9n fomenta el crecimiento de\u00a0col\u00e1geno\u00a0en el tejido de la cara.\u00a0El col\u00e1geno\u00a0es una prote\u00edna natural que hace que la piel sea el\u00e1stica y firme. A medida que la herida causada por el l\u00e1ser cicatriza, la nueva piel que saldr\u00e1 es m\u00e1s suave y firme. Algunos l\u00e1seres no ablativos act\u00faan produciendo el crecimiento de col\u00e1geno bajo la piel. El periodo de recuperaci\u00f3n es corto porque estos l\u00e1seres no vaporizan la piel.<\/p>\n\n\n\n<h3 class=\"wp-block-heading\"><strong>Consejo n\u00ba 5: Conozca el l\u00e1ser fraccionado.<\/strong><\/h3>\n\n\n\n<p>Otro tipo de l\u00e1ser es el fraccionado, que se utiliza para localizar zonas muy peque\u00f1as de la piel. Algunos tratamientos necesitan distintos l\u00e1seres para tratar zonas problem\u00e1ticas espec\u00edficas. El rejuvenecimiento con l\u00e1ser se dirige tanto a las arrugas faciales est\u00e1ticas como a las din\u00e1micas. Las arrugas est\u00e1ticas son evidentes, mientras que las din\u00e1micas aparecen cuando cambia la expresi\u00f3n. Este tipo de tratamiento tambi\u00e9n puede utilizarse para mejorar el aspecto de la piel da\u00f1ada por el sol, las manchas hep\u00e1ticas, el tono de la piel, las manchas de la edad, las cicatrices, las pecas, las manchas solares, las manchas oscuras de la piel y los vasos sangu\u00edneos. Pero seg\u00fan la cl\u00ednica Mayo, el rejuvenecimiento con l\u00e1ser no es eficaz para eliminar la flacidez de la piel ni las arrugas profundas.<\/p>\n\n\n\n<h3 class=\"wp-block-heading\"><strong>Consejo n\u00ba 6: Conozca mejor el proceso.<\/strong><\/h3>\n\n\n\n<p>Su m\u00e9dico puede recomendarle un antibi\u00f3tico para prevenir infecciones y medicamentos antivirales y antif\u00fangicos para evitar complicaciones derivadas de un virus latente que pueda despertar el procedimiento. Antes de que el m\u00e9dico le administre el procedimiento, se le sedar\u00e1 o se le administrar\u00e1 anestesia local o general. Puede utilizarse anestesia general si el l\u00e1ser se dirige al tejido cut\u00e1neo profundo. Durante el procedimiento, el m\u00e9dico apuntar\u00e1 a las distintas zonas de la piel. Dependiendo de la extensi\u00f3n de sus arrugas, el tratamiento puede durar hasta una hora.<\/p>\n\n\n\n<p>El tratamiento con l\u00e1ser para las arrugas faciales es de gran ayuda pero, por supuesto, hay que sopesar un par de cosas antes de administrarse uno.<\/p>\n\n\n\n<h3 class=\"wp-block-heading\">Tratamiento antienvejecimiento<\/h3>\n\n\n\n<p>Vivimos en un mundo acelerado en el que el estr\u00e9s y la tensi\u00f3n mental se han vuelto muy frecuentes. Unido a factores medioambientales como la contaminaci\u00f3n, la luz solar, etc. y a la falta de una dieta equilibrada, da lugar a diversos problemas de envejecimiento, como piel seca, p\u00e9rdida de elasticidad cut\u00e1nea, bolsas de los ojos ca\u00eddas, arrugas profundas en la dermis, etc.<br>.Vivimos en un mundo acelerado en el que el estr\u00e9s y la tensi\u00f3n mental se han vuelto muy frecuentes. Unido a factores medioambientales como la contaminaci\u00f3n, la luz solar, etc. y a la falta de una dieta equilibrada, da lugar a diversos problemas de envejecimiento, como piel seca, p\u00e9rdida de elasticidad cut\u00e1nea, bolsas de los ojos ca\u00eddas, arrugas profundas en la dermis, etc.<br>.<\/p>\n\n\n\n<p><br>Aunque llevar una vida sin estr\u00e9s y realizar ejercicio f\u00edsico junto con una dieta rica puede ayudar a controlar los efectos del envejecimiento hasta cierto punto, una forma eficaz y m\u00e1s r\u00e1pida de tratar los problemas ser\u00eda un determinado tratamiento m\u00e9dico o est\u00e9tico.<\/p>\n","protected":false},"excerpt":{"rendered":"<p>Tratamiento con l\u00e1ser para las arrugas faciales en Miami Para conseguir una piel de aspecto m\u00e1s joven, la gente recurre ahora al tratamiento con l\u00e1ser. Los tratamientos con l\u00e1ser se consideran seguros y eficaces. Si est\u00e1 pensando en utilizar el tratamiento l\u00e1ser para las arrugas faciales, esto es lo que debe saber. Consejo n\u00ba 1: [&hellip;]<\/p>\n","protected":false},"author":1,"featured_media":7165,"parent":0,"menu_order":0,"comment_status":"closed","ping_status":"closed","template":"","meta":{"_eb_attr":"","footnotes":""},"class_list":["post-7164","page","type-page","status-publish","has-post-thumbnail","hentry"],"_links":{"self":[{"href":"https:\/\/luxaesthetika.com\/es\/wp-json\/wp\/v2\/pages\/7164","targetHints":{"allow":["GET"]}}],"collection":[{"href":"https:\/\/luxaesthetika.com\/es\/wp-json\/wp\/v2\/pages"}],"about":[{"href":"https:\/\/luxaesthetika.com\/es\/wp-json\/wp\/v2\/types\/page"}],"author":[{"embeddable":true,"href":"https:\/\/luxaesthetika.com\/es\/wp-json\/wp\/v2\/users\/1"}],"replies":[{"embeddable":true,"href":"https:\/\/luxaesthetika.com\/es\/wp-json\/wp\/v2\/comments?post=7164"}],"version-history":[{"count":1,"href":"https:\/\/luxaesthetika.com\/es\/wp-json\/wp\/v2\/pages\/7164\/revisions"}],"predecessor-version":[{"id":7166,"href":"https:\/\/luxaesthetika.com\/es\/wp-json\/wp\/v2\/pages\/7164\/revisions\/7166"}],"wp:featuredmedia":[{"embeddable":true,"href":"https:\/\/luxaesthetika.com\/es\/wp-json\/wp\/v2\/media\/7165"}],"wp:attachment":[{"href":"https:\/\/luxaesthetika.com\/es\/wp-json\/wp\/v2\/media?parent=7164"}],"curies":[{"name":"wp","href":"https:\/\/api.w.org\/{rel}","templated":true}]}}