{"id":7162,"date":"2021-07-09T04:25:38","date_gmt":"2021-07-09T04:25:38","guid":{"rendered":"https:\/\/luxaesthetika.com\/?page_id=7162"},"modified":"2024-04-03T09:07:33","modified_gmt":"2024-04-03T09:07:33","slug":"estiramiento-cutaneo-con-laser","status":"publish","type":"page","link":"https:\/\/luxaesthetika.com\/es\/estiramiento-cutaneo-con-laser\/","title":{"rendered":"Estiramiento cut\u00e1neo con l\u00e1ser"},"content":{"rendered":"\n<h2 class=\"wp-block-heading\">Tratamiento eficaz para reafirmar la piel<\/h2>\n\n\n\n<p>Estiramiento cut\u00e1neo con l\u00e1ser. Todos envejecemos, pero ninguno de nosotros desea ver los signos de la edad. Hasta ahora, la cirug\u00eda pl\u00e1stica mayor era el \u00fanico tratamiento eficaz para la laxitud cut\u00e1nea, que a\u00f1ade a\u00f1os a nuestro aspecto facial general. Sin embargo, aunque queremos mantener un aspecto firme y fresco, los ajetreados estilos de vida actuales dejan poco tiempo para los periodos de recuperaci\u00f3n postoperatoria, por no hablar de los efectos secundarios o los costes prohibitivos de la cirug\u00eda. Adem\u00e1s, \u00bfqui\u00e9n quiere esperar a que la flacidez sea tan grave que exija una intervenci\u00f3n quir\u00fargica de envergadura? Hoy existe una alternativa sencilla, r\u00e1pida y no invasiva: El estiramiento cut\u00e1neo 780 nm. De forma segura e indolora, esta tecnolog\u00eda tensa la piel fl\u00e1cida de la cara, el cuello, los brazos y el abdomen, donde la piel fl\u00e1cida se\u00f1ala de forma poco atractiva el paso del tiempo.<\/p>\n\n\n\n<p>Este tratamiento calienta eficazmente la capa interna de la dermis (sin da\u00f1ar la epidermis superficial de la piel), induciendo la formaci\u00f3n de col\u00e1geno, esencial para un aspecto firme y joven.<\/p>\n\n\n\n<p>Los pacientes deben consultar al Dr. Macri para determinar su tratamiento. Normalmente se requieren seis tratamientos para obtener resultados \u00f3ptimos. Los resultados dependen de factores como la edad, la localizaci\u00f3n de la zona tratada y la gravedad de la laxitud cut\u00e1nea. Por lo general, los pacientes notan una mejor\u00eda poco despu\u00e9s del tratamiento, mientras que otros observan los resultados gradualmente. El estiramiento cut\u00e1neo garantiza un tratamiento seguro y eficaz. Los pulsos de luz calientan con precisi\u00f3n la zona deseada, sin causar da\u00f1os ni molestias en la piel. Los pacientes apenas sienten dolor con el tratamiento de luz pulsada y pueden reanudar sus actividades normales inmediatamente. De hecho, puede considerarse un \u00abprocedimiento a la hora de comer\u00bb. Muchos profesionales muy ocupados acuden para someterse a este procedimiento durante la hora del almuerzo. Los ensayos cl\u00ednicos realizados por las principales autoridades en luz pulsada documentan su seguridad y eficacia. Aunque la tolerancia al dolor es una cuesti\u00f3n individual, la mayor\u00eda de las personas toleran bien el tratamiento de estiramiento cut\u00e1neo y describen una sensaci\u00f3n de calor.<\/p>\n\n\n\n<p>Los m\u00e9todos convencionales de estiramiento cut\u00e1neo incluyen lociones y cremas t\u00f3picas, dermoabrasi\u00f3n, peelings qu\u00edmicos y l\u00e1seres de rejuvenecimiento. Dado que las emulsiones superficiales no pueden restaurar completamente el col\u00e1geno de la capa interna de la piel, pueden tener un valor limitado si no se utilizan en combinaci\u00f3n con otros tratamientos. El rejuvenecimiento ablativo, aunque m\u00e1s eficaz, puede causar inflamaci\u00f3n y enrojecimiento. En cualquier caso, el prolongado tiempo de recuperaci\u00f3n que suele acompa\u00f1ar a los rejuvenecimientos m\u00e1s dr\u00e1sticos puede no ser adecuado para los pacientes que buscan un rejuvenecimiento cut\u00e1neo eficaz con un tiempo de inactividad y un riesgo m\u00ednimos. En cambio, la luz pulsada penetra y cura la capa interna de la piel sin da\u00f1ar su superficie. La luz tensa, tonifica y da textura a la piel. El resultado: mejora del aspecto general de la piel sin da\u00f1arla. A veces, durante los primeros tratamientos, los pacientes sienten una \u00absensaci\u00f3n de tir\u00f3n\u00bb, que es la tirantez de la piel y el tejido subcut\u00e1neo. Durante los tres a seis meses siguientes, los fibroblastos estimulan el col\u00e1geno y la elastina para producir nuevo col\u00e1geno. La terapia de mantenimiento consiste en un tratamiento cada seis meses para mantener su \u00abpiel tensa\u00bb.<\/p>\n","protected":false},"excerpt":{"rendered":"<p>Tratamiento eficaz para reafirmar la piel Estiramiento cut\u00e1neo con l\u00e1ser. Todos envejecemos, pero ninguno de nosotros desea ver los signos de la edad. Hasta ahora, la cirug\u00eda pl\u00e1stica mayor era el \u00fanico tratamiento eficaz para la laxitud cut\u00e1nea, que a\u00f1ade a\u00f1os a nuestro aspecto facial general. Sin embargo, aunque queremos mantener un aspecto firme y [&hellip;]<\/p>\n","protected":false},"author":1,"featured_media":6586,"parent":0,"menu_order":0,"comment_status":"closed","ping_status":"closed","template":"","meta":{"_eb_attr":"","footnotes":""},"class_list":["post-7162","page","type-page","status-publish","has-post-thumbnail","hentry"],"_links":{"self":[{"href":"https:\/\/luxaesthetika.com\/es\/wp-json\/wp\/v2\/pages\/7162","targetHints":{"allow":["GET"]}}],"collection":[{"href":"https:\/\/luxaesthetika.com\/es\/wp-json\/wp\/v2\/pages"}],"about":[{"href":"https:\/\/luxaesthetika.com\/es\/wp-json\/wp\/v2\/types\/page"}],"author":[{"embeddable":true,"href":"https:\/\/luxaesthetika.com\/es\/wp-json\/wp\/v2\/users\/1"}],"replies":[{"embeddable":true,"href":"https:\/\/luxaesthetika.com\/es\/wp-json\/wp\/v2\/comments?post=7162"}],"version-history":[{"count":2,"href":"https:\/\/luxaesthetika.com\/es\/wp-json\/wp\/v2\/pages\/7162\/revisions"}],"predecessor-version":[{"id":7482,"href":"https:\/\/luxaesthetika.com\/es\/wp-json\/wp\/v2\/pages\/7162\/revisions\/7482"}],"wp:featuredmedia":[{"embeddable":true,"href":"https:\/\/luxaesthetika.com\/es\/wp-json\/wp\/v2\/media\/6586"}],"wp:attachment":[{"href":"https:\/\/luxaesthetika.com\/es\/wp-json\/wp\/v2\/media?parent=7162"}],"curies":[{"name":"wp","href":"https:\/\/api.w.org\/{rel}","templated":true}]}}