{"id":7150,"date":"2021-07-03T17:06:04","date_gmt":"2021-07-03T17:06:04","guid":{"rendered":"https:\/\/luxaesthetika.com\/?page_id=7150"},"modified":"2024-03-30T00:53:26","modified_gmt":"2024-03-30T00:53:26","slug":"hidrafacial-en-miami","status":"publish","type":"page","link":"https:\/\/luxaesthetika.com\/es\/hidrafacial-en-miami\/","title":{"rendered":"Hidrafacial en Miami"},"content":{"rendered":"\n<h2 class=\"wp-block-heading\">hidrafacial &#8211; hidrofacial en miami<\/h2>\n\n\n\n<p>\u00bfCu\u00e1l es el hidrafacial m\u00e1s popular en Miami? Limpieza facial Hydra Facial hydrofacial \u00ab\u00a1Hollywood lo apreci\u00f3!\u00bb La limpieza en 4 pasos con la aplicaci\u00f3n de sueros multifuncionales dependiendo de los tipos de piel se ha ganado el reconocimiento de las estrellas de Hollywood: Cameron Diaz, Paris Hilton, Beyonce y muchas otras.<\/p>\n\n\n\n<p>Tratamiento de la piel problem\u00e1tica tratamiento ultraeficaz de los problemas cut\u00e1neos, combinando la eliminaci\u00f3n de los procesos inflamatorios, la limpieza de poros, el tratamiento de la piel con sueros que abordan problemas cut\u00e1neos espec\u00edficos.<\/p>\n\n\n\n<figure class=\"wp-block-image size-large\"><img fetchpriority=\"high\" decoding=\"async\" width=\"1024\" height=\"768\" src=\"https:\/\/luxaesthetika.com\/wp-content\/uploads\/2021\/07\/247ddb38-9f49-4e46-a7b8-d024f3607f43-1024x768.jpg\" alt=\"hydra facial hydrofacial in miami\" class=\"wp-image-392\"  style=\"display:none\" srcset=\"https:\/\/luxaesthetika.com\/wp-content\/uploads\/2021\/07\/247ddb38-9f49-4e46-a7b8-d024f3607f43-1024x768.jpg 1024w, https:\/\/luxaesthetika.com\/wp-content\/uploads\/2021\/07\/247ddb38-9f49-4e46-a7b8-d024f3607f43-300x225.jpg 300w, https:\/\/luxaesthetika.com\/wp-content\/uploads\/2021\/07\/247ddb38-9f49-4e46-a7b8-d024f3607f43-768x576.jpg 768w, https:\/\/luxaesthetika.com\/wp-content\/uploads\/2021\/07\/247ddb38-9f49-4e46-a7b8-d024f3607f43-1536x1152.jpg 1536w, https:\/\/luxaesthetika.com\/wp-content\/uploads\/2021\/07\/247ddb38-9f49-4e46-a7b8-d024f3607f43.jpg 1600w\" sizes=\"(max-width: 1024px) 100vw, 1024px\" \/><figcaption class=\"wp-element-caption\">hydra facial hydrofacial in miami photo<\/figcaption><\/figure>\n\n\n\n<h2 class=\"wp-block-heading\" id=\"block-25b8d359-67e7-415b-8cda-b7ff30264d41\">Ventajas de Hydrafacial en Miami<\/h2>\n\n\n\n<p>En la bulliciosa ciudad de Miami FL, las personas que buscan soluciones \u00f3ptimas para el cuidado de la piel pueden beneficiarse de una serie de tratamientos innovadores adaptados para abordar diversos problemas. Entre ellos, la terapia de luz roja destaca por sus beneficios multifac\u00e9ticos, dirigidos a problemas como los poros obstruidos y los brotes de acn\u00e9, al tiempo que promueve la salud general de la piel.<\/p>\n\n\n\n<ol class=\"wp-block-list\" id=\"block-cb9d5372-1e23-492b-a632-c4084cfbb9cb\">\n<li>Efecto complejo en todas las capas de las c\u00e9lulas muertas de la piel<\/li>\n\n\n\n<li>Rapidez de ejecuci\u00f3n: el procedimiento b\u00e1sico no tarda m\u00e1s de 30 minutos en completarse.<\/li>\n\n\n\n<li>Indoloridad y comodidad<\/li>\n\n\n\n<li>Falta de un periodo de rehabilitaci\u00f3n<\/li>\n\n\n\n<li>Despu\u00e9s del procedimiento, no presenta irritaci\u00f3n ni inflamaci\u00f3n de la piel<\/li>\n\n\n\n<li>Tratamiento no invasivo: limpieza profunda, hidrataci\u00f3n, exfoliaci\u00f3n, recuperaci\u00f3n y rejuvenecimiento<\/li>\n\n\n\n<li>La limpieza perfecta para los hombres<\/li>\n\n\n\n<li>Resultados notables tras la primera intervenci\u00f3n<\/li>\n<\/ol>\n\n\n\n<p>Con su capacidad para proporcionar un r\u00e9gimen de cuidado de la piel integral y eficiente, la terapia de luz roja en Miami ofrece una soluci\u00f3n no invasiva que ofrece resultados notables despu\u00e9s de una sola sesi\u00f3n. Diga adi\u00f3s a los poros obstruidos y los brotes de acn\u00e9 mientras se embarca en un viaje hacia una piel radiante y rejuvenecida.<\/p>\n\n\n\n<figure class=\"wp-block-image size-large\"><img decoding=\"async\" width=\"1024\" height=\"792\" src=\"https:\/\/luxaesthetika.com\/wp-content\/uploads\/2021\/07\/8e90f853-bb7c-46b6-b647-1b437b016183-1024x792.jpg\" alt=\"Advanced facial treatment\" class=\"wp-image-391\" srcset=\"https:\/\/luxaesthetika.com\/wp-content\/uploads\/2021\/07\/8e90f853-bb7c-46b6-b647-1b437b016183-1024x792.jpg 1024w, https:\/\/luxaesthetika.com\/wp-content\/uploads\/2021\/07\/8e90f853-bb7c-46b6-b647-1b437b016183-300x232.jpg 300w, https:\/\/luxaesthetika.com\/wp-content\/uploads\/2021\/07\/8e90f853-bb7c-46b6-b647-1b437b016183-768x594.jpg 768w, https:\/\/luxaesthetika.com\/wp-content\/uploads\/2021\/07\/8e90f853-bb7c-46b6-b647-1b437b016183-1536x1188.jpg 1536w, https:\/\/luxaesthetika.com\/wp-content\/uploads\/2021\/07\/8e90f853-bb7c-46b6-b647-1b437b016183.jpg 1600w\" sizes=\"(max-width: 1024px) 100vw, 1024px\" \/><figcaption class=\"wp-element-caption\">Tratamiento facial avanzado foto<\/figcaption><\/figure>\n\n\n\n<h2 class=\"wp-block-heading\">Tipo de piel completo<\/h2>\n\n\n\n<p>Rejuvenecimiento revolucionario Tratamiento de la piel con problemas Tratamiento ultraeficaz de los problemas de la piel, eliminaci\u00f3n de los procesos inflamatorios, limpieza de poros, tratamiento de la piel con sueros.<\/p>\n\n\n\n<p>Rejuvenecimiento revolucionario Cuando se elimina la capa c\u00f3rnea superior, se estimula la divisi\u00f3n celular y la producci\u00f3n de fibroblastos, que contribuyen a la formaci\u00f3n de su propio col\u00e1geno y elastina, lo que conduce a la renovaci\u00f3n de las c\u00e9lulas muertas de la piel. Se consigue un efecto pronunciado gracias al triple efecto de la microdermoabrasi\u00f3n, los sueros activos y el vac\u00edo.<\/p>\n\n\n\n<h3 class=\"wp-block-heading\">Hidrafacial avanzado en Miami<\/h3>\n\n\n\n<p><strong>\u00bfQu\u00e9 es un tratamiento facial avanzado?<\/strong><\/p>\n\n\n\n<p>Un tratamiento facial avanzado es adecuado para tratar diversos trastornos de la piel del cuerpo y el rostro. Estos tratamientos se centran principalmente en los resultados en lugar de tratamientos de mimos. Este tratamiento ofrecido en Raas Aesthetics hace que la piel de la cara m\u00e1s apretado para aparecer brillante y sin arrugas. Durante este tratamiento, la piel puede ser rejuvenecida haciendo uso de m\u00e1quinas y sueros.<\/p>\n\n\n\n<p><strong><strong>Diferentes tipos de tratamientos faciales<\/strong><br>.<\/strong>Raas Aesthetics ofrece a sus clientes una variedad de tratamientos faciales avanzados en funci\u00f3n de sus necesidades y presupuesto. Algunos de estos tratamientos incluyen:<\/p>\n\n\n\n<p><strong><strong>Microdermoabrasi\u00f3n:<\/strong>\u00a0Este es un tratamiento de 30 minutos que beneficia la pigmentaci\u00f3n, el tipo de piel propensa al acn\u00e9 activo, poros abiertos, congesti\u00f3n, cicatrices menores, arrugas y l\u00edneas finas aparecen en la cara. Este tratamiento se realiza levantando suavemente la superficie de la piel y exfoliando c\u00f3modamente la epidermis. Este tratamiento suele realizarse en seis sesiones a lo largo de cuatro semanas. Se suele recomendar el uso de productos de cuidado en casa de alta calidad durante todo el curso de este tratamiento para conseguir el m\u00e1ximo efecto. Los peelings especializados son una forma extraordinaria de revitalizar la piel, atenuar la aparici\u00f3n de arrugas y l\u00edneas finas, y el acn\u00e9 y sus cicatrices. Tambi\u00e9n ayuda a la regeneraci\u00f3n del col\u00e1geno.<\/strong><\/p>\n\n\n\n<h3 class=\"wp-block-heading\">Terapia de luz Led<\/h3>\n\n\n\n<p>En Miami, la fototerapia con LED est\u00e1 ganando popularidad como tratamiento eficaz para mejorar la textura de la piel y tratar diversos problemas dermatol\u00f3gicos. Ya sea para tratar el acn\u00e9 con la terapia de luz LED azul o para mejorar la salud general de la piel, los tratamientos con LED son muy solicitados por su naturaleza no invasiva y sus notables resultados.<\/p>\n\n\n\n<p>A menudo combinada con otros tratamientos como el tratamiento Hydrafacial, la terapia LED complementa los reg\u00edmenes de cuidado de la piel existentes, ofreciendo un enfoque hol\u00edstico para lograr una piel radiante y rejuvenecida. Con su versatilidad y eficacia, la terapia de luz LED se ha convertido en una piedra angular en la pr\u00f3spera industria del cuidado de la piel de Miami, atendiendo a las personas que buscan soluciones avanzadas para sus necesidades de cuidado de la piel.<\/p>\n\n\n\n<p><strong>Microdermoabrasi\u00f3n y tratamiento facial con LED<\/strong><\/p>\n\n\n\n<p>Se trata de un tratamiento facial avanzado de 45 minutos que incluye una microdermoabrasi\u00f3n de 25 minutos seguida de una terapia de luz LED de 20 minutos. Este tratamiento LED trabaja desde la parte interna de la piel a trav\u00e9s de la renovaci\u00f3n de la piel. \u00a0El tratamiento de luz LED es individualmente adecuado para todo tipo de piel.<\/p>\n\n\n\n<p><strong><strong>Microdermoabrasi\u00f3n m\u00e1s mezclas de vitaminas<\/strong> Hidrofacial Hydra Facial<\/strong><\/p>\n\n\n\n<p>Se trata de un tratamiento facial de 60 minutos, que se realiza con la combinaci\u00f3n de microdermoabrasi\u00f3n seguida de una mezcla de multivitaminas. Este tipo de tratamiento le ofrecer\u00e1 una penetraci\u00f3n profunda de ingredientes curativos influyentes, como las vitaminas A, B y C para nutrir y renovar las capas m\u00e1s profundas de la piel.<\/p>\n\n\n\n<p><strong>Renovar peeling<\/strong><\/p>\n\n\n\n<p>Se trata de un tratamiento facial avanzado de 30 minutos, que se lleva a cabo con una mezcla de ingredientes de alto grado, como los \u00e1cidos glic\u00f3lico, c\u00edtrico, salic\u00edlico y l\u00e1ctico. Este tratamiento est\u00e1 dise\u00f1ado para profundizar en los resultados y uniformizar el color, revelando el resplandor natural de la piel. Este tratamiento facial ayudar\u00e1 a suavizar la piel desigual y en la mejora de la incorporaci\u00f3n de m\u00e1s productos activos en gran medida, y dejando la piel con mejor aspecto.<\/p>\n\n\n\n<p><strong>Peeling micro y glic\u00f3lico<\/strong><\/p>\n\n\n\n<p>Se trata de una mezcla de 60 minutos de tratamiento facial avanzado, que ofrece mejores resultados porque ambos tratamientos se utilizan para equilibrarse mutuamente. Micro logra una exfoliaci\u00f3n y limpia la superficie de la piel, ayudando a que los componentes activos del peeling se infiltren m\u00e1s profundamente.<\/p>\n\n\n\n<h2 class=\"wp-block-heading\">Tratamiento minimizador de poros<\/h2>\n\n\n\n<p><strong>Una forma eficaz de minimizar los poros de la piel<\/strong><\/p>\n\n\n\n<p>Los poros dilatados son una de las afecciones cut\u00e1neas m\u00e1s obstinadas y dif\u00edciles de tratar, ya que son extremadamente dif\u00edciles de eliminar por completo. Puede que tenga la sensaci\u00f3n de haberlo intentado todo, pero, en realidad, la mayor\u00eda de la gente acaba utilizando tratamientos que, de hecho, empeoran las cosas. Para obtener los mejores resultados posibles, hay que saber exactamente qu\u00e9 funciona y qu\u00e9 no. Aunque lo que funciona para reducir el tama\u00f1o de los poros tiene l\u00edmites, utilizar el tratamiento correcto para minimizar los poros le permitir\u00e1 observar una mejora concreta.<\/p>\n\n\n\n<p><strong>Opciones de tratamiento para minimizar los poros<\/strong><\/p>\n\n\n\n<p>Generalmente, la belleza est\u00e1 relacionada con una piel perfecta, y los poros son un componente vital de esa ecuaci\u00f3n. Cuando los poros son m\u00e1s firmes, m\u00e1s luz se reflejar\u00e1 y obtendr\u00e1 un aspecto general de juventud, vitalidad y salud s\u00f3lo a trav\u00e9s de un tratamiento eficaz de minimizaci\u00f3n de poros ofrecido por Raas Aesthetics. Como no existe un tratamiento permanente para reducir los poros, con los tratamientos correctos para el cuidado de la piel, puede mantener la piel firme y clara, haciendo que los poros sean menos visibles.<\/p>\n\n\n\n<p><strong>Peelings tratamiento en casa<\/strong><\/p>\n\n\n\n<p>Las exfoliaciones caseras funcionan a largo plazo y se observan cambios inmediatos en la piel grasa y congestionada. Sin embargo, debe insistir en su aplicaci\u00f3n al menos una vez a la semana para que los poros parezcan m\u00e1s peque\u00f1os. Las mascarillas tambi\u00e9n son una mejor opci\u00f3n de tratamiento para minimizar los poros, sobre todo las de arcilla o algas. Las algas reafirman la piel y la arcilla absorbe la grasa. Los peelings con betahidroxi\u00e1cidos y alfahidroxi\u00e1cidos son seguros si los utilizas una vez a la semana.<\/p>\n\n\n\n<p><strong>Tratamiento con luz pulsada intensa<\/strong><\/p>\n\n\n\n<p>La terapia de Luz Pulsada Intensa ofrecida en Raas Aesthetics es tambi\u00e9n un tratamiento efectivo y seguro para minimizar los poros, que puede hacer que los poros parezcan m\u00e1s peque\u00f1os. Con este tratamiento, la luz penetra profundamente en la piel y estimula la producci\u00f3n de col\u00e1geno. Es capaz de penetrar en los niveles m\u00e1s profundos de la piel sin da\u00f1ar la capa superficial de la piel, y tambi\u00e9n es indoloro. El tratamiento con luz pulsada intensa tambi\u00e9n es una opci\u00f3n econ\u00f3mica para minimizar los poros y s\u00f3lo tarda entre 15 y 30 minutos en completarse. Tambi\u00e9n requiere sesiones m\u00ednimas que oscilan entre tres y cinco, que suelen ser suficientes para que los poros parezcan m\u00e1s peque\u00f1os y cerrados.<\/p>\n\n\n\n<p><strong>Isolaz Lazr Tratamiento de poros profundos<\/strong><\/p>\n\n\n\n<p>Este tratamiento de minimizaci\u00f3n de poros ofrecido en Raas Aesthetics es similar al tratamiento de Luz Pulsada Intensa, que combina un vac\u00edo con una luz reparadora. Arrastrar\u00e1 las c\u00e9lulas muertas, las bacterias y la grasa, que est\u00e1n atrapadas en el poro sin dolor, y estimular\u00e1 el col\u00e1geno.<\/p>\n\n\n\n<p><\/p>\n\n\n\n<h2 class=\"wp-block-heading\">Tratamiento facial blanqueador<\/h2>\n\n\n\n<p>\u00bfCu\u00e1les son los principales beneficios del hidrafacial en Miami? Consideremos los principales. \u00bfQu\u00e9 ventajas pueden obtener las personas que los utilizan en esta regi\u00f3n?<\/p>\n\n\n\n<h3 class=\"wp-block-heading\"><strong>Beneficios del tratamiento facial blanqueador<\/strong><\/h3>\n\n\n\n<p>Aunque es imposible cambiar el tono y el color naturales de la piel del rostro, los especialistas han desarrollado algunos tratamientos faciales blanqueadores m\u00e1s seguros, que pueden a\u00f1adir un color y un resplandor adicionales a la piel. Estos tratamientos utilizan \u00fanicamente ingredientes naturales para dar brillo a la piel y hacer que parezca sana y muy flexible.<\/p>\n\n\n\n<p><strong>\u00bfQu\u00e9 es exactamente un tratamiento facial blanqueador?<\/strong><\/p>\n\n\n\n<p>Un tratamiento facial blanqueador se refiere a la pr\u00e1ctica de hacer uso de sustancias qu\u00edmicas en un esfuerzo por aclarar el tono de la piel o para ofrecer un tono de piel uniforme mediante la inmersi\u00f3n de la concentraci\u00f3n de melanina en la piel.<\/p>\n\n\n\n<p><strong>Diferentes tipos de tratamientos faciales blanqueadores<\/strong><\/p>\n\n\n\n<p>Raas Aesthetics ofrece a los clientes una variedad de opciones de tratamiento para aclarar su tono de piel, incluyendo cremas blanqueadoras, l\u00e1ser y peelings qu\u00edmicos. Usted debe pensar sin embargo que no importa qu\u00e9 tratamiento usted elige hacer que no va a crear un efecto permanente y que la evasi\u00f3n del sol, as\u00ed como la aplicaci\u00f3n de protector solar, es necesario.<\/p>\n\n\n\n<p><strong>Blanqueamiento de la piel<\/strong><\/p>\n\n\n\n<p>El blanqueamiento cut\u00e1neo es un tratamiento ideal y seguro para blanquear la piel. Para ello se utiliza un agente blanqueador de la piel de uso seguro, conocido como hidroquinona. Se trata de un compuesto prescrito y recomendado por la mayor\u00eda de los dermat\u00f3logos, ya que act\u00faa como corrector de la tez para ofrecer a su piel un tono uniforme mediante la eliminaci\u00f3n de manchas e imperfecciones. Tambi\u00e9n mima la piel, mejorando su tono desde el interior, ofreci\u00e9ndole un brillo juvenil y una piel m\u00e1s clara. Las zonas peque\u00f1as pueden corregirse individualmente, pero no se puede utilizar el tratamiento para todo el cuerpo al mismo tiempo. Adem\u00e1s, algunas zonas se aclarar\u00e1n relativamente m\u00e1s que otras, pero se pueden emplear diversas intensidades.<\/p>\n\n\n\n<p><strong>Ba\u00f1o facial de melanina<\/strong><\/p>\n\n\n\n<p>El tratamiento facial de inmersi\u00f3n en melanina est\u00e1 repleto de las bondades del azafr\u00e1n y la morera, muy considerados por sus caracter\u00edsticas aclaradoras de la piel. La morera contiene arbutina y antioxidantes que evitan que la piel se oscurezca. La morera es reconocida por sus caracter\u00edsticas de restricci\u00f3n de la tirosinasa. El azafr\u00e1n es un remedio convencional de moda destinado a aclarar la piel. Realizar este tipo de tratamiento facial blanqueador cada 21 d\u00edas ofrecer\u00e1 a su piel un brillo juvenil.<\/p>\n\n\n\n<p><strong>Beneficios de los tratamientos faciales blanqueadores<\/strong><\/p>\n\n\n\n<p>Envejecer puede ser bastante dif\u00edcil cuando se trata del cuidado del esplendor. A medida que las personas envejecen, tienden a ofrecer toda su atenci\u00f3n a la forma en que cuidan su piel eligiendo diferentes tratamientos faciales blanqueadores. He aqu\u00ed algunos beneficios del tratamiento.<\/p>\n\n\n\n<ul class=\"wp-block-list\">\n<li>El tratamiento aclara la piel oscura de forma natural.<\/li>\n\n\n\n<li>Ofrece un aspecto m\u00e1s joven con un tono de piel uniforme, suave, brillante y sin imperfecciones.<\/li>\n\n\n\n<li>El tratamiento facial blanqueador de la piel es la forma m\u00e1s segura de conseguir una piel m\u00e1s joven y luminosa.<\/li>\n<\/ul>\n\n\n\n<p>En conclusi\u00f3n, los tratamientos Hydrafacial en Miami FL, ofrecen una soluci\u00f3n integral para abordar diversos problemas de la piel. Ya sea que est\u00e9 buscando mejorar la firmeza de la piel, combatir el tratamiento del acn\u00e9, o rejuvenecer la piel sensible, Hydrafacial proporciona tratamientos de cuidado de la piel a medida que se dirigen eficazmente a los problemas en la superficie de la piel. Experimente los beneficios transformadores de Hydrafacial mientras se embarca en un viaje hacia una piel m\u00e1s sana, clara y radiante.<\/p>\n\n\n\n<p>\u00a1El sal\u00f3n Luxaesthetika le invita a obtener uno de los hidrafaciales de mejor calidad en Miami!<\/p>\n\n\n\n<p><\/p>\n","protected":false},"excerpt":{"rendered":"<p>hidrafacial &#8211; hidrofacial en miami \u00bfCu\u00e1l es el hidrafacial m\u00e1s popular en Miami? Limpieza facial Hydra Facial hydrofacial \u00ab\u00a1Hollywood lo apreci\u00f3!\u00bb La limpieza en 4 pasos con la aplicaci\u00f3n de sueros multifuncionales dependiendo de los tipos de piel se ha ganado el reconocimiento de las estrellas de Hollywood: Cameron Diaz, Paris Hilton, Beyonce y muchas [&hellip;]<\/p>\n","protected":false},"author":1,"featured_media":7151,"parent":0,"menu_order":0,"comment_status":"closed","ping_status":"closed","template":"","meta":{"_eb_attr":"","footnotes":""},"class_list":["post-7150","page","type-page","status-publish","has-post-thumbnail","hentry"],"_links":{"self":[{"href":"https:\/\/luxaesthetika.com\/es\/wp-json\/wp\/v2\/pages\/7150","targetHints":{"allow":["GET"]}}],"collection":[{"href":"https:\/\/luxaesthetika.com\/es\/wp-json\/wp\/v2\/pages"}],"about":[{"href":"https:\/\/luxaesthetika.com\/es\/wp-json\/wp\/v2\/types\/page"}],"author":[{"embeddable":true,"href":"https:\/\/luxaesthetika.com\/es\/wp-json\/wp\/v2\/users\/1"}],"replies":[{"embeddable":true,"href":"https:\/\/luxaesthetika.com\/es\/wp-json\/wp\/v2\/comments?post=7150"}],"version-history":[{"count":1,"href":"https:\/\/luxaesthetika.com\/es\/wp-json\/wp\/v2\/pages\/7150\/revisions"}],"predecessor-version":[{"id":7152,"href":"https:\/\/luxaesthetika.com\/es\/wp-json\/wp\/v2\/pages\/7150\/revisions\/7152"}],"wp:featuredmedia":[{"embeddable":true,"href":"https:\/\/luxaesthetika.com\/es\/wp-json\/wp\/v2\/media\/7151"}],"wp:attachment":[{"href":"https:\/\/luxaesthetika.com\/es\/wp-json\/wp\/v2\/media?parent=7150"}],"curies":[{"name":"wp","href":"https:\/\/api.w.org\/{rel}","templated":true}]}}