{"id":7147,"date":"2021-07-03T23:13:43","date_gmt":"2021-07-03T23:13:43","guid":{"rendered":"https:\/\/luxaesthetika.com\/?page_id=7147"},"modified":"2024-03-30T00:49:23","modified_gmt":"2024-03-30T00:49:23","slug":"como-eliminar-las-estrias-de-forma-permanente","status":"publish","type":"page","link":"https:\/\/luxaesthetika.com\/es\/como-eliminar-las-estrias-de-forma-permanente\/","title":{"rendered":"C\u00f3mo eliminar las estr\u00edas de forma permanente"},"content":{"rendered":"\n<h2 class=\"wp-block-heading\">5 remedios naturales para saber c\u00f3mo eliminar las estr\u00edas<\/h2>\n\n\n\n<p><\/p>\n\n\n\n<figure class=\"wp-block-image size-full\"><img fetchpriority=\"high\" decoding=\"async\" width=\"800\" height=\"447\" src=\"https:\/\/luxaesthetika.com\/wp-content\/uploads\/2024\/03\/a7af5b35-cb5f-4038-a45e-6c9875902ced.jpg\" alt=\"How to Remove Stretch Marks Photo\" class=\"wp-image-6037\"  style=\"display:none\" srcset=\"https:\/\/luxaesthetika.com\/wp-content\/uploads\/2024\/03\/a7af5b35-cb5f-4038-a45e-6c9875902ced.jpg 800w, https:\/\/luxaesthetika.com\/wp-content\/uploads\/2024\/03\/a7af5b35-cb5f-4038-a45e-6c9875902ced-300x168.jpg 300w, https:\/\/luxaesthetika.com\/wp-content\/uploads\/2024\/03\/a7af5b35-cb5f-4038-a45e-6c9875902ced-768x429.jpg 768w\" sizes=\"(max-width: 800px) 100vw, 800px\" \/><\/figure>\n\n\n\n<p>C\u00f3mo eliminar las estr\u00edas de forma permanente: \u00bfHas notado algunas rayas de tigre en tu piel? No, no me refiero a ning\u00fan tatuaje de moda; son esas estr\u00edas rebeldes que suelen aparecer en nuestros muslos, vientre o brazos. Recuerdo perfectamente el momento en que vi por primera vez las m\u00edas, un recuerdo de mi \u00faltimo estir\u00f3n, mir\u00e1ndome en el espejo. Al principio, sent\u00ed como si mi piel hubiera traspasado sus l\u00edmites sin mi consentimiento. Pero antes de que te plantees taparte por completo para ir a la playa este verano, ten por seguro que existen soluciones naturales que te ayudar\u00e1n a atenuar las estr\u00edas y a devolver a tu piel su antiguo esplendor.<\/p>\n\n\n\n<p>Los remedios naturales pueden ser poderosos aliados, y estos remedios no son s\u00f3lo susurros del folclore. Est\u00e1n avalados por quienes han convertido sus cuartos de ba\u00f1o en minilaboratorios, experimentando con los productos de la Madre Naturaleza. Tanto si te aplicas aloe vera, el equivalente del mundo del cuidado de la piel a una compresa fr\u00eda, como si preparas un brebaje azucarado para un exfoliante digno de un spa, hay formas de hacer las paces con tu piel. Nos sumergiremos en algunas formas deliciosamente factibles y naturalmente nutritivas de decir adi\u00f3s a las estr\u00edas, o al menos difuminarlas, como una lente de enfoque suave en una c\u00e1mara antigua. Porque, seamos sinceros, \u00bfa qui\u00e9n no le apetece lucir una piel bonita sinti\u00e9ndose segura de s\u00ed misma?<\/p>\n\n\n\n<p><\/p>\n\n\n<div class=\"wp-block-image\">\n<figure class=\"aligncenter size-full\"><img decoding=\"async\" width=\"800\" height=\"442\" src=\"https:\/\/luxaesthetika.com\/wp-content\/uploads\/2024\/03\/5-Natural-Remedies.jpg\" alt=\"How to Remove Stretch Marks\" class=\"wp-image-6038\" srcset=\"https:\/\/luxaesthetika.com\/wp-content\/uploads\/2024\/03\/5-Natural-Remedies.jpg 800w, https:\/\/luxaesthetika.com\/wp-content\/uploads\/2024\/03\/5-Natural-Remedies-300x166.jpg 300w, https:\/\/luxaesthetika.com\/wp-content\/uploads\/2024\/03\/5-Natural-Remedies-768x424.jpg 768w\" sizes=\"(max-width: 800px) 100vw, 800px\" \/><\/figure>\n<\/div>\n\n\n<p><\/p>\n\n\n\n<h2 class=\"wp-block-heading\">Entender las estr\u00edas<\/h2>\n\n\n\n<p>Vamos a abordar un desconcertante problema de la piel con el que muchos de nosotros nos encontramos: las estr\u00edas. No, no son s\u00f3lo una \u00abinsignia de honor\u00bb de acontecimientos de la vida como el embarazo o los estirones. Estas molestas l\u00edneas son peque\u00f1os desgarros en la dermis, la resistente capa intermedia que ayuda a nuestra piel a conservar su forma. Cuando nuestro cuerpo cambia r\u00e1pidamente debido al aumento de peso, el crecimiento muscular o las fluctuaciones hormonales, la dermis puede estirarse m\u00e1s all\u00e1 de sus l\u00edmites el\u00e1sticos.<\/p>\n\n\n\n<p>\u00bfEl resultado? Rayas visibles en la superficie de la piel. Vienen en varios tonos, de p\u00farpura a plata, lo que refleja su edad. Ahora bien, saber a qu\u00e9 nos enfrentamos es la mitad de la batalla. Con este conocimiento, estamos mejor equipados para profundizar en los remedios naturales que pueden ayudar a desvanecer estas marcas reveladoras.<\/p>\n\n\n\n<h2 class=\"wp-block-heading\">El papel de la elasticidad de la piel en la formaci\u00f3n de estr\u00edas<\/h2>\n\n\n\n<p>\u00bfTe has preguntado alguna vez por qu\u00e9 a algunas personas les salen estr\u00edas y a otras no, a pesar de que la piel se estira de forma similar en situaciones como el embarazo o el aumento r\u00e1pido de peso? Todo se reduce a la elasticidad de la piel. Piensa que es como una goma el\u00e1stica. Algunas vuelven a su sitio despu\u00e9s de estirarse, mientras que otras\u2026 no tanto. Es una mezcla de gen\u00e9tica, hidrataci\u00f3n y nutrici\u00f3n lo que da forma a esta elasticidad. Factores como la edad, los cambios hormonales e incluso la exposici\u00f3n al sol tambi\u00e9n influyen en la capacidad de recuperaci\u00f3n de la piel.<\/p>\n\n\n\n<p>La incorporaci\u00f3n de alimentos ricos en col\u00e1geno, por ejemplo, podr\u00eda mejorar la flexibilidad de la piel, reduciendo potencialmente la probabilidad de que las estr\u00edas hagan su gran entrada. Ten en cuenta que, una vez que han llegado, restaurar la elasticidad no las borrar\u00e1, pero sin duda puede ayudar a disminuir su apariencia con el tiempo.<\/p>\n\n\n\n<h3 class=\"wp-block-heading\">\u00bfC\u00f3mo aparecen las primeras estr\u00edas?<\/h3>\n\n\n<div class=\"wp-block-image\">\n<figure class=\"aligncenter size-large\"><img decoding=\"async\" width=\"1024\" height=\"742\" src=\"https:\/\/luxaesthetika.com\/wp-content\/uploads\/2024\/03\/photo_2024-03-13_14-28-47-1024x742.jpg\" alt=\"How the skin stretches \" class=\"wp-image-6297\" srcset=\"https:\/\/luxaesthetika.com\/wp-content\/uploads\/2024\/03\/photo_2024-03-13_14-28-47-1024x742.jpg 1024w, https:\/\/luxaesthetika.com\/wp-content\/uploads\/2024\/03\/photo_2024-03-13_14-28-47-300x218.jpg 300w, https:\/\/luxaesthetika.com\/wp-content\/uploads\/2024\/03\/photo_2024-03-13_14-28-47-768x557.jpg 768w, https:\/\/luxaesthetika.com\/wp-content\/uploads\/2024\/03\/photo_2024-03-13_14-28-47-110x80.jpg 110w, https:\/\/luxaesthetika.com\/wp-content\/uploads\/2024\/03\/photo_2024-03-13_14-28-47.jpg 1280w\" sizes=\"(max-width: 1024px) 100vw, 1024px\" \/><\/figure>\n<\/div>\n\n\n<p>Las estr\u00edas tempranas, tambi\u00e9n llamadas estr\u00edas nuevas, pueden ser astutas. A diferencia de las estr\u00edas maduras blancas o plateadas, suelen aparecer como l\u00edneas rojizas o viol\u00e1ceas que pueden notarse ligeramente elevadas e incluso picar. Estas primeras estr\u00edas son tu oportunidad para luchar contra ellas. Aunque no puedes deshacerte por completo de las estr\u00edas, centrarte en una buena hidrataci\u00f3n, una dieta sana e hidratarte con ingredientes que fomenten la producci\u00f3n de col\u00e1geno y elastina puede reducir significativamente las estr\u00edas y ayudar a que desaparezcan m\u00e1s r\u00e1pido.<\/p>\n\n\n\n<h2 class=\"wp-block-heading\">1. Aloe Vera: El gel calmante<\/h2>\n\n\n\n<p>Tengo debilidad por el aloe vera, y no s\u00f3lo porque sea una fuente de energ\u00eda para tratar las estr\u00edas. Este milagroso vegetal tambi\u00e9n es un campe\u00f3n para los que quieren eliminar las estr\u00edas. Basta con aplicar el gel transparente y fresco directamente de la planta sobre las marcas y dejar que haga su magia. El truco est\u00e1 en aplicarlo con regularidad: convi\u00e9rtelo en parte de tu ritual diario de cuidado de la piel.<\/p>\n\n\n\n<p>Tambi\u00e9n puedes encontrar geles de aloe vera puro en la tienda, s\u00f3lo aseg\u00farate de que sea lo m\u00e1s natural posible. Las vitaminas y minerales que contienen las cremas y geles antiestr\u00edas ayudan a desarrollar las estr\u00edas y a cicatrizar la piel y mejorar su elasticidad, lo que puede reducir la aparici\u00f3n de esas molestas rayas con el tiempo. Adem\u00e1s, hidratan much\u00edsimo, lo que siempre es un triunfo para la salud de la piel.<\/p>\n\n\n\n<figure class=\"wp-block-image size-full\"><img loading=\"lazy\" decoding=\"async\" width=\"800\" height=\"456\" src=\"https:\/\/luxaesthetika.com\/wp-content\/uploads\/2024\/03\/11caed9b-5b34-45e9-8c44-4a4f7d8c54b6.jpg\" alt=\"How to Remove Stretch Marks Aloe Vera: The Soothing Gel \" class=\"wp-image-6035\" srcset=\"https:\/\/luxaesthetika.com\/wp-content\/uploads\/2024\/03\/11caed9b-5b34-45e9-8c44-4a4f7d8c54b6.jpg 800w, https:\/\/luxaesthetika.com\/wp-content\/uploads\/2024\/03\/11caed9b-5b34-45e9-8c44-4a4f7d8c54b6-300x171.jpg 300w, https:\/\/luxaesthetika.com\/wp-content\/uploads\/2024\/03\/11caed9b-5b34-45e9-8c44-4a4f7d8c54b6-768x438.jpg 768w\" sizes=\"(max-width: 800px) 100vw, 800px\" \/><\/figure>\n\n\n\n<p><\/p>\n\n\n\n<h2 class=\"wp-block-heading\">2. Exfoliantes de az\u00facar: Exfoliaci\u00f3n natural<\/h2>\n\n\n\n<p>Hablemos de una dulce soluci\u00f3n para un molesto problema: \u00a1esas estr\u00edas rebeldes! Hacer un exfoliante de az\u00facar es tan sencillo como asaltar la despensa. Mezcla az\u00facar granulado con un chorrito de aceite de almendras o de coco y un chorrito de miel. \u00bfPor qu\u00e9 az\u00facar? Es un humectante natural que aporta hidrataci\u00f3n a la piel, mientras que sus peque\u00f1as part\u00edculas lo convierten en un magn\u00edfico exfoliante que elimina las c\u00e9lulas muertas y deja paso a las nuevas. Masajear suavemente la piel con este exfoliante no s\u00f3lo vigoriza el flujo sangu\u00edneo, sino que tambi\u00e9n ayuda a difuminar esas marcas implacables. S\u00e9 realista: no hay nada mejor al natural, y tu piel te lo agradecer\u00e1.<\/p>\n\n\n\n<h2 class=\"wp-block-heading\">3. Zumo de lim\u00f3n: El blanqueador natural<\/h2>\n\n\n\n<p>\u00bfAlguna vez ha cortado un lim\u00f3n para el agua y se ha dado cuenta de que puede aclarar el color de las manchas de t\u00e9? Pues este mismo poder blanqueador natural puede funcionar con las estr\u00edas. Con su alto contenido en vitamina C, ayuda en la producci\u00f3n de col\u00e1geno, que repara y rejuvenece la piel.<\/p>\n\n\n\n<p>Exprime un poco de zumo de lim\u00f3n fresco sobre las estr\u00edas y fr\u00f3talo suavemente durante aproximadamente un minuto. A continuaci\u00f3n, deja que act\u00fae durante unos 10 minutos antes de retirarlo con agua tibia. El uso constante puede marcar una diferencia notable. Pero recuerda que no se soluciona de un d\u00eda para otro. Y haz siempre primero una prueba: la naturaleza es potente y la reacci\u00f3n de tu piel es clave.<\/p>\n\n\n\n<p><\/p>\n\n\n\n<figure class=\"wp-block-image size-full\"><img loading=\"lazy\" decoding=\"async\" width=\"800\" height=\"460\" src=\"https:\/\/luxaesthetika.com\/wp-content\/uploads\/2024\/03\/73ad58a6-0fb8-4b1e-b0f1-cfaca8bee12b.jpg\" alt=\"Lemon Juice: The Natural Bleaching Agent Stretch Marks removal\" class=\"wp-image-6036\" srcset=\"https:\/\/luxaesthetika.com\/wp-content\/uploads\/2024\/03\/73ad58a6-0fb8-4b1e-b0f1-cfaca8bee12b.jpg 800w, https:\/\/luxaesthetika.com\/wp-content\/uploads\/2024\/03\/73ad58a6-0fb8-4b1e-b0f1-cfaca8bee12b-300x173.jpg 300w, https:\/\/luxaesthetika.com\/wp-content\/uploads\/2024\/03\/73ad58a6-0fb8-4b1e-b0f1-cfaca8bee12b-768x442.jpg 768w\" sizes=\"(max-width: 800px) 100vw, 800px\" \/><\/figure>\n\n\n\n<p><\/p>\n\n\n\n<h2 class=\"wp-block-heading\">4. Aceites esenciales: Hidrataci\u00f3n y curaci\u00f3n<\/h2>\n\n\n\n<p>Imagina tu piel como una esponja sedienta, ansiosa por absorber todo el alimento que pueda. As\u00ed funcionan los aceites esenciales: sacian la sed de la piel. Por ejemplo, el aceite de lavanda, muy conocido por sus propiedades de regeneraci\u00f3n celular, es un verdadero aliado en la lucha contra las estr\u00edas. O el aceite de almendras, repleto de vitaminas E y K, que mejora la elasticidad de la piel.<\/p>\n\n\n\n<p>Unas gotas en tu crema hidratante diaria, o incluso aplicadas directamente durante un suave masaje, pueden hacer mucho. No podemos olvidarnos del poderoso d\u00fao formado por los aceites de rosa mosqueta y arg\u00e1n. Famosos por sus milagros antienvejecimiento, son pesos pesados en lo que a hidrataci\u00f3n y reparaci\u00f3n se refiere. Masajear estos aceites en las zonas propensas a las estr\u00edas puede dar a tu piel esa resistencia extra que necesita. Todo es cuesti\u00f3n de persistencia y constancia, pero cr\u00e9eme, \u00a1tu piel te lo agradecer\u00e1!<\/p>\n\n\n\n<h2 class=\"wp-block-heading\">5. Dieta sana: Nutrici\u00f3n desde dentro<\/h2>\n\n\n\n<p>Somos lo que comemos: este viejo dicho es especialmente cierto cuando se trata de la salud de la piel. Imagina tu cuerpo como un jard\u00edn; igual que las plantas necesitan el equilibrio adecuado de nutrientes para crecer sanas, tu piel necesita una dieta nutritiva para repararse y mantenerse resistente. Para esas molestas estr\u00edas, piensa en alimentos ricos en vitaminas C y E, zinc y s\u00edlice para favorecer la producci\u00f3n de col\u00e1geno y la regeneraci\u00f3n de la piel.<\/p>\n\n\n\n<p>Las naranjas, por ejemplo, no s\u00f3lo sirven para prevenir los resfriados, sino que tambi\u00e9n ayudan a mantener la piel flexible. Y no olvidemos el poder de las verduras de hoja verde o los frutos secos, cargados de vitaminas que pueden ayudar a la piel a recuperarse del estiramiento. Si tratas las estr\u00edas de tu cuerpo con un surtido de alimentos saludables, estar\u00e1s preparando el terreno para un proceso de reparaci\u00f3n natural que puede hacer que esas estr\u00edas desaparezcan, permitiendo que tu piel recupere su antiguo esplendor.<\/p>\n\n\n\n<p><\/p>\n\n\n\n<figure class=\"wp-block-image size-full\"><img loading=\"lazy\" decoding=\"async\" width=\"800\" height=\"555\" src=\"https:\/\/luxaesthetika.com\/wp-content\/uploads\/2024\/03\/9c09a340-7904-4d58-91a5-22e85490a4e5.jpg\" alt=\"stretch marks Befor and After Photo\" class=\"wp-image-6034\" srcset=\"https:\/\/luxaesthetika.com\/wp-content\/uploads\/2024\/03\/9c09a340-7904-4d58-91a5-22e85490a4e5.jpg 800w, https:\/\/luxaesthetika.com\/wp-content\/uploads\/2024\/03\/9c09a340-7904-4d58-91a5-22e85490a4e5-300x208.jpg 300w, https:\/\/luxaesthetika.com\/wp-content\/uploads\/2024\/03\/9c09a340-7904-4d58-91a5-22e85490a4e5-768x533.jpg 768w\" sizes=\"(max-width: 800px) 100vw, 800px\" \/><\/figure>\n\n\n\n<h2 class=\"wp-block-heading\">Prevenir las estr\u00edas con el cuidado de la piel a largo plazo<\/h2>\n\n\n\n<p>Seguro que preparar un exfoliante de az\u00facar o frotarte la piel con una rodaja de lim\u00f3n puede parecer una victoria contra esas estr\u00edas rebeldes. Pero no olvidemos el poder de la defensa. Es mucho m\u00e1s f\u00e1cil prevenir las estr\u00edas que hacerlas desaparecer. Piensa en tu piel como si fuera tu bolso de piel favorito: si lo cuidas bien, se mantiene liso; si lo descuidas, se llena de grietas y arrugas.<\/p>\n\n\n\n<p>As\u00ed que, para prevenir las estr\u00edas, empieza por mantener la piel flexible mediante la hidrataci\u00f3n: bebe agua e hidr\u00e1tate como si estuvieras evitando un apocalipsis de piel cenicienta. Y no te saltes los alimentos ricos en vitaminas A y E; son como los VIP del club de la elasticidad de la piel. Recuerda, un poco de cari\u00f1o diario ayuda mucho a mantener la textura de tu piel tan consistente como tu rutina de caf\u00e9 matutino.<\/p>\n\n\n\n<p>Admit\u00e1moslo: aunque las estr\u00edas son una parte natural del tapiz de la vida, eso no significa que no podamos minimizar su aparici\u00f3n. Ya hemos hablado de algunos remedios naturales: aloe vera, exfoliantes de az\u00facar, zumo de lim\u00f3n, aceites esenciales y una nutrici\u00f3n adecuada. Cada uno de ellos puede desempe\u00f1ar un papel fundamental a la hora de ayudar a tu piel a recuperar su tersura y tono.<\/p>\n\n\n\n<p>Sin embargo, la verdadera salsa secreta es la constancia y la paciencia. Estas marcas no aparecieron de la noche a la ma\u00f1ana, as\u00ed que tampoco desaparecer\u00e1n inmediatamente. Ahora ya sabes c\u00f3mo eliminar las estr\u00edas de forma permanente con los mejores remedios naturales. Aplica estos remedios con regularidad y dale a tu piel el tiempo que necesita para curarse. Y recuerda que la belleza de tu piel va m\u00e1s all\u00e1 de la superficie, as\u00ed que aprovecha el viaje del autocuidado y el poder curativo natural de tu cuerpo.<\/p>\n","protected":false},"excerpt":{"rendered":"<p>5 remedios naturales para saber c\u00f3mo eliminar las estr\u00edas C\u00f3mo eliminar las estr\u00edas de forma permanente: \u00bfHas notado algunas rayas de tigre en tu piel? No, no me refiero a ning\u00fan tatuaje de moda; son esas estr\u00edas rebeldes que suelen aparecer en nuestros muslos, vientre o brazos. Recuerdo perfectamente el momento en que vi por [&hellip;]<\/p>\n","protected":false},"author":1,"featured_media":7148,"parent":0,"menu_order":0,"comment_status":"closed","ping_status":"closed","template":"","meta":{"_eb_attr":"","footnotes":""},"class_list":["post-7147","page","type-page","status-publish","has-post-thumbnail","hentry"],"_links":{"self":[{"href":"https:\/\/luxaesthetika.com\/es\/wp-json\/wp\/v2\/pages\/7147","targetHints":{"allow":["GET"]}}],"collection":[{"href":"https:\/\/luxaesthetika.com\/es\/wp-json\/wp\/v2\/pages"}],"about":[{"href":"https:\/\/luxaesthetika.com\/es\/wp-json\/wp\/v2\/types\/page"}],"author":[{"embeddable":true,"href":"https:\/\/luxaesthetika.com\/es\/wp-json\/wp\/v2\/users\/1"}],"replies":[{"embeddable":true,"href":"https:\/\/luxaesthetika.com\/es\/wp-json\/wp\/v2\/comments?post=7147"}],"version-history":[{"count":1,"href":"https:\/\/luxaesthetika.com\/es\/wp-json\/wp\/v2\/pages\/7147\/revisions"}],"predecessor-version":[{"id":7149,"href":"https:\/\/luxaesthetika.com\/es\/wp-json\/wp\/v2\/pages\/7147\/revisions\/7149"}],"wp:featuredmedia":[{"embeddable":true,"href":"https:\/\/luxaesthetika.com\/es\/wp-json\/wp\/v2\/media\/7148"}],"wp:attachment":[{"href":"https:\/\/luxaesthetika.com\/es\/wp-json\/wp\/v2\/media?parent=7147"}],"curies":[{"name":"wp","href":"https:\/\/api.w.org\/{rel}","templated":true}]}}