{"id":7145,"date":"2019-06-11T04:39:48","date_gmt":"2019-06-11T04:39:48","guid":{"rendered":"https:\/\/luxaesthetika.com\/?page_id=7145"},"modified":"2024-03-30T00:45:47","modified_gmt":"2024-03-30T00:45:47","slug":"faq-lux-aesthetic","status":"publish","type":"page","link":"https:\/\/luxaesthetika.com\/es\/faq-lux-aesthetic\/","title":{"rendered":"FAQ \u2014 Lux Aesthetic"},"content":{"rendered":"<p>Simple y llanamente, no apresuramos nuestros servicios y no esperamos que nuestros clientes nos apresuren. Aqu\u00ed en Lux, nos gusta tomarnos nuestro tiempo con todos y cada uno de nuestros clientes. Proporcionamos el servicio m\u00e1s superior y transparente educando completamente a nuestros clientes durante todo el procedimiento para que sean conscientes de lo que pueden esperar. Dar forma a sus cejas por s\u00ed solo puede tardar hasta una hora dependiendo de lo mucho que hay que cambiar o corregir. La segunda hora es para adormecer (\u00a1y nos aseguramos de adormecerle muy bien!) Y el procedimiento en s\u00ed es de 1,5 horas. Tenemos en cuenta que usted est\u00e1 invirtiendo su tiempo y su dinero en este procedimiento y que usted ha hecho la investigaci\u00f3n. Por lo tanto, creemos que es justo que nos tomemos nuestro tiempo con usted;<\/p>\n<h2>\u00bfPor qu\u00e9 no puedo llevar a mis hijos a la consulta?<\/h2>\n<p>La seguridad es nuestra mayor preocupaci\u00f3n y debido a que se utilizar\u00e1n objetos punzantes y agujas durante los procedimientos que ofrecemos, pedimos que ning\u00fan ni\u00f1o est\u00e9 presente durante su tratamiento. Queremos ser capaces de darle el mejor servicio posible sin tener que preocuparse por las distracciones.<\/p>\n<h2>\u00bfHACEN DESCUENTOS?<\/h2>\n<p>Ofrecemos descuentos en Microblading, PMU y Microneedling a las personas mayores de 65 a\u00f1os. Y tambi\u00e9n tenemos promociones durante todo el a\u00f1o para varios tratamientos. S\u00edguenos en Facebook o Instagram para no perderte ninguna promoci\u00f3n.<\/p>\n","protected":false},"excerpt":{"rendered":"<p>Simple y llanamente, no apresuramos nuestros servicios y no esperamos que nuestros clientes nos apresuren. Aqu\u00ed en Lux, nos gusta tomarnos nuestro tiempo con todos y cada uno de nuestros clientes. Proporcionamos el servicio m\u00e1s superior y transparente educando completamente a nuestros clientes durante todo el procedimiento para que sean conscientes de lo que pueden [&hellip;]<\/p>\n","protected":false},"author":1,"featured_media":6541,"parent":0,"menu_order":0,"comment_status":"closed","ping_status":"open","template":"","meta":{"_eb_attr":"","footnotes":""},"class_list":["post-7145","page","type-page","status-publish","has-post-thumbnail","hentry"],"_links":{"self":[{"href":"https:\/\/luxaesthetika.com\/es\/wp-json\/wp\/v2\/pages\/7145","targetHints":{"allow":["GET"]}}],"collection":[{"href":"https:\/\/luxaesthetika.com\/es\/wp-json\/wp\/v2\/pages"}],"about":[{"href":"https:\/\/luxaesthetika.com\/es\/wp-json\/wp\/v2\/types\/page"}],"author":[{"embeddable":true,"href":"https:\/\/luxaesthetika.com\/es\/wp-json\/wp\/v2\/users\/1"}],"replies":[{"embeddable":true,"href":"https:\/\/luxaesthetika.com\/es\/wp-json\/wp\/v2\/comments?post=7145"}],"version-history":[{"count":1,"href":"https:\/\/luxaesthetika.com\/es\/wp-json\/wp\/v2\/pages\/7145\/revisions"}],"predecessor-version":[{"id":7146,"href":"https:\/\/luxaesthetika.com\/es\/wp-json\/wp\/v2\/pages\/7145\/revisions\/7146"}],"wp:featuredmedia":[{"embeddable":true,"href":"https:\/\/luxaesthetika.com\/es\/wp-json\/wp\/v2\/media\/6541"}],"wp:attachment":[{"href":"https:\/\/luxaesthetika.com\/es\/wp-json\/wp\/v2\/media?parent=7145"}],"curies":[{"name":"wp","href":"https:\/\/api.w.org\/{rel}","templated":true}]}}