{"id":7130,"date":"2021-07-15T05:01:56","date_gmt":"2021-07-15T05:01:56","guid":{"rendered":"https:\/\/luxaesthetika.com\/?page_id=7130"},"modified":"2024-03-30T00:33:13","modified_gmt":"2024-03-30T00:33:13","slug":"crioterapia","status":"publish","type":"page","link":"https:\/\/luxaesthetika.com\/es\/crioterapia\/","title":{"rendered":"Crioterapia"},"content":{"rendered":"\n<h2 class=\"wp-block-heading\"><strong>5 asombrosos beneficios del estiramiento facial con crioterapia en Miami que debe conocer\u2026<\/strong><\/h2>\n\n\n\n<p>As\u00ed que all\u00ed estaba yo, tom\u00e1ndome un zumo verde prensado en fr\u00edo, cuando o\u00ed a las se\u00f1oras de Miami de la mesa de al lado charlando sobre su \u00faltima obsesi\u00f3n de belleza. Digamos que mis o\u00eddos se agudizaron cuando o\u00ed \u00ablifting\u00bb y \u00abfr\u00edo glacial\u00bb en la misma frase. Resulta que no se refer\u00edan a ning\u00fan deporte extremo de invierno, sino a las bondades heladas de los lifting faciales con crioterapia. Ahora bien, si te est\u00e1s preguntando c\u00f3mo congelarte la cara puede ser otra cosa que un reto, no eres el \u00fanico. Pero mant\u00e9n tu escepticismo a raya, porque estos tratamientos helados est\u00e1n dando mucho que hablar.<\/p>\n\n\n\n<p><\/p>\n\n\n\n<figure class=\"wp-block-image size-full\"><img fetchpriority=\"high\" decoding=\"async\" width=\"780\" height=\"516\" src=\"https:\/\/luxaesthetika.com\/wp-content\/uploads\/2024\/03\/Cryotherapy-FaceLifts-in-Miami-.jpg\" alt=\"Cryotherapy FaceLifts in Miami PHOTO\" class=\"wp-image-6050\"  style=\"display:none\" srcset=\"https:\/\/luxaesthetika.com\/wp-content\/uploads\/2024\/03\/Cryotherapy-FaceLifts-in-Miami-.jpg 780w, https:\/\/luxaesthetika.com\/wp-content\/uploads\/2024\/03\/Cryotherapy-FaceLifts-in-Miami--300x198.jpg 300w, https:\/\/luxaesthetika.com\/wp-content\/uploads\/2024\/03\/Cryotherapy-FaceLifts-in-Miami--768x508.jpg 768w\" sizes=\"(max-width: 780px) 100vw, 780px\" \/><\/figure>\n\n\n\n<p><\/p>\n\n\n\n<p>Imagine mejorar la salud de su piel sin pasar por el quir\u00f3fano ni pincharse con agujas. Se trata de relajarse, literalmente. Con los estiramientos faciales crioter\u00e1picos, cambiamos el calor tropical por un poco de mimo con algunas ventajas importantes. Desde la desaparici\u00f3n de la hinchaz\u00f3n hasta la vuelta atr\u00e1s del reloj en el cutis, estos beneficios est\u00e1n llamando la atenci\u00f3n m\u00e1s r\u00e1pido que una puesta de sol en Miami. As\u00ed que vamos a sumergirnos en esta fr\u00eda tendencia y descubrir por qu\u00e9 tu rutina de belleza podr\u00eda necesitar un frente fr\u00edo.<\/p>\n\n\n\n<h2 class=\"wp-block-heading\"><strong>\u00bfQu\u00e9 es el lifting facial con crioterapia?<\/strong><\/h2>\n\n\n\n<p>Imagine dar a su rostro un impulso refrescante y vigorizante sin pasar por el quir\u00f3fano. En eso consiste la crioterapia FaceLift. Al exponer la piel del rostro a temperaturas bajo cero, se estimulan un mont\u00f3n de incre\u00edbles respuestas naturales del cuerpo. B\u00e1sicamente, la piel piensa que la han metido en un mini congelador, pero en el buen sentido. Este fr\u00edo despertar reduce el flujo sangu\u00edneo al principio, pero lo aumenta enormemente una vez que entras en calor, algo as\u00ed como tu propia mini zambullida de oso polar sin la conmoci\u00f3n de todo el cuerpo. El ambiente resplandeciente de Miami y su b\u00fasqueda del eterno resplandor veraniego la convierten en un punto caliente (\u00bfo deber\u00eda decir punto fr\u00edo?) para esta tendencia. Cr\u00e9eme, en una ciudad donde lucir un aspecto fresco y juvenil es pr\u00e1cticamente un deporte, \u00a1esto es algo maravilloso!<\/p>\n\n\n\n<h2 class=\"wp-block-heading\"><strong>Beneficio n\u00ba 1: Reduce la inflamaci\u00f3n y la hinchaz\u00f3n<\/strong><\/h2>\n\n\n\n<p>Imag\u00ednese salir del calor templado de Miami y entrar en el fr\u00edo refrescante de una sesi\u00f3n de crioterapia. El descenso instant\u00e1neo de la temperatura no es s\u00f3lo vigorizante, es como pulsar un bot\u00f3n de reinicio para su cara. La hinchaz\u00f3n y la inflamaci\u00f3n no tienen ninguna oportunidad. Es habitual que nuestro rostro acumule tensi\u00f3n e hinchaz\u00f3n, un recuerdo del estr\u00e9s diario o de la falta de sue\u00f1o ocasional. El fr\u00edo selectivo de un lifting facial con crioterapia act\u00faa a nivel celular, contrayendo los vasos sangu\u00edneos y reduciendo la inflamaci\u00f3n in situ. \u00bfEl resultado? Un rostro que se ve levantado, definido y con una cierta resistencia juvenil que sienta tan bien como parece. As\u00ed que diga adi\u00f3s a ese aspecto cansado e hinchado y abrace el camino congelado hacia el rejuvenecimiento.<\/p>\n\n\n\n<h2 class=\"wp-block-heading\"><strong>Beneficio n\u00ba 2: Aumenta la producci\u00f3n de col\u00e1geno<\/strong><\/h2>\n\n\n\n<p>\u00bfSe ha preguntado alguna vez por qu\u00e9 la gente de Miami conf\u00eda en los efectos rejuvenecedores de los estiramientos faciales con crioterapia? Vamos a sumergirnos en la ciencia. La exposici\u00f3n de la piel a temperaturas bajo cero durante este tratamiento estimula sorprendentemente la producci\u00f3n de col\u00e1geno. S\u00ed, el col\u00e1geno, la prote\u00edna que es como el santo grial para una piel flexible y joven. Es lo que hace que tu piel rebote como un par de zapatillas nuevas. A medida que envejecemos, la producci\u00f3n de col\u00e1geno de nuestro cuerpo se ralentiza, lo que provoca las temidas arrugas y la flacidez de la piel. La crioterapia pone en marcha la f\u00e1brica de col\u00e1geno del cuerpo para que produzca m\u00e1s cantidad de esta maravilla que alisa las arrugas. Con sesiones regulares, la piel recupera parte de su elasticidad juvenil y aparece m\u00e1s tersa y firme. No se trata de magia, sino de ciencia en acci\u00f3n que saca lo mejor de tu piel.<\/p>\n\n\n\n<h2 class=\"wp-block-heading\"><strong>Beneficio n\u00ba 3: Mejora la circulaci\u00f3n para un brillo m\u00e1s saludable<\/strong><\/h2>\n\n\n\n<p>\u00bfHas notado alguna vez c\u00f3mo un paseo a paso ligero por una playa de Miami te deja la cara radiante de frescura? \u00a1Se trata de hacer que la sangre bombee! Los estiramientos faciales con crioterapia activan la circulaci\u00f3n en la cara, como una buena sesi\u00f3n de cardio, pero sin sudor. Las bajas temperaturas hacen que los vasos sangu\u00edneos se contraigan y luego se dilaten, aumentando el flujo sangu\u00edneo una vez finalizada la sesi\u00f3n. Piense que se trata de unas minivacaciones para el rostro en las que la circulaci\u00f3n va por la v\u00eda r\u00e1pida, aportando una gran cantidad de ox\u00edgeno y nutrientes. \u00bfEl resultado? Un cutis que parece haber sido besado por el sol tropical de Miami: vibrante, lleno de vida e innegablemente resplandeciente. Sin necesidad de filtros, s\u00f3lo tu rostro luciendo su brillo natural.<\/p>\n\n\n\n<h2 class=\"wp-block-heading\"><strong>Beneficio n\u00ba 4: Reduce el tama\u00f1o de los poros<\/strong><\/h2>\n\n\n\n<p>\u00bfHas notado alguna vez c\u00f3mo un chorrito de agua fr\u00eda tiende a tensar tu piel? Pues imag\u00ednese esa sensaci\u00f3n intensificada, pero de la mejor manera posible. Eso es b\u00e1sicamente lo que un Cryo FaceLift hace con sus poros. El fr\u00edo extremo hace que se contraigan, reduciendo considerablemente su apariencia. No es s\u00f3lo mi opini\u00f3n; hay datos cient\u00edficos que lo respaldan. Y el efecto no es pasajero, sino que dura un buen rato, haciendo que su piel tenga un aspecto m\u00e1s liso y refinado. Cr\u00e9eme, una vez que veas la diferencia en el espejo, querr\u00e1s hacer de esas sesiones de fr\u00edo una parte habitual de tu rutina.<\/p>\n\n\n\n<h2 class=\"wp-block-heading\"><strong>Ventaja n\u00ba 5: Ofrece una alternativa no invasiva al lifting facial tradicional<\/strong><\/h2>\n\n\n\n<p>Entonces, \u00bfle intriga la idea de un cutis rejuvenecido, pero le echa para atr\u00e1s la idea de pasar por el quir\u00f3fano? El lifting facial con crioterapia es su aliado. A diferencia de los estiramientos faciales convencionales, que a menudo implican un tiempo de recuperaci\u00f3n considerable y el riesgo de complicaciones, la crioterapia es la autopista sin peajes. Literalmente, puede salir de la cl\u00ednica con la mejor versi\u00f3n de s\u00ed mismo sin ning\u00fan signo revelador de cirug\u00eda. He visto a amigos volver a sus rutinas al instante, lo que es imposible con los m\u00e9todos tradicionales. Este es su billete de oro para un aspecto juvenil sin las ataduras quir\u00fargicas.<\/p>\n\n\n\n<h2 class=\"wp-block-heading\"><strong>Experiencias y testimonios de clientes<\/strong><\/h2>\n\n\n\n<p>\u00bfAlguna vez ha hablado con alguien que no pod\u00eda dejar de hablar de c\u00f3mo se siente despu\u00e9s de un tratamiento refrescante? Bueno, aqu\u00ed en Miami, todo el mundo habla de los estiramientos faciales con crioterapia. Rita, por ejemplo, es una agente inmobiliaria que siempre tiene clientes delante. Despu\u00e9s de sus sesiones de crioterapia, jura que su piel nunca se ha sentido tan firme y viva; \u00a1las fotos de sus anuncios son prueba suficiente! Tambi\u00e9n est\u00e1 Alex, un preparador f\u00edsico, que presume de que incluso sus alumnos notan el aspecto juvenil que ha adquirido de repente. El resplandor no es s\u00f3lo de sus entrenamientos, te dir\u00e1 con un gui\u00f1o. Historias como estas no son meras casualidades, sino ecos de la confianza que esta maravilla fr\u00eda est\u00e1 dando a la gente de toda la ciudad.<\/p>\n\n\n\n<h2 class=\"wp-block-heading\"><strong>C\u00f3mo elegir un proveedor de crioterapia de confianza en Miami<\/strong><\/h2>\n\n\n\n<p>\u00bfAs\u00ed que est\u00e1s tentado de ponerte un refresco helado en la cara y Miami es tu campo de juego? Buena idea, pero no te lances en fr\u00edo. Es crucial que te pongas en contacto con un centro de crioterapia de confianza. En primer lugar, f\u00edjate en su licencia. \u00bfSon de fiar? Quieres profesionales cualificados, no un tipo con una bolsa de hielo y un sue\u00f1o. En segundo lugar, la experiencia habla. Busca expertos curtidos que hayan hecho una monta\u00f1a de estiramientos faciales helados. En tercer lugar, no descuides la calidad del equipo. Unas m\u00e1quinas de primera significan unos resultados de primera. Y por \u00faltimo, lee las cr\u00edticas. Si los clientes anteriores hablan maravillas, es probable que sea un ganador. Sigue estos pasos y estar\u00e1s a la altura de los mejores, \u00a1con un rostro deslumbrante por si fuera poco!<\/p>\n\n\n\n<h2 class=\"wp-block-heading\"><strong>La criolip\u00f3lisis presenta varias ventajas con respecto a la correcci\u00f3n quir\u00fargica de la silueta<\/strong><\/h2>\n\n\n\n<p>La criolip\u00f3lisis presenta varias ventajas con respecto a la correcci\u00f3n quir\u00fargica de la silueta: Como resultado de la criolip\u00f3lisis, el n\u00famero de c\u00e9lulas grasas puede reducirse a la mitad. El procedimiento no es traum\u00e1tico. La exposici\u00f3n al fr\u00edo se realiza sin anestesia y se tolera bien. Las c\u00e9lulas grasas destruidas durante la criolip\u00f3lisis no se recuperan. Despu\u00e9s del procedimiento, no se requiere ninguna dieta especial. La criolip\u00f3lisis es adecuada para la correcci\u00f3n local de zonas problem\u00e1ticas. No es necesaria una rehabilitaci\u00f3n especial despu\u00e9s de la lip\u00f3lisis. La ausencia de un resultado instant\u00e1neo significa que los productos de la descomposici\u00f3n se excretan gradualmente, sin crear una carga adicional para el h\u00edgado y el sistema excretor.<\/p>\n\n\n\n<figure class=\"wp-block-image size-large is-resized\"><img decoding=\"async\" src=\"https:\/\/luxaesthetika.com\/wp-content\/uploads\/2021\/07\/colour-therapy.jpg\" alt=\"colour therapy in miami\" class=\"wp-image-401\" width=\"781\" height=\"584\" srcset=\"https:\/\/luxaesthetika.com\/wp-content\/uploads\/2021\/07\/colour-therapy.jpg 578w, https:\/\/luxaesthetika.com\/wp-content\/uploads\/2021\/07\/colour-therapy-300x224.jpg 300w\" sizes=\"(max-width: 781px) 100vw, 781px\" \/><\/figure>\n\n\n\n<h3 class=\"wp-block-heading\"><strong>C\u00f3mo es el procedimiento:<\/strong><\/h3>\n\n\n\n<ul class=\"wp-block-list\">\n<li>Antes de la criolip\u00f3lisis, se determinan las zonas del cuerpo que necesitan correcci\u00f3n y se mide el grosor de la capa lip\u00eddica. A continuaci\u00f3n, para mayor claridad del resultado, se realizan mediciones de volumen.<\/li>\n<\/ul>\n\n\n\n<ul class=\"wp-block-list\">\n<li>El aparato de criolip\u00f3lisis consiste en una boquilla que capta una zona de piel con grasa subcut\u00e1nea y la enfr\u00eda uniformemente. La epidermis externa, acostumbrada a los cambios de temperatura, no sufre, y las c\u00e9lulas lip\u00eddicas mueren para siempre.<\/li>\n<\/ul>\n\n\n\n<ul class=\"wp-block-list\">\n<li>Por t\u00e9rmino medio, una intervenci\u00f3n dura unos 40-50 minutos. La duraci\u00f3n del ciclo completo se conocer\u00e1 en la consulta en funci\u00f3n de las caracter\u00edsticas del organismo del paciente. Para acelerar la salida del flujo sangu\u00edneo y linf\u00e1tico, se recomienda beber m\u00e1s agua.<\/li>\n<\/ul>\n\n\n\n<h2 class=\"wp-block-heading\"><strong>Tipos de lifting y sistemas de tonificaci\u00f3n facial recomendados por Lux Aesthetic<\/strong><\/h2>\n\n\n\n<h3 class=\"wp-block-heading\"><strong>\u00bfQu\u00e9 es un lifting facial?<\/strong><\/h3>\n\n\n\n<p>El lifting facial es un tipo de intervenci\u00f3n de cirug\u00eda est\u00e9tica que se utiliza para ofrecer un aspecto facial m\u00e1s joven. Suele consistir en la eliminaci\u00f3n de la piel facial sobrante, con o sin tensado de los tejidos subyacentes, y en el rejuvenecimiento de la piel del cuello y la cara del paciente. El lifting facial se combina eficazmente con la cirug\u00eda de p\u00e1rpados, conocida como blefaroplastia, y otros m\u00e9todos faciales, y suele realizarse bajo sue\u00f1o crepuscular profundo o anestesia general.<\/p>\n\n\n\n<h3 class=\"wp-block-heading\"><strong>\u00bfQu\u00e9 es la tonificaci\u00f3n facial?<\/strong><\/h3>\n\n\n\n<p>La tonificaci\u00f3n facial es tambi\u00e9n un tipo de procedimiento cosm\u00e9tico o herramienta de tratamiento f\u00edsico, que garantiza cambiar las curvas faciales aumentando el tono muscular, y el volumen facial respaldando la hipertrofia muscular, y evitando la p\u00e9rdida muscular debido a la par\u00e1lisis facial o al envejecimiento. Se trata, por tanto, en parte, de un m\u00e9todo para lograr la mejora facial mediante la eliminaci\u00f3n de arrugas, flacidez y marcas en la piel y el rostro. Como tratamiento f\u00edsico, la tonificaci\u00f3n facial se utiliza en pacientes con apoplej\u00eda y formas de par\u00e1lisis facial, como la par\u00e1lisis de Bell.<\/p>\n\n\n\n<h3 class=\"wp-block-heading\"><strong>Tipos de lifting<\/strong><\/h3>\n\n\n\n<p>Existen numerosos tipos de lifting facial entre los que los pacientes pueden elegir, seg\u00fan sus preferencias y objetivos est\u00e9ticos, el tiempo de inactividad y la recuperaci\u00f3n, los riesgos que conlleva y su estructura facial. Normalmente, cada tipo de lifting facial se diferencia por el tipo de corte, la zona de la cara a la que va dirigido, la cantidad de capas de tejido tratadas y su nivel de invasividad. Algunos de los procedimientos de lifting facial m\u00e1s utilizados son:<\/p>\n\n\n\n<p><strong><strong>El Lifting Plano Profundo<\/strong>: Este tipo de lifting consiste en elevar, liberar y recolocar el sistema musculoaponeur\u00f3tico externo.<\/strong><\/p>\n\n\n\n<p><strong><strong>El lifting SMAS<\/strong>: Este procedimiento incide en las capas superiores exteriores de la piel y en los tejidos m\u00e1s profundos del cuello y el rostro.<\/strong><\/p>\n\n\n\n<p><strong><strong>Lifting de cicatrices cortas<\/strong>: Este es un nombre paraguas para numerosos estiramientos faciales, que implican cicatrices acortadas.<\/strong><\/p>\n\n\n\n<p><strong><strong>Estiramiento facial endosc\u00f3pico<\/strong>: Durante este procedimiento, el cirujano emplea una b\u00fasqueda en forma de l\u00e1piz a trav\u00e9s de una peque\u00f1a c\u00e1mara conectada a \u00e9l para enviar im\u00e1genes de v\u00eddeo de las estructuras faciales internas del paciente a una pantalla de televisi\u00f3n en la sala de cirug\u00eda.<\/strong><\/p>\n\n\n\n<p><strong><strong>El estiramiento del tercio medio facial o de las mejillas<\/strong>: Este procedimiento se centra en el tercio medio de la cara del paciente. Las incisiones se colocan en la l\u00ednea del cabello y en el interior de la boca del paciente. A continuaci\u00f3n, el cirujano eleva y recoloca la capa de grasa innata por encima de los p\u00f3mulos del paciente.<\/strong><\/p>\n\n\n\n<p><strong><strong>Estiramiento facial con c\u00e9lulas madre<\/strong>: Este estiramiento facial es un procedimiento de dos pasos que implica inyecciones de grasa en la cara del paciente para a\u00f1adir volumen.<\/strong><\/p>\n\n\n\n<p><strong><strong>El lifting de hilos<\/strong>: Este procedimiento utiliza peque\u00f1as p\u00faas de sutura que funcionan como un gancho para recoger las capas de piel del paciente hacia arriba, tensando as\u00ed la piel del paciente.<\/strong><\/p>\n\n\n\n<figure class=\"wp-block-image size-large\"><img decoding=\"async\" width=\"634\" height=\"394\" src=\"https:\/\/luxaesthetika.com\/wp-content\/uploads\/2021\/07\/dead-fat-cells.jpg\" alt=\"dead fat cells\" class=\"wp-image-402\" srcset=\"https:\/\/luxaesthetika.com\/wp-content\/uploads\/2021\/07\/dead-fat-cells.jpg 634w, https:\/\/luxaesthetika.com\/wp-content\/uploads\/2021\/07\/dead-fat-cells-300x186.jpg 300w\" sizes=\"(max-width: 634px) 100vw, 634px\" \/><\/figure>\n\n\n\n<h2 class=\"wp-block-heading\"><strong>Diferentes sistemas de tratamiento tonificante facial<\/strong><\/h2>\n\n\n\n<p>A medida que una persona envejece, los m\u00fasculos faciales empiezan a perder tono y flexibilidad de forma natural. La herencia, el estilo de vida, las variaciones de peso y los factores ecol\u00f3gicos pueden influir en el ritmo y el grado de p\u00e9rdida de tono de los m\u00fasculos de una persona mayor. Un rostro fl\u00e1cido puede hacer que la persona parezca cansada, infeliz y m\u00e1s vieja que los a\u00f1os de juventud. La tonificaci\u00f3n facial ofrece una soluci\u00f3n no quir\u00fargica para luchar contra la p\u00e9rdida de masa muscular.<\/p>\n\n\n\n<p>La Tonificaci\u00f3n Facial puede ofrecerse mediante diferentes sistemas de tratamiento, como:<\/p>\n\n\n\n<p><strong><strong>Cl\u00e1sico<\/strong>: Este procedimiento no quir\u00fargico de lifting facial es una mezcla \u00fanica de formas de onda particulares y frecuencias ultrabajas que act\u00faan en sincronizaci\u00f3n con el campo bioel\u00e9ctrico individual del cuerpo y transmite peque\u00f1as se\u00f1ales e impulsos el\u00e9ctricos que han sido aceptados para avivar el tono muscular y mejorar el tejido cut\u00e1neo.<\/strong><\/p>\n\n\n\n<p><strong><a href=\"Quantum: Este sistema de tratamiento permite a los clientes disfrutar de los dobles beneficios del procedimiento de lifting facial no quir\u00fargico a la vez que obtienen la experiencia de tonificaci\u00f3n corporal completa.\">Quantum: Este sistema de tratamiento permite a los clientes disfrutar de los dobles beneficios del procedimiento de lifting facial no quir\u00fargico a la vez que obtienen la experiencia de tonificaci\u00f3n corporal completa.<\/a><\/strong><\/p>\n\n\n\n<p><strong><a href=\"Ultra: Este sistema utiliza un exclusivo auricular ultras\u00f3nico, que vibra a una velocidad de 27.000 vibraciones por segundo sobre la superficie de la piel para exfoliar y limpiar en profundidad la epidermis.\">Ultra: Este sistema utiliza un exclusivo auricular ultras\u00f3nico, que vibra a una velocidad de 27.000 vibraciones por segundo sobre la superficie de la piel para exfoliar y limpiar en profundidad la epidermis.<\/a><\/strong><\/p>\n\n\n\n<p><strong><a href=\"Ultimate: Este procedimiento utiliza microcorriente de alta frecuencia para rellenar y suavizar inmediatamente las l\u00edneas y arrugas profundas, ofreciendo as\u00ed un sustituto sin agujas de los rellenos d\u00e9rmicos y las inyecciones de col\u00e1geno.\">Ultimate: Este procedimiento utiliza microcorriente de alta frecuencia para rellenar y suavizar inmediatamente las l\u00edneas y arrugas profundas, ofreciendo as\u00ed un sustituto sin agujas de los rellenos d\u00e9rmicos y las inyecciones de col\u00e1geno.<\/a><\/strong><\/p>\n\n\n\n<p><strong><a href=\"Synergy: Este sistema de tratamiento utiliza la experiencia de los LED microcorrientes, el peeling ultras\u00f3nico, la dermoabrasi\u00f3n orbital y un peine antiarrugas distintivo para estimular la renovaci\u00f3n de los tejidos y ayudar a la fabricaci\u00f3n de col\u00e1geno.\">Synergy: Este sistema de tratamiento utiliza la experiencia de los LED microcorrientes, el peeling ultras\u00f3nico, la dermoabrasi\u00f3n orbital y un peine antiarrugas distintivo para estimular la renovaci\u00f3n de los tejidos y ayudar a la fabricaci\u00f3n de col\u00e1geno.<\/a><\/strong><\/p>\n\n\n\n<p>A estas alturas, est\u00e1 muy claro que las ventajas de los estiramientos faciales con crioterapia van m\u00e1s all\u00e1 de la piel. Desde la relajante reducci\u00f3n de la inflamaci\u00f3n hasta el aumento de volumen inducido por el col\u00e1geno, estas sesiones de fr\u00edo son una artiller\u00eda antienvejecimiento muy potente. No olvidemos la reducci\u00f3n casi m\u00e1gica de los poros y la mejora de la circulaci\u00f3n, que hace que la piel parezca iluminada desde dentro. Adem\u00e1s, hay algo incre\u00edblemente refrescante en tener una opci\u00f3n de estiramiento facial que no requiere pasar por el bistur\u00ed. La vibrante escena est\u00e9tica de Miami est\u00e1 repleta de profesionales que pueden guiarte con seguridad en este genial viaje. Si usted est\u00e1 anhelando para que el resplandor juvenil sin el tiempo de inactividad, dar Cryotherapy FaceLifts una oportunidad. Cr\u00e9ame, \u00a1su espejo se lo agradecer\u00e1!<\/p>\n\n\n\n<p><\/p>\n","protected":false},"excerpt":{"rendered":"<p>5 asombrosos beneficios del estiramiento facial con crioterapia en Miami que debe conocer\u2026 As\u00ed que all\u00ed estaba yo, tom\u00e1ndome un zumo verde prensado en fr\u00edo, cuando o\u00ed a las se\u00f1oras de Miami de la mesa de al lado charlando sobre su \u00faltima obsesi\u00f3n de belleza. Digamos que mis o\u00eddos se agudizaron cuando o\u00ed \u00ablifting\u00bb y [&hellip;]<\/p>\n","protected":false},"author":1,"featured_media":7131,"parent":0,"menu_order":0,"comment_status":"closed","ping_status":"closed","template":"","meta":{"_eb_attr":"","footnotes":""},"class_list":["post-7130","page","type-page","status-publish","has-post-thumbnail","hentry"],"_links":{"self":[{"href":"https:\/\/luxaesthetika.com\/es\/wp-json\/wp\/v2\/pages\/7130","targetHints":{"allow":["GET"]}}],"collection":[{"href":"https:\/\/luxaesthetika.com\/es\/wp-json\/wp\/v2\/pages"}],"about":[{"href":"https:\/\/luxaesthetika.com\/es\/wp-json\/wp\/v2\/types\/page"}],"author":[{"embeddable":true,"href":"https:\/\/luxaesthetika.com\/es\/wp-json\/wp\/v2\/users\/1"}],"replies":[{"embeddable":true,"href":"https:\/\/luxaesthetika.com\/es\/wp-json\/wp\/v2\/comments?post=7130"}],"version-history":[{"count":1,"href":"https:\/\/luxaesthetika.com\/es\/wp-json\/wp\/v2\/pages\/7130\/revisions"}],"predecessor-version":[{"id":7132,"href":"https:\/\/luxaesthetika.com\/es\/wp-json\/wp\/v2\/pages\/7130\/revisions\/7132"}],"wp:featuredmedia":[{"embeddable":true,"href":"https:\/\/luxaesthetika.com\/es\/wp-json\/wp\/v2\/media\/7131"}],"wp:attachment":[{"href":"https:\/\/luxaesthetika.com\/es\/wp-json\/wp\/v2\/media?parent=7130"}],"curies":[{"name":"wp","href":"https:\/\/api.w.org\/{rel}","templated":true}]}}