{"id":7121,"date":"2018-01-21T17:29:06","date_gmt":"2018-01-21T17:29:06","guid":{"rendered":"https:\/\/luxaesthetika.com\/?page_id=7121"},"modified":"2024-03-30T00:27:56","modified_gmt":"2024-03-30T00:27:56","slug":"classic-extensiones-de-pestanas-con-volumen","status":"publish","type":"page","link":"https:\/\/luxaesthetika.com\/es\/classic-extensiones-de-pestanas-con-volumen\/","title":{"rendered":"Classic &amp; extensiones de pesta\u00f1as con volumen"},"content":{"rendered":"\n<figure class=\"wp-block-image size-large\"><img fetchpriority=\"high\" decoding=\"async\" width=\"1024\" height=\"1024\" src=\"https:\/\/luxaesthetika.com\/wp-content\/uploads\/2021\/04\/classic-volume-lash-extensions-1024x1024.jpg\" alt=\"\" class=\"wp-image-131\"  style=\"display:none\" srcset=\"https:\/\/luxaesthetika.com\/wp-content\/uploads\/2021\/04\/classic-volume-lash-extensions-1024x1024.jpg 1024w, https:\/\/luxaesthetika.com\/wp-content\/uploads\/2021\/04\/classic-volume-lash-extensions-150x150.jpg 150w, https:\/\/luxaesthetika.com\/wp-content\/uploads\/2021\/04\/classic-volume-lash-extensions-300x300.jpg 300w, https:\/\/luxaesthetika.com\/wp-content\/uploads\/2021\/04\/classic-volume-lash-extensions-768x768.jpg 768w, https:\/\/luxaesthetika.com\/wp-content\/uploads\/2021\/04\/classic-volume-lash-extensions.jpg 1080w\" sizes=\"(max-width: 1024px) 100vw, 1024px\" \/><\/figure>\n\n\n<p>\u00bfSon reales? Desde luego que no. \u00bfPero son bonitas? Seguro que s\u00ed. \u00a1Bienvenida al mundo de las pesta\u00f1as rizadas y esponjosas! Est\u00e1s a punto de ahorrarte mucho tiempo por las ma\u00f1anas sin tener que pelearte con el rizador de pesta\u00f1as y la m\u00e1scara.<\/p>\n<p>Las extensiones de pesta\u00f1as se han vuelto muy populares en la \u00faltima d\u00e9cada y, afortunadamente, ha evolucionado en t\u00e9rminos de lo que sab\u00edamos acerca de ellos entonces, y lo que sabemos acerca de ellos ahora. Atr\u00e1s han quedado los d\u00edas en los que se ense\u00f1aba a los artistas de pesta\u00f1as a aplicar cualquier longitud y peso que les apeteciera en las pesta\u00f1as de la clienta (\u00a1ay!) sin tener en cuenta la l\u00f3gica real del peso de las pesta\u00f1as naturales frente al peso de las extensiones de pesta\u00f1as. En el mundo de las pesta\u00f1as de hoy, los mejores artistas son educados, entrenados, y mantenerse al d\u00eda con las nuevas tendencias y conocimientos de Lash Artistry. \u00bfConoces el dicho, <em>\u00abObtienes lo que pagas\u00bb<\/em> Esto es ciertamente cierto con nuestros Artistas de Pesta\u00f1as de hoy. S\u00f3lo los mejores en la industria sabr\u00e1n lo que valen porque no s\u00f3lo est\u00e1n totalmente educados y actualizados, sino que tambi\u00e9n tratar\u00e1n sus pesta\u00f1as naturales como el oro para asegurarse de que siempre tendr\u00e1n sus pesta\u00f1as naturales sanas para trabajar su magia. Recuerde, sin pesta\u00f1as naturales =\u00a0sin extensiones de pesta\u00f1as.<\/p>\n\n\n<p><\/p>\n","protected":false},"excerpt":{"rendered":"<p>\u00bfSon reales? Desde luego que no. \u00bfPero son bonitas? Seguro que s\u00ed. \u00a1Bienvenida al mundo de las pesta\u00f1as rizadas y esponjosas! Est\u00e1s a punto de ahorrarte mucho tiempo por las ma\u00f1anas sin tener que pelearte con el rizador de pesta\u00f1as y la m\u00e1scara. Las extensiones de pesta\u00f1as se han vuelto muy populares en la \u00faltima [&hellip;]<\/p>\n","protected":false},"author":1,"featured_media":7123,"parent":0,"menu_order":0,"comment_status":"closed","ping_status":"open","template":"","meta":{"_eb_attr":"","footnotes":""},"class_list":["post-7121","page","type-page","status-publish","has-post-thumbnail","hentry"],"_links":{"self":[{"href":"https:\/\/luxaesthetika.com\/es\/wp-json\/wp\/v2\/pages\/7121","targetHints":{"allow":["GET"]}}],"collection":[{"href":"https:\/\/luxaesthetika.com\/es\/wp-json\/wp\/v2\/pages"}],"about":[{"href":"https:\/\/luxaesthetika.com\/es\/wp-json\/wp\/v2\/types\/page"}],"author":[{"embeddable":true,"href":"https:\/\/luxaesthetika.com\/es\/wp-json\/wp\/v2\/users\/1"}],"replies":[{"embeddable":true,"href":"https:\/\/luxaesthetika.com\/es\/wp-json\/wp\/v2\/comments?post=7121"}],"version-history":[{"count":1,"href":"https:\/\/luxaesthetika.com\/es\/wp-json\/wp\/v2\/pages\/7121\/revisions"}],"predecessor-version":[{"id":7122,"href":"https:\/\/luxaesthetika.com\/es\/wp-json\/wp\/v2\/pages\/7121\/revisions\/7122"}],"wp:featuredmedia":[{"embeddable":true,"href":"https:\/\/luxaesthetika.com\/es\/wp-json\/wp\/v2\/media\/7123"}],"wp:attachment":[{"href":"https:\/\/luxaesthetika.com\/es\/wp-json\/wp\/v2\/media?parent=7121"}],"curies":[{"name":"wp","href":"https:\/\/api.w.org\/{rel}","templated":true}]}}