{"id":7118,"date":"2018-01-21T17:16:48","date_gmt":"2018-01-21T17:16:48","guid":{"rendered":"https:\/\/luxaesthetika.com\/?page_id=7118"},"modified":"2024-04-03T09:15:15","modified_gmt":"2024-04-03T09:15:15","slug":"consultas-lux-aesthetic","status":"publish","type":"page","link":"https:\/\/luxaesthetika.com\/es\/consultas-lux-aesthetic\/","title":{"rendered":"Consultas"},"content":{"rendered":"<div class=\"wp-block-image\">\n<figure class=\"aligncenter\"><img decoding=\"async\" src=\"https:\/\/luxaesthetika.com\/wp-content\/uploads\/2021\/04\/consultations-lux-aesthetika.jpg\" alt=\"This image has an empty alt attribute; its file name is consultations-lux-aesthetika.jpg\"  style=\"display:none\"><\/figure>\n<\/div>\n\n\n<p>Las Consultas son muy importantes para nosotros y, en la medida de lo posible, nos gustar\u00eda asegurarnos de que nuestros clientes programen una para s\u00ed mismos antes de cada procedimiento importante (Microblading, Microneedling y Fototerapia).<\/p>\n\n\n\n<p>Disponemos de una norma de precalificaci\u00f3n para confirmar que el cliente goza de buena salud y est\u00e1 en su sano juicio antes de someterse a la intervenci\u00f3n. Esto evitar\u00e1 que ambas partes se lleven un chasco o, mejor dicho, que se produzcan efectos perjudiciales para la salud en caso de que el cliente no sea un candidato adecuado para la intervenci\u00f3n. Nos gusta saber que ambas partes est\u00e1n de acuerdo y que el cliente sabe exactamente qu\u00e9 esperar.<\/p>\n\n\n\n<blockquote class=\"wp-block-quote is-layout-flow wp-block-quote-is-layout-flow\">\n<p><strong><a href=\"NOTA: Por favor, no lleve maquillaje a su consulta de Microneedling o Fototerapia. Tenemos que ser capaces de ver su piel en su estado m\u00e1s natural con el fin de dar una evaluaci\u00f3n adecuada. Si su consulta es para Microblading, puede venir con las cejas ya hechas como las dibuja normalmente a diario para que podamos ver cu\u00e1l es su nivel de comodidad en t\u00e9rminos de grosor y color;\">NOTA: Por favor, no lleve maquillaje a su consulta de Microneedling o Fototerapia. Tenemos que ser capaces de ver su piel en su estado m\u00e1s natural con el fin de dar una evaluaci\u00f3n adecuada. Si su consulta es para Microblading, puede venir con las cejas ya hechas como las dibuja normalmente a diario para que podamos ver cu\u00e1l es su nivel de comodidad en t\u00e9rminos de grosor y color;<\/a><\/strong><\/p>\n<\/blockquote>\n\n\n\n<p>En su consulta rellenar\u00e1 un formulario de consentimiento sanitario y se someter\u00e1 a una prueba de alergia. Tambi\u00e9n repasaremos con usted las instrucciones previas y posteriores al tratamiento para que \u00e9ste sea satisfactorio de principio a fin. Su consulta es tambi\u00e9n su oportunidad de hacer todas las preguntas que pueda tener; nuestros m\u00e9dicos esteticistas estar\u00e1n encantados de responder a todas sus inquietudes.<\/p>\n\n\n\n<p>Por favor, tenga en cuenta que hay una cuota de $ 30 para todas las consultas. En caso de que el cliente decida no someterse a la intervenci\u00f3n, no tendr\u00e1 que abonar los honorarios.* <\/p>\n","protected":false},"excerpt":{"rendered":"<p>Las Consultas son muy importantes para nosotros y, en la medida de lo posible, nos gustar\u00eda asegurarnos de que nuestros clientes programen una para s\u00ed mismos antes de cada procedimiento importante (Microblading, Microneedling y Fototerapia). Disponemos de una norma de precalificaci\u00f3n para confirmar que el cliente goza de buena salud y est\u00e1 en su sano [&hellip;]<\/p>\n","protected":false},"author":1,"featured_media":7120,"parent":0,"menu_order":0,"comment_status":"closed","ping_status":"open","template":"","meta":{"_eb_attr":"","footnotes":""},"class_list":["post-7118","page","type-page","status-publish","has-post-thumbnail","hentry"],"_links":{"self":[{"href":"https:\/\/luxaesthetika.com\/es\/wp-json\/wp\/v2\/pages\/7118","targetHints":{"allow":["GET"]}}],"collection":[{"href":"https:\/\/luxaesthetika.com\/es\/wp-json\/wp\/v2\/pages"}],"about":[{"href":"https:\/\/luxaesthetika.com\/es\/wp-json\/wp\/v2\/types\/page"}],"author":[{"embeddable":true,"href":"https:\/\/luxaesthetika.com\/es\/wp-json\/wp\/v2\/users\/1"}],"replies":[{"embeddable":true,"href":"https:\/\/luxaesthetika.com\/es\/wp-json\/wp\/v2\/comments?post=7118"}],"version-history":[{"count":2,"href":"https:\/\/luxaesthetika.com\/es\/wp-json\/wp\/v2\/pages\/7118\/revisions"}],"predecessor-version":[{"id":7495,"href":"https:\/\/luxaesthetika.com\/es\/wp-json\/wp\/v2\/pages\/7118\/revisions\/7495"}],"wp:featuredmedia":[{"embeddable":true,"href":"https:\/\/luxaesthetika.com\/es\/wp-json\/wp\/v2\/media\/7120"}],"wp:attachment":[{"href":"https:\/\/luxaesthetika.com\/es\/wp-json\/wp\/v2\/media?parent=7118"}],"curies":[{"name":"wp","href":"https:\/\/api.w.org\/{rel}","templated":true}]}}