{"id":7116,"date":"2021-07-03T23:43:20","date_gmt":"2021-07-03T23:43:20","guid":{"rendered":"https:\/\/luxaesthetika.com\/?page_id=7116"},"modified":"2024-03-29T23:58:24","modified_gmt":"2024-03-29T23:58:24","slug":"peelings-quimicos","status":"publish","type":"page","link":"https:\/\/luxaesthetika.com\/es\/peelings-quimicos\/","title":{"rendered":"Peelings qu\u00edmicos"},"content":{"rendered":"\n<h1 class=\"wp-block-heading\">Reducir cicatrices con peelings qu\u00edmicos en Miami Bal Habour<\/h1>\n\n\n\n<h3 class=\"wp-block-heading\">Tratamiento de exfoliaci\u00f3n qu\u00edmica<\/h3>\n\n\n\n<p>Las imperfecciones de la piel pueden hacer perder f\u00e1cilmente la autoestima. Problemas como la pigmentaci\u00f3n, cicatrices, manchas, etc., especialmente en la cara, pueden convertirse en una pesadilla. Aunque en el mercado existen cremas cosm\u00e9ticas de venta libre, tratamientos de sal\u00f3n, etc., algunos problemas de la piel son obstinados y persistentes o no responden.<\/p>\n\n\n\n<p><br>Los tratamientos de peeling qu\u00edmico son una opci\u00f3n m\u00e1s r\u00e1pida, barata y segura para este tipo de problemas en casos leves o moderados.<\/p>\n\n\n\n<p>Los tratamientos de peeling qu\u00edmico son una opci\u00f3n m\u00e1s r\u00e1pida, barata y segura para este tipo de problemas en casos leves o moderados.El tratamiento de peeling qu\u00edmico es ideal para-<\/p>\n\n\n\n<p><br>Problemas de pigmentaci\u00f3n de la piel &#8211; Debido a los efectos nocivos de la exposici\u00f3n al sol y la contaminaci\u00f3n, drogas, problemas hormonales, quemaduras, etc muchas personas son v\u00edctimas de la pigmentaci\u00f3n de la piel. Un tratamiento de peeling qu\u00edmico puede ser de gran ayuda en estos casos.<\/p>\n\n\n\n<p><br>Aclaraci\u00f3n de la tez: si la piel se ha oscurecido con el tiempo y se desea recuperar la tez original, el tratamiento de exfoliaci\u00f3n qu\u00edmica puede ser de gran ayuda.<\/p>\n\n\n\n<p><br>Rejuvenecimiento de la piel- Debido a la obstrucci\u00f3n de los poros y\/o al estr\u00e9s prolongado, la piel puede empezar a tener un aspecto apagado y falto de frescura. Con una exfoliaci\u00f3n ligera o media se puede mejorar el brillo y la salud de la piel. Acn\u00e9 y marcas y cicatrices superficiales post acn\u00e9<\/p>\n\n\n\n<h2 class=\"wp-block-heading\">Tratamiento exfoliante l\u00e1ctico<\/h2>\n\n\n\n<p><strong>Beneficios de la exfoliaci\u00f3n l\u00e1ctica<\/strong><\/p>\n\n\n\n<p>Como el peeling l\u00e1ctico contiene \u00e1cido l\u00e1ctico, ayuda a eliminar las c\u00e9lulas muertas, los g\u00e9rmenes y las toxinas de la piel. Tambi\u00e9n ofrece a los usuarios una piel mucho m\u00e1s suave y le ofrece un aspecto m\u00e1s tonificado que antes. Las exfoliaciones con \u00e1cido l\u00e1ctico son adecuadas para quienes tienen una piel extremadamente sensible, que podr\u00eda no ser capaz de tolerar las exfoliaciones con \u00e1cido glic\u00f3lico ligeramente m\u00e1s fuertes. Aunque los peelings l\u00e1cticos son m\u00e1s suaves, suelen proporcionar varios de los mismos beneficios que otros tipos de peelings, pero en una versi\u00f3n menos fuerte. Otro beneficio importante de un peeling l\u00e1ctico es que es m\u00e1s caro que otros peelings, ya que se puede hacer f\u00e1cilmente en casa. Tambi\u00e9n puede realizarse en la consulta de un esteticista o un m\u00e9dico.<\/p>\n\n\n\n<p>Algunos de los otros beneficios notables de la exfoliaci\u00f3n l\u00e1ctica incluyen:<\/p>\n\n\n\n<ul class=\"wp-block-list\">\n<li>Aporta un beneficio considerable a la piel al reducir el aspecto de las arrugas y las l\u00edneas de expresi\u00f3n.<\/li>\n\n\n\n<li>Exfolia la superficie de la piel y limpia los poros intensamente.<\/li>\n\n\n\n<li>Ayuda a estimular la fabricaci\u00f3n de col\u00e1geno.<\/li>\n\n\n\n<li>Ayuda a mejorar la piel grasa o con acn\u00e9.<\/li>\n\n\n\n<li>Aquellos que tienen la piel seca pueden ser muy beneficiados a trav\u00e9s de la exfoliaci\u00f3n l\u00e1ctica, ya que puede restablecer el factor PH.<\/li>\n\n\n\n<li>Tambi\u00e9n ayuda a la piel a absorber m\u00e1s humedad en forma de hidratantes de alta calidad.<\/li>\n<\/ul>\n\n\n\n<p>Los peelings l\u00e1cticos est\u00e1n disponibles en distintas intensidades, normalmente en concentraciones del 30%, 40% y 50%. Mientras que el peeling l\u00e1ctico al 30% es ideal para la piel extremadamente sensible, el peeling l\u00e1ctico al 40% funciona bien para la piel normal, que requiere un poco de tonificaci\u00f3n. El peeling l\u00e1ctico al 50% es el m\u00e1s potente, apropiado para pieles maduras y ayuda a disminuir la aparici\u00f3n de arrugas.<\/p>\n\n\n\n<p><strong>Beneficios de la exfoliaci\u00f3n l\u00e1ctica<\/strong><\/p>\n\n\n\n<p>Como el peeling l\u00e1ctico contiene \u00e1cido l\u00e1ctico, ayuda a eliminar las c\u00e9lulas muertas, los g\u00e9rmenes y las toxinas de la piel. Tambi\u00e9n ofrece a los usuarios una piel mucho m\u00e1s suave y le ofrece un aspecto m\u00e1s tonificado que antes. Las exfoliaciones con \u00e1cido l\u00e1ctico son adecuadas para quienes tienen una piel extremadamente sensible, que podr\u00eda no ser capaz de tolerar las exfoliaciones con \u00e1cido glic\u00f3lico ligeramente m\u00e1s fuertes. Aunque los peelings l\u00e1cticos son m\u00e1s suaves, suelen proporcionar varios de los mismos beneficios que otros tipos de peelings, pero en una versi\u00f3n menos fuerte. Otro beneficio importante de un peeling l\u00e1ctico es que es m\u00e1s caro que otros peelings, ya que se puede hacer f\u00e1cilmente en casa. Tambi\u00e9n puede realizarse en la consulta de un esteticista o un m\u00e9dico.<\/p>\n\n\n\n<p>Algunos de los otros beneficios notables de la exfoliaci\u00f3n l\u00e1ctica incluyen:<\/p>\n\n\n\n<ul class=\"wp-block-list\">\n<li>Aporta un beneficio considerable a la piel al reducir el aspecto de las arrugas y las l\u00edneas de expresi\u00f3n.<\/li>\n\n\n\n<li>Exfolia la superficie de la piel y limpia los poros intensamente.<\/li>\n\n\n\n<li>Ayuda a estimular la fabricaci\u00f3n de col\u00e1geno.<\/li>\n\n\n\n<li>Ayuda a mejorar la piel grasa o con acn\u00e9.<\/li>\n\n\n\n<li>Aquellos que tienen la piel seca pueden ser muy beneficiados a trav\u00e9s de la exfoliaci\u00f3n l\u00e1ctica, ya que puede restablecer el factor PH.<\/li>\n\n\n\n<li>Tambi\u00e9n ayuda a la piel a absorber m\u00e1s humedad en forma de hidratantes de alta calidad.<\/li>\n<\/ul>\n\n\n\n<p>Los peelings l\u00e1cticos est\u00e1n disponibles en distintas intensidades, normalmente en concentraciones del 30%, 40% y 50%. Mientras que el peeling l\u00e1ctico al 30% es ideal para la piel extremadamente sensible, el peeling l\u00e1ctico al 40% funciona bien para la piel normal, que requiere un poco de tonificaci\u00f3n. El peeling l\u00e1ctico al 50% es el m\u00e1s potente, apropiado para pieles maduras y ayuda a disminuir la aparici\u00f3n de arrugas.<\/p>\n\n\n\n<h3 class=\"wp-block-heading\">Tratamiento de exfoliaci\u00f3n con glic\u00f3lico en miami<\/h3>\n\n\n\n<p><strong>\u00bfQu\u00e9 es un tratamiento de peeling glic\u00f3lico y por qu\u00e9 deber\u00eda hac\u00e9rselo?<\/strong><\/p>\n\n\n\n<p><strong>\u00bfQu\u00e9 es el tratamiento de peeling glic\u00f3lico?<\/strong><\/p>\n\n\n\n<p>El tratamiento de exfoliaci\u00f3n glic\u00f3lica es una terapia no invasiva, que se ofrece para una variedad de trastornos de la piel para tonificar y hacer que la piel se tensa. \u00a0El tratamiento utiliza \u00e1cido glic\u00f3lico, que es un \u00e1cido de frutas y un derivado de la ca\u00f1a de az\u00facar, como el componente principal. El objetivo principal de este tratamiento es deshacerse del acn\u00e9 y las arrugas e impulsar la fabricaci\u00f3n de col\u00e1geno. Como el tratamiento incluye s\u00f3lo ingredientes naturales, es seguro y no produce efectos secundarios. Si usted est\u00e1 esperando para exponer la piel suave y m\u00e1s joven debajo de lo que tiene en la actualidad, se puede considerar el tratamiento de peeling glic\u00f3lico ofrecido en Raas Est\u00e9tica, ya que ofrece una gran cantidad de beneficios.<\/p>\n\n\n\n<p><strong>\u00bfPor qu\u00e9 deber\u00eda considerar el tratamiento de peeling glic\u00f3lico?<\/strong><\/p>\n\n\n\n<p>En la actualidad, el tratamiento de exfoliaci\u00f3n glic\u00f3lica es el procedimiento m\u00e1s popular para tratar el acn\u00e9 y las arrugas. Utiliza el ingrediente natural, conocido como \u00e1cido glic\u00f3lico, y cuando se aplica a su piel, ayuda a eliminar la pasta que mantiene la piel m\u00e1s \u00e1spera, vieja y seca en su superficie. Cuando elimina esa capa superior de la piel, se nota la capa nueva y fresca. Es esta nueva capa, que no tiene da\u00f1os y que parece m\u00e1s fresca. Adem\u00e1s, las personas que se han sometido a este tratamiento suelen quedar asombradas por los resultados, ya que les hace parecer m\u00e1s j\u00f3venes, con menos arrugas y l\u00edneas de expresi\u00f3n. Las personas con acn\u00e9 observan a menudo que su piel es menos grasa y mucho m\u00e1s clara.<\/p>\n\n\n\n<p><strong>\u00bfC\u00f3mo se realiza el tratamiento?<\/strong><\/p>\n\n\n\n<p>Cuando se decida por el tratamiento de peeling con \u00e1cido glic\u00f3lico ofrecido en Raas Aesthetics, tendr\u00e1 que visitar a un experto de la piel. El tratamiento comienza con la aplicaci\u00f3n de una fina capa de peeling en tu rostro y se dejar\u00e1 durante un tiempo, que depender\u00e1 del peeling concreto que hayas elegido, de los motivos del tratamiento y del profesional que lo lleve a cabo.<\/p>\n\n\n\n<p>Despu\u00e9s de un tiempo fijo, el peeling se elimina y usted est\u00e1 en la libertad de ir a su casa. A trav\u00e9s de una exfoliaci\u00f3n ligera, como una exfoliaci\u00f3n con \u00e1cido glic\u00f3lico, no hay tiempo de reactivaci\u00f3n y usted no sentir\u00e1 ning\u00fan dolor, as\u00ed, durante el proceso de tratamiento. Si siente alguna molestia, como una ligera irritaci\u00f3n, durante el proceso de tratamiento se le dar\u00e1 un Motrin o Tylenol.<\/p>\n\n\n\n<h3 class=\"wp-block-heading\">Tratamiento con vitamina C<\/h3>\n\n\n\n<p><strong>Conozca los beneficios del tratamiento con vitamina C<\/strong><\/p>\n\n\n\n<p><strong>\u00bfQu\u00e9 es el tratamiento con vitamina C?<\/strong><\/p>\n\n\n\n<p>El tratamiento con vitamina C es un procedimiento seguro y no quir\u00fargico que ayuda a las personas a conseguir una piel sana. Como la vitamina C es rica en antioxidantes, conocidos como \u00e1cido asc\u00f3rbico, desempe\u00f1a un papel vital en el aumento de la producci\u00f3n de col\u00e1geno. Esta caracter\u00edstica hace del tratamiento un procedimiento vital para mejorar la salud de la piel. Como el \u00e1cido asc\u00f3rbico natural y nutritivo, ofrece efectos ventajosos sobre las c\u00e9lulas de la piel, el tratamiento con vitamina C puede ayudar a prevenir y tratar el fotoda\u00f1o provocado por los rayos ultravioleta.<\/p>\n\n\n\n<p><strong>\u00bfC\u00f3mo le ayudar\u00eda el tratamiento con vitamina C a tener una piel sana?<\/strong><\/p>\n\n\n\n<p>En Raas Aesthetics, tener la mejor piel de su vida comienza con una colecci\u00f3n de componentes eficaces y excepcionales para el cuidado de la piel, combinados para ofrecer a su piel todo lo que necesita para parecer sana, aclarada, refinada y renovada.<\/p>\n\n\n\n<p>El tratamiento de Vitamina C ofrecido en Raas Aesthetics tiene el estatus distintivo de ser considerado una celebridad antienvejecimiento. Esta es la \u00faltima opci\u00f3n de tratamiento para tener una piel sana mediante la incorporaci\u00f3n del ingrediente antioxidante en su piel, independientemente de su tipo de piel y su preocupaci\u00f3n por el envejecimiento.<\/p>\n\n\n\n<p>El tratamiento de la vitamina C se ha ofrecido en varias formas de vitamina C, tal que cada procedimiento tiene, beneficios antioxidantes de gran alcance que ayudan en la interceptaci\u00f3n de diferentes problemas de la piel antes de que puedan suceder a la piel.<\/p>\n\n\n\n<p>Cuando el tratamiento de Vitamina C se toma regularmente, sus ingredientes naturales pueden ofrecer diferentes beneficios, que van desde ayudar a tonificar su piel, rejuvenecer su superficie, mejorar considerablemente la hidrataci\u00f3n, y puede ayudarle a tener una piel de aspecto m\u00e1s joven.<\/p>\n\n\n\n<p>Cuando el \u00e1cido asc\u00f3rbico se formula adecuadamente, puede ayudar a ofrecerle una sensaci\u00f3n m\u00e1s firme y una piel de aspecto m\u00e1s joven a trav\u00e9s del tratamiento. Tambi\u00e9n ayuda a reducir los s\u00edntomas del tono desigual de la piel. El \u00e1cido asc\u00f3rbico aplicado a trav\u00e9s de la vitamina C tratamiento tambi\u00e9n ayuda a rebuff los factores de estr\u00e9s externos y la revelaci\u00f3n a los elementos de la superficie de la piel. Algunos de los otros beneficios del tratamiento incluyen, funciona como una fuente de poder cuando se combina con otros antioxidantes.<\/p>\n\n\n\n<p>En Rass Aesthetics, el tratamiento de vitamina C se ha ofrecido con dos niveles de concentraci\u00f3n, como RESIST Vitamin C Spot y RESIST C15 Super Booster procedimientos. Estos tratamientos proporcionar\u00e1n las soluciones asediadas a sus aprehensiones obstinadas del cuidado de la piel. Mientras que el procedimiento RESIST Vitamin C Spot se utiliza para zonas problem\u00e1ticas espec\u00edficas, RESIST C15 Super Booster puede utilizarse para rejuvenecer y renovar la piel con resultados evidentes.<\/p>\n","protected":false},"excerpt":{"rendered":"<p>Reducir cicatrices con peelings qu\u00edmicos en Miami Bal Habour Tratamiento de exfoliaci\u00f3n qu\u00edmica Las imperfecciones de la piel pueden hacer perder f\u00e1cilmente la autoestima. Problemas como la pigmentaci\u00f3n, cicatrices, manchas, etc., especialmente en la cara, pueden convertirse en una pesadilla. Aunque en el mercado existen cremas cosm\u00e9ticas de venta libre, tratamientos de sal\u00f3n, etc., algunos [&hellip;]<\/p>\n","protected":false},"author":1,"featured_media":0,"parent":0,"menu_order":0,"comment_status":"closed","ping_status":"closed","template":"","meta":{"_eb_attr":"","footnotes":""},"class_list":["post-7116","page","type-page","status-publish","hentry"],"_links":{"self":[{"href":"https:\/\/luxaesthetika.com\/es\/wp-json\/wp\/v2\/pages\/7116","targetHints":{"allow":["GET"]}}],"collection":[{"href":"https:\/\/luxaesthetika.com\/es\/wp-json\/wp\/v2\/pages"}],"about":[{"href":"https:\/\/luxaesthetika.com\/es\/wp-json\/wp\/v2\/types\/page"}],"author":[{"embeddable":true,"href":"https:\/\/luxaesthetika.com\/es\/wp-json\/wp\/v2\/users\/1"}],"replies":[{"embeddable":true,"href":"https:\/\/luxaesthetika.com\/es\/wp-json\/wp\/v2\/comments?post=7116"}],"version-history":[{"count":1,"href":"https:\/\/luxaesthetika.com\/es\/wp-json\/wp\/v2\/pages\/7116\/revisions"}],"predecessor-version":[{"id":7117,"href":"https:\/\/luxaesthetika.com\/es\/wp-json\/wp\/v2\/pages\/7116\/revisions\/7117"}],"wp:attachment":[{"href":"https:\/\/luxaesthetika.com\/es\/wp-json\/wp\/v2\/media?parent=7116"}],"curies":[{"name":"wp","href":"https:\/\/api.w.org\/{rel}","templated":true}]}}