{"id":7110,"date":"2024-02-29T21:48:21","date_gmt":"2024-02-29T21:48:21","guid":{"rendered":"https:\/\/luxaesthetika.com\/?page_id=7110"},"modified":"2024-03-29T23:51:22","modified_gmt":"2024-03-29T23:51:22","slug":"microsombreado-de-cejas","status":"publish","type":"page","link":"https:\/\/luxaesthetika.com\/es\/microsombreado-de-cejas\/","title":{"rendered":"Microsombreado de cejas"},"content":{"rendered":"\n<h2 class=\"wp-block-heading\">10 puntos importantes del Microshading de cejas, desde el procedimiento hasta el postratamiento\u2026<\/h2>\n\n\n\n<figure class=\"wp-block-image size-large\"><img fetchpriority=\"high\" decoding=\"async\" width=\"1024\" height=\"601\" src=\"https:\/\/luxaesthetika.com\/wp-content\/uploads\/2024\/02\/4759872b-0f48-4f11-87d5-721fe1294476-1024x601.jpg\" alt=\"Microshading brows Photo\" class=\"wp-image-6005\"  style=\"display:none\" srcset=\"https:\/\/luxaesthetika.com\/wp-content\/uploads\/2024\/02\/4759872b-0f48-4f11-87d5-721fe1294476-1024x601.jpg 1024w, https:\/\/luxaesthetika.com\/wp-content\/uploads\/2024\/02\/4759872b-0f48-4f11-87d5-721fe1294476-300x176.jpg 300w, https:\/\/luxaesthetika.com\/wp-content\/uploads\/2024\/02\/4759872b-0f48-4f11-87d5-721fe1294476-768x451.jpg 768w, https:\/\/luxaesthetika.com\/wp-content\/uploads\/2024\/02\/4759872b-0f48-4f11-87d5-721fe1294476.jpg 1083w\" sizes=\"(max-width: 1024px) 100vw, 1024px\" \/><\/figure>\n\n\n\n<p>\u00bfAlguna vez te has levantado, te has mirado al espejo y has deseado que tus cejas estuvieran perfectas? Lo mismo digo, amiga. Vivimos en un mundo en el que las cejas pobladas y esculpidas son un sue\u00f1o, pero no es una realidad para todo el mundo, y hemos probado de todo, desde l\u00e1pices hasta geles. Pero hablemos de un producto innovador: el micro-sombreado. No es un truco de belleza al uso, es casi una minirrevoluci\u00f3n que puede ahorrarte el trabajo diario de dar forma a tus cejas. Si est\u00e1s pensando en aventurarte o no, he pasado por lo mismo que t\u00fa y he reunido algunos consejos que sin duda necesitar\u00e1s antes de reservar una cita. Le explicaremos en qu\u00e9 consiste el procedimiento y c\u00f3mo llevarlo a cabo, as\u00ed como el cuidado adecuado del paciente. As\u00ed que coge tus aperitivos favoritos, ponte c\u00f3moda y vamos a desentra\u00f1ar el misterio de la belleza que realmente es el micro-sombreado.<\/p>\n\n\n\n<p><\/p>\n\n\n\n<h2 class=\"wp-block-heading\">Comprender las micro sombras<\/h2>\n\n\n\n<p>Vamos a sumergirnos de lleno en el mundo del arte de las cejas: el micro sombreado. Esta t\u00e9cnica es el santo grial para quienes buscan un look m\u00e1s suave y voluminoso, en lugar de trazos como el pelo. Es como los polvos de maquillaje, pero semipermanentes. El microshading utiliza puntos de pigmento en forma de alfiler para crear un efecto degradado, mientras que el microblading consiste en cortar peque\u00f1as l\u00edneas que imitan el pelo natural. Es la diferencia entre utilizar la punta fina de un bol\u00edgrafo y un pincel esponjoso. Y hablando de ventajas, el microblading destaca porque es apto para pieles grasas y queda genial en pieles de distintos tonos. Es como un filtro personalizable para tu rostro, \u00a1s\u00f3lo que no tienes que aplic\u00e1rtelo cada ma\u00f1ana!<\/p>\n\n\n<div class=\"wp-block-image\">\n<figure class=\"aligncenter size-full\"><img decoding=\"async\" width=\"612\" height=\"408\" src=\"https:\/\/luxaesthetika.com\/wp-content\/uploads\/2024\/02\/74e49b77-a1fe-4019-ac81-fea4f915095b.jpg\" alt=\"Microshading brows in Miami\" class=\"wp-image-6003\" srcset=\"https:\/\/luxaesthetika.com\/wp-content\/uploads\/2024\/02\/74e49b77-a1fe-4019-ac81-fea4f915095b.jpg 612w, https:\/\/luxaesthetika.com\/wp-content\/uploads\/2024\/02\/74e49b77-a1fe-4019-ac81-fea4f915095b-300x200.jpg 300w, https:\/\/luxaesthetika.com\/wp-content\/uploads\/2024\/02\/74e49b77-a1fe-4019-ac81-fea4f915095b-550x367.jpg 550w\" sizes=\"(max-width: 612px) 100vw, 612px\" \/><\/figure>\n<\/div>\n\n\n<h2 class=\"wp-block-heading\">\u00bfQu\u00e9 es el microdifuminado de cejas?<\/h2>\n\n\n\n<p>El micro sombreado es un m\u00e9todo de maquillaje permanente de cejas que crea un efecto natural y voluminoso. El procedimiento consiste en utilizar microagujas para aplicar pigmento en la piel, imitando el crecimiento del vello. A continuaci\u00f3n se explica c\u00f3mo funciona el proceso:<\/p>\n\n\n\n<ol class=\"wp-block-list\">\n<li>Preparaci\u00f3n: En primer lugar, el especialista realiza una consulta con el cliente, determina la forma y el color de las cejas que se ajustar\u00e1n a sus deseos y rasgos faciales. A continuaci\u00f3n, se desinfecta la piel para evitar infecciones.<\/li>\n\n\n\n<li>Aplicaci\u00f3n del pigmento: el especialista utiliza una microaguja para aplicar cuidadosamente el pigmento sobre la piel, siguiendo la forma y el estilo de las cejas previamente discutidos. Este proceso contin\u00faa hasta conseguir el efecto deseado.<\/li>\n\n\n\n<li>Finalizaci\u00f3n del procedimiento: Una vez finalizado el proceso, las cejas se tratan con productos especiales para calmar la piel y reducir la hinchaz\u00f3n.Tras el procedimiento de micro sombreado, las cejas adquieren una forma y un volumen m\u00e1s definidos. Estas son algunas de las ventajas de este m\u00e9todo:<\/li>\n\n\n\n<li>Aspecto natural: El microsheiding permite conseguir unas cejas de aspecto m\u00e1s natural gracias a que imita el crecimiento de los pelos.<\/li>\n\n\n\n<li><a href=\"Longevidad: La pigmentaci\u00f3n dura mucho m\u00e1s que el maquillaje de cejas habitual, lo que permite a la clienta disfrutar del resultado durante mucho tiempo.\">Longevidad: La pigmentaci\u00f3n dura mucho m\u00e1s que el maquillaje de cejas habitual, lo que permite a la clienta disfrutar del resultado durante mucho tiempo.<\/a><\/li>\n\n\n\n<li>Correcci\u00f3n de imperfecciones: El microshading puede corregir desniveles, puntos escasos o pelos ausentes en las cejas, haci\u00e9ndolas parecer m\u00e1s pobladas y expresivas.<\/li>\n\n\n\n<li>Ahorro de tiempo: Las clientas ya no necesitan dedicar tiempo a la aplicaci\u00f3n diaria del maquillaje de cejas, ya que el resultado del micro sombreado dura mucho tiempo.<\/li>\n<\/ol>\n\n\n\n<h2 class=\"wp-block-heading\">\u00bfCu\u00e1nto cuesta MicroShading?<\/h2>\n\n\n\n<p>El coste del microsheiding puede variar mucho seg\u00fan el lugar y los servicios incluidos en el procedimiento. En Miami, un procedimiento completo, incluidos los cuidados de seguimiento, suele costar entre 350 y 1.000 d\u00f3lares. En las ciudades perif\u00e9ricas, el precio del microbronceado suele ser inferior y puede oscilar entre 300 y 500 d\u00f3lares, mientras que en las ciudades m\u00e1s grandes puede llegar a los 1.000 d\u00f3lares. Puede ser dif\u00edcil determinar de antemano el coste exacto del microsheiding, pero los resultados suelen justificar el coste.<\/p>\n\n\n\n<p>Procedimiento Microsheiding<br>Gama de precios<br>Incluye<br>Consulta inicial<br>Gratis &#8211; $250<br>Evaluaci\u00f3n de la forma y color de las cejas, instrucciones de preparaci\u00f3n y mantenimiento.<br>Primer tratamiento<br>350 $ &#8211; 1000 $<br>Creaci\u00f3n de nuevas cejas, con una duraci\u00f3n de hasta 2 horas.<br>Segundo tratamiento<br>$100 &#8211; $950<br>Extensiones adicionales 6-8 semanas despu\u00e9s del primer tratamiento para a\u00f1adir pigmento si es necesario.<\/p>\n\n\n\n<h2 class=\"wp-block-heading\">\u00bfCu\u00e1les son los beneficios de los tratamientos de micro sombreado?<\/h2>\n\n\n\n<p>Empecemos por el hecho de que la t\u00e9cnica del microsheiding es apta para todo el mundo, incluidas las personas con piel sensible. He aqu\u00ed una lista de otras ventajas importantes del microsheiding:<\/p>\n\n\n\n<ol class=\"wp-block-list\">\n<li>Menos molestias: A diferencia del microblading, que requiere anestesia para un procedimiento c\u00f3modo, el microsheiding es pr\u00e1cticamente indoloro. La mayor\u00eda de las personas que se han sometido a este procedimiento describen su nivel de dolor en una escala de 1 a 3. Muchos spas m\u00e9dicos prefieren la anestesia antes del procedimiento para reducir las posibles sensaciones de dolor, haciendo que el procedimiento sea m\u00e1s agradable y eficaz.<\/li>\n\n\n\n<li><a href=\"Durabilidad: Los resultados del microsheiding pueden durar hasta tres a\u00f1os, lo que le libera de tener que volver con frecuencia para retocarse. El pigmento utilizado para el micro sombreado, en comparaci\u00f3n con los tatuajes, pr\u00e1cticamente no cambia de color y conserva su saturaci\u00f3n.\">Durabilidad: Los resultados del microsheiding pueden durar hasta tres a\u00f1os, lo que le libera de tener que volver con frecuencia para retocarse. El pigmento utilizado para el micro sombreado, en comparaci\u00f3n con los tatuajes, pr\u00e1cticamente no cambia de color y conserva su saturaci\u00f3n.<\/a><\/li>\n\n\n\n<li>Mejora de la simetr\u00eda y la forma de las cejas: Muchas personas prefieren el micro sombreado por su capacidad para mejorar la simetr\u00eda y la forma de las cejas. Esto es especialmente importante para quienes tienen cejas pobladas y desiguales, as\u00ed como para quienes sufren alopecia o ca\u00edda del cabello.<\/li>\n\n\n\n<li>F\u00e1cil cuidado y mantenimiento: Despu\u00e9s del microshading, las cejas son f\u00e1ciles de mantener y corregir sin mucho esfuerzo. El procedimiento le permite retocar r\u00e1pidamente sus cejas en cualquier momento sin preocuparse de que se emborronen o pierdan pigmento.F\u00e1cil cuidado y mantenimiento: Despu\u00e9s del microshading, las cejas son f\u00e1ciles de mantener y corregir sin mucho esfuerzo. El procedimiento le permite retocar r\u00e1pidamente sus cejas en cualquier momento sin preocuparse de que se emborronen o pierdan pigmento.<br>.<\/li>\n\n\n\n<li>.<\/li>\n\n\n\n<li>5- Ahorro de tiempo: El microshading le libera de tener que dedicar tiempo a rellenar y dibujar las cejas todos los d\u00edas. Es un procedimiento permanente que proporciona resultados duraderos.<\/li>\n\n\n\n<li>Procedimiento r\u00e1pido: El procedimiento de micro sombreado suele durar unas 2 horas y puede que s\u00f3lo requiera un retoque al cabo de unas semanas para lograr los resultados deseados.La conclusi\u00f3n es que el micro-sombreado puede ahorrarle tiempo, hacer que sus cejas sean m\u00e1s sim\u00e9tricas y perfiladas, y producir resultados duraderos con m\u00ednimas molestias.<\/li>\n<\/ol>\n\n\n\n<h2 class=\"wp-block-heading\">\u00bfTiene efectos secundarios el microsombreado?<\/h2>\n\n\n\n<p>S\u00ed, como cualquier otro procedimiento cosm\u00e9tico, el microsheiding puede tener una serie de efectos secundarios. He aqu\u00ed algunos de ellos:<\/p>\n\n\n\n<ol class=\"wp-block-list\">\n<li>Posible reacci\u00f3n al pigmento: Algunas personas pueden tener una reacci\u00f3n al\u00e9rgica al pigmento utilizado. Esto puede manifestarse como irritaci\u00f3n cut\u00e1nea, picor o hinchaz\u00f3n en la zona del procedimiento.<\/li>\n\n\n\n<li>Posible aparici\u00f3n de infecciones: Si el procedimiento se realiza con poca higiene o precauciones, existe el riesgo de infecci\u00f3n de la herida, lo que puede provocar una infecci\u00f3n.<\/li>\n\n\n\n<li>Riesgo de cicatrizaci\u00f3n inadecuada: Algunas personas pueden no experimentar la cicatrizaci\u00f3n de la herida como se esperaba, lo que puede provocar una distribuci\u00f3n desigual del pigmento o incluso cicatrices.<\/li>\n\n\n\n<li>Cambio de color: En algunos casos, el color del pigmento puede cambiar con el tiempo debido a la exposici\u00f3n a la luz solar u otros factores ambientales.<\/li>\n\n\n\n<li>Resultados imprevistos: En ocasiones, los resultados del microsheiding pueden no cumplir las expectativas del cliente debido a diferencias en la piel original, la reacci\u00f3n al pigmento o la t\u00e9cnica de aplicaci\u00f3n.<\/li>\n\n\n\n<li>Aunque los efectos secundarios del microsheiding suelen ser poco frecuentes y manejables, es importante acudir a un profesional cualificado y seguir las recomendaciones de cuidados posteriores al procedimiento para minimizar el riesgo de que se produzcan.<\/li>\n<\/ol>\n\n\n\n<h2 class=\"wp-block-heading\">\u00bfQui\u00e9n es el candidato ideal para las cejas Microshading?<\/h2>\n\n\n\n<p>No todo el mundo es ideal para el Microshading. Si tienes la piel grasa, sabr\u00e1s lo dif\u00edcil que puede ser mantener el maquillaje en su sitio. El microsombreado puede ser tu santo grial, ya que proporciona una perfecci\u00f3n duradera de las cejas que no se emborrona. Por otro lado, para quienes tienen cejas escasas debido a una depilaci\u00f3n excesiva o a afecciones como la alopecia, la microdermoabrasi\u00f3n les permitir\u00e1 conseguir un aspecto m\u00e1s poblado sin las molestias diarias. Adem\u00e1s, las personas muy activas -me refiero a los nadadores y a los que van al gimnasio- imaginad no tener que preocuparos de que se os borren las cejas durante el entrenamiento. Sencillo y duradero: perfecto para quienes llevan un estilo de vida sin pretensiones y prefieren poco mantenimiento.<\/p>\n\n\n\n<h2 class=\"wp-block-heading\">Procedimiento de microblading: Qu\u00e9 esperar<\/h2>\n\n\n<div class=\"wp-block-image\">\n<figure class=\"aligncenter size-full\"><img decoding=\"async\" width=\"612\" height=\"408\" src=\"https:\/\/luxaesthetika.com\/wp-content\/uploads\/2024\/02\/b400651f-ffd1-4361-8cb8-5bb33b7d4b68.jpg\" alt=\"Microblading Miami Photo\" class=\"wp-image-6004\" srcset=\"https:\/\/luxaesthetika.com\/wp-content\/uploads\/2024\/02\/b400651f-ffd1-4361-8cb8-5bb33b7d4b68.jpg 612w, https:\/\/luxaesthetika.com\/wp-content\/uploads\/2024\/02\/b400651f-ffd1-4361-8cb8-5bb33b7d4b68-300x200.jpg 300w, https:\/\/luxaesthetika.com\/wp-content\/uploads\/2024\/02\/b400651f-ffd1-4361-8cb8-5bb33b7d4b68-550x367.jpg 550w\" sizes=\"(max-width: 612px) 100vw, 612px\" \/><\/figure>\n<\/div>\n\n\n<p><\/p>\n\n\n\n<p>Imag\u00ednatelo: Sue\u00f1as con tener unas cejas bonitas sin la molestia diaria del maquillaje. Ah\u00ed es donde entra en juego la magia del microshading. Durante la consulta inicial, el especialista le har\u00e1 20 preguntas (bueno, quiz\u00e1 no tantas) para entender sus objetivos est\u00e9ticos. El d\u00eda de la intervenci\u00f3n, todo es cuesti\u00f3n de precisi\u00f3n. La zona de las cejas se anestesia para mayor comodidad, mientras se aplican cuidadosamente peque\u00f1os puntos en forma de alfiler sobre la piel para crear el degradado perfecto. No se trata de un proceso \u00abexplosivo\u00bb; piense que es como si un artista pintara meticulosamente su obra maestra personal. Los artistas trabajan lentamente, dando a tu rostro el trato VIP que se merece mientras crean esas cejas de ensue\u00f1o rellenas. As\u00ed que mant\u00e9n la calma, porque al final estar\u00e1s absolutamente encantada con la transformaci\u00f3n que acaba de producirse ante tus ojos.<\/p>\n\n\n\n<h2 class=\"wp-block-heading\">Elegir al maestro adecuado<\/h2>\n\n\n\n<p>Es muy sencillo: no arriesgue su rostro. El especialista que elijas desempe\u00f1a un papel crucial en el juego de la microdermoabrasi\u00f3n. Da preferencia a la experiencia porque, seamos realistas, quieres a alguien que lo haya hecho m\u00e1s veces de las que has visto tu programa de televisi\u00f3n favorito. Estudia su portafolio como estudias el men\u00fa de un restaurante; las fotos del \u00abantes y despu\u00e9s\u00bb deben hacerte decir \u00abWow\u00bb, no \u00abHmmm\u00bb. Las rese\u00f1as son tus mejores ayudantes: explora Google, Yelp y las redes sociales en busca de rese\u00f1as buenas, malas y francamente feas. La certificaci\u00f3n est\u00e1 fuera de toda duda. Un verdadero profesional debe tener credenciales que griten \u00abConozco mi negocio\u00bb m\u00e1s fuerte que un meg\u00e1fono. Recuerda que el objetivo de un verdadero profesional es hacer que tus cejas parezcan gemelas, no parientes lejanos, as\u00ed que elige bien.<\/p>\n\n\n\n<h2 class=\"wp-block-heading\">Dolor y seguridad<\/h2>\n\n\n\n<p>Reconozc\u00e1moslo: la idea de unas agujas diminutas clavadas en la piel puede dar un poco de reparo a cualquiera. Pero cuando se trata de microdermoabrasi\u00f3n, la comodidad es clave, y la mayor\u00eda de los t\u00e9cnicos aplican una crema anest\u00e9sica para minimizar cualquier molestia. Es posible que sienta una ligera sensaci\u00f3n de ara\u00f1azo, pero suele describirse m\u00e1s como irritaci\u00f3n que como dolor. En cuanto a la seguridad, la esterilidad y un entorno profesional no son negociables. Insiste en ver los certificados del profesional y pregunta por sus procedimientos sanitarios. Tienes todo el derecho a esperar agujas desechables, guantes y un espacio de trabajo limpio como una patena. Recuerda que una higiene deficiente puede provocar infecciones o cosas peores. Y cr\u00e9eme, nadie tiene tiempo para eso.<\/p>\n\n\n\n<h2 class=\"wp-block-heading\">Cuidados postoperatorios y proceso de curaci\u00f3n<\/h2>\n\n\n\n<p>Cuidar las cejas despu\u00e9s del microblading es como cuidar una planta delicada: requiere atenci\u00f3n y las condiciones adecuadas para prosperar. En primer lugar, mant\u00e9n las cejas secas durante 10 d\u00edas. Piensa en ellas como en Mogwais de Gremlins: \u00a1el agua es el enemigo! Evita el gimnasio, la sauna y cualquier lugar con vapor que pueda hacerte sudar y, s\u00ed, poner en peligro tu inversi\u00f3n. Es de esperar que te pique un poco mientras la piel se cura, pero ni se te ocurra rascarte. Si es necesario, l\u00edmpiate suavemente la piel con un bastoncillo de algod\u00f3n limpio y h\u00famedo. Tus cejas pasar\u00e1n por una especie de monta\u00f1a rusa: primero se oscurecer\u00e1n, luego empezar\u00e1n a descamarse y, por \u00faltimo, adquirir\u00e1n el color deseado. rust el proceso, sigue <a href=\"https:\/\/luxaesthetika.com\/\" target=\"_blank\" rel=\"noreferrer noopener\">los consejos de LuxAesthetiks<\/a> hasta el \u00faltimo detalle y consigue unas cejas que puedan calificarse de obra maestra.<\/p>\n","protected":false},"excerpt":{"rendered":"<p>10 puntos importantes del Microshading de cejas, desde el procedimiento hasta el postratamiento\u2026 \u00bfAlguna vez te has levantado, te has mirado al espejo y has deseado que tus cejas estuvieran perfectas? Lo mismo digo, amiga. Vivimos en un mundo en el que las cejas pobladas y esculpidas son un sue\u00f1o, pero no es una realidad [&hellip;]<\/p>\n","protected":false},"author":1,"featured_media":7111,"parent":7107,"menu_order":0,"comment_status":"closed","ping_status":"closed","template":"","meta":{"_eb_attr":"","footnotes":""},"class_list":["post-7110","page","type-page","status-publish","has-post-thumbnail","hentry"],"_links":{"self":[{"href":"https:\/\/luxaesthetika.com\/es\/wp-json\/wp\/v2\/pages\/7110","targetHints":{"allow":["GET"]}}],"collection":[{"href":"https:\/\/luxaesthetika.com\/es\/wp-json\/wp\/v2\/pages"}],"about":[{"href":"https:\/\/luxaesthetika.com\/es\/wp-json\/wp\/v2\/types\/page"}],"author":[{"embeddable":true,"href":"https:\/\/luxaesthetika.com\/es\/wp-json\/wp\/v2\/users\/1"}],"replies":[{"embeddable":true,"href":"https:\/\/luxaesthetika.com\/es\/wp-json\/wp\/v2\/comments?post=7110"}],"version-history":[{"count":1,"href":"https:\/\/luxaesthetika.com\/es\/wp-json\/wp\/v2\/pages\/7110\/revisions"}],"predecessor-version":[{"id":7112,"href":"https:\/\/luxaesthetika.com\/es\/wp-json\/wp\/v2\/pages\/7110\/revisions\/7112"}],"up":[{"embeddable":true,"href":"https:\/\/luxaesthetika.com\/es\/wp-json\/wp\/v2\/pages\/7107"}],"wp:featuredmedia":[{"embeddable":true,"href":"https:\/\/luxaesthetika.com\/es\/wp-json\/wp\/v2\/media\/7111"}],"wp:attachment":[{"href":"https:\/\/luxaesthetika.com\/es\/wp-json\/wp\/v2\/media?parent=7110"}],"curies":[{"name":"wp","href":"https:\/\/api.w.org\/{rel}","templated":true}]}}