{"id":7104,"date":"2018-01-21T17:29:57","date_gmt":"2018-01-21T17:29:57","guid":{"rendered":"https:\/\/luxaesthetika.com\/?page_id=7104"},"modified":"2024-03-29T23:15:24","modified_gmt":"2024-03-29T23:15:24","slug":"servicios-corporales","status":"publish","type":"page","link":"https:\/\/luxaesthetika.com\/es\/servicios-corporales\/","title":{"rendered":"Servicios corporales"},"content":{"rendered":"<p>El Body Sugaring es un antiguo arte de depilaci\u00f3n que utiliza una pasta completamente natural hecha de lim\u00f3n, az\u00facar y agua. Parece miel, pero m\u00e1s espesa. La pasta se moldea sobre la piel en direcci\u00f3n contraria a la del crecimiento del vello y, a continuaci\u00f3n, se retira r\u00e1pidamente con un movimiento de la mano, eliminando la pasta de az\u00facar, extrayendo el vello no deseado y recogiendo las c\u00e9lulas muertas de la piel. Esta antigua t\u00e9cnica manual que permite extraer el vello en la direcci\u00f3n de su crecimiento supone menos roturas y molestias para usted.<\/p>\n<h3><\/h3>\n<h3>Por qu\u00e9 preferimos la depilaci\u00f3n con az\u00facar a la depilaci\u00f3n normal:<\/h3>\n<ul>\n<li>El vello se puede eliminar a 1\/8&#8243; &#8211; lo que normalmente s\u00f3lo tarda unos 7-10 d\u00edas en crecer (la mitad de la longitud necesaria para la depilaci\u00f3n con cera)<\/li>\n<li>Ingredientes naturales y seguros para pieles sensibles<\/li>\n<li>No se adhiere a las c\u00e9lulas vivas, eliminando el dolor y las molestias de la depilaci\u00f3n habitual<\/li>\n<li>Exfolia suavemente las c\u00e9lulas muertas para una piel suave<\/li>\n<li>La extracci\u00f3n regular a un \u00a01\/8&#8243; (la fase an\u00e1gena del crecimiento del cabello) \u00a0conduce a la p\u00e9rdida permanente del cabello. Cuando el cabello se extrae a esta longitud, arrastra consigo parte de la pared del fol\u00edculo cada vez, lo que acaba provocando su debilitamiento y colapso.<\/li>\n<li>Se realiza a la temperatura corporal, sin necesidad de calor para no quemarse la piel<\/li>\n<li>El vello se elimina en la direcci\u00f3n natural de crecimiento, lo que evita roturas, molestias innecesarias, irritaciones y vellos encarnados.<\/li>\n<li>Ecol\u00f3gico y biodegradable<\/li>\n<li>Higi\u00e9nicos y en porciones individuales, \u00a1sin palitos dobles!<\/li>\n<\/ul>\n<ul>\n<li>Exfoliar al menos 3 veces por semana<\/li>\n<li>Informe a su esteticista si est\u00e1 tomando anticoagulantes, Retin-A, Accutane o productos similares.<\/li>\n<li>Deje de tomar cualquier producto t\u00f3pico para el acn\u00e9 o para aclarar la piel una semana antes de su cita para la depilaci\u00f3n con az\u00facar.<\/li>\n<li>Tome ibuprofeno (Advil) 30 minutos antes de la cita<\/li>\n<li>Llevar ropa transpirable<\/li>\n<li>Rel\u00e1jate durante el servicio, los m\u00fasculos tensos har\u00e1n que la zona sea m\u00e1s sensible<\/li>\n<li><strong>NO<\/strong> ducharse con agua muy caliente despu\u00e9s de la depilaci\u00f3n.<\/li>\n<li><strong>NO<\/strong> se afeite entre sesiones-esto har\u00e1 que su pelo sea m\u00e1s dif\u00edcil de arrancar en su pr\u00f3xima cita y dar\u00e1 lugar a roturas.<\/li>\n<li><strong>NO<\/strong> exfoliar durante las 24 horas posteriores al sugaring<\/li>\n<li><strong>NO<\/strong> haga ejercicio durante las 24 horas posteriores a la aplicaci\u00f3n de az\u00facar.<\/li>\n<li><strong>NO<\/strong> broncearse durante las 24 horas posteriores al sugaring<\/li>\n<li><strong>NO<\/strong> lleve ropa ajustada despu\u00e9s de la depilaci\u00f3n con az\u00facar<\/li>\n<\/ul>\n","protected":false},"excerpt":{"rendered":"<p>El Body Sugaring es un antiguo arte de depilaci\u00f3n que utiliza una pasta completamente natural hecha de lim\u00f3n, az\u00facar y agua. Parece miel, pero m\u00e1s espesa. La pasta se moldea sobre la piel en direcci\u00f3n contraria a la del crecimiento del vello y, a continuaci\u00f3n, se retira r\u00e1pidamente con un movimiento de la mano, eliminando [&hellip;]<\/p>\n","protected":false},"author":1,"featured_media":6547,"parent":0,"menu_order":0,"comment_status":"closed","ping_status":"open","template":"","meta":{"_eb_attr":"","footnotes":""},"class_list":["post-7104","page","type-page","status-publish","has-post-thumbnail","hentry"],"_links":{"self":[{"href":"https:\/\/luxaesthetika.com\/es\/wp-json\/wp\/v2\/pages\/7104","targetHints":{"allow":["GET"]}}],"collection":[{"href":"https:\/\/luxaesthetika.com\/es\/wp-json\/wp\/v2\/pages"}],"about":[{"href":"https:\/\/luxaesthetika.com\/es\/wp-json\/wp\/v2\/types\/page"}],"author":[{"embeddable":true,"href":"https:\/\/luxaesthetika.com\/es\/wp-json\/wp\/v2\/users\/1"}],"replies":[{"embeddable":true,"href":"https:\/\/luxaesthetika.com\/es\/wp-json\/wp\/v2\/comments?post=7104"}],"version-history":[{"count":1,"href":"https:\/\/luxaesthetika.com\/es\/wp-json\/wp\/v2\/pages\/7104\/revisions"}],"predecessor-version":[{"id":7105,"href":"https:\/\/luxaesthetika.com\/es\/wp-json\/wp\/v2\/pages\/7104\/revisions\/7105"}],"wp:featuredmedia":[{"embeddable":true,"href":"https:\/\/luxaesthetika.com\/es\/wp-json\/wp\/v2\/media\/6547"}],"wp:attachment":[{"href":"https:\/\/luxaesthetika.com\/es\/wp-json\/wp\/v2\/media?parent=7104"}],"curies":[{"name":"wp","href":"https:\/\/api.w.org\/{rel}","templated":true}]}}