{"id":7102,"date":"2021-07-02T04:52:49","date_gmt":"2021-07-02T04:52:49","guid":{"rendered":"https:\/\/luxaesthetika.com\/?page_id=7102"},"modified":"2024-03-29T23:12:26","modified_gmt":"2024-03-29T23:12:26","slug":"reduccion-de-la-grasa-corporal","status":"publish","type":"page","link":"https:\/\/luxaesthetika.com\/es\/reduccion-de-la-grasa-corporal\/","title":{"rendered":"Reducci\u00f3n de la grasa corporal"},"content":{"rendered":"\n<h2 class=\"wp-block-heading\"><strong><strong>Tratamiento de congelaci\u00f3n de grasas<\/strong> <strong>antes y despu\u00e9s<\/strong><\/strong><\/h2>\n\n\n\n<p>Ventajas, desventajas, contraindicaciones de las operaciones <strong>Congelaci\u00f3n de grasas<\/strong><br>La diferencia entre los m\u00e9todos quir\u00fargicos de reducci\u00f3n de grasa es el uso de diferentes tipos de destrucci\u00f3n y eliminaci\u00f3n de las c\u00e9lulas grasas del cuerpo. Su principio se reduce a que el cirujano realiza incisiones en miniatura (hasta 1 cm) en las zonas <strong>tratadas<\/strong> del abdomen, introduce en ellas tubos de liposucci\u00f3n (c\u00e1nulas) y aspira la grasa. La principal ventaja de la operaci\u00f3n es la capacidad de eliminar una gran cantidad de grasa (3-4kg). <strong>antes y despu\u00e9s<\/strong><\/p>\n\n\n\n<p>La ventaja del vac\u00edo es que el exceso de grasa abdominal se elimina con la m\u00e1xima precisi\u00f3n. Pero este m\u00e9todo es muy traum\u00e1tico para los animales, va acompa\u00f1ado de una gran p\u00e9rdida de sangre, hinchaz\u00f3n y un largo periodo de rehabilitaci\u00f3n.<\/p>\n\n\n\n<p>El m\u00e9todo l\u00e1ser de correcci\u00f3n del abdomen pasa sin p\u00e9rdida de sangre, requiere mucha experiencia quir\u00fargica. Existe el peligro de quemar los tejidos vecinos, \u00f3rganos internos, obtener quemaduras en la piel con su posterior cicatrizaci\u00f3n.<\/p>\n\n\n\n<p>Los ultrasonidos permiten eliminar hasta 5-6 kg de grasa a la vez. Pero la eliminaci\u00f3n de un gran volumen de la capa de grasa implicada en la homeostasis (mantenimiento del equilibrio del medio interno del organismo) puede conducir a un desenlace fatal.<\/p>\n\n\n\n<p>Entre las contraindicaciones generales de la cirug\u00eda<\/p>\n\n\n\n<h2 class=\"wp-block-heading\"><strong><strong>Coolsculpting<\/strong> <strong>doble ment\u00f3n<\/strong> <strong>brazos<\/strong> <strong>est\u00f3mago<\/strong> piernas <strong>tratamiento<\/strong>.<\/strong><\/h2>\n\n\n\n<p>Hipertensi\u00f3n, cualquier <strong>coolsculpting<\/strong> forma Reducci\u00f3n de grasa corporal de diabetes mellitus,enfermedades som\u00e1ticas graves (neumon\u00eda, hepatitis, inflamaci\u00f3n purulenta en los lugares de correcci\u00f3n, etc.). Deshacerse de la grasa sin cirug\u00eda <strong>barbilla doble<\/strong>.<br>Se puede corregir el abdomen sin cirug\u00eda de reducci\u00f3n de grasa con l\u00e1ser o ultrasonidos. El cirujano conduce un aparato especial sobre la zona problem\u00e1tica. El ultrasonido sintonizado a bajas frecuencias destruye s\u00f3lo la grasa, y el l\u00e1ser tambi\u00e9n penetra estrictamente hasta una profundidad predeterminada sin causar otros da\u00f1os, excepto en las c\u00e9lulas grasas. <strong>brazos<\/strong> <strong>est\u00f3mago<\/strong> piernas El \u00edndice de lesiones es m\u00ednimo. La grasa se excreta de forma natural a trav\u00e9s de piernas <strong>tratamiento<\/strong> la sangre, la linfa.<\/p>\n\n\n\n<p>Eliminar la grasa del abdomen sin cirug\u00eda se recomienda a las personas que no sufren un gran exceso de peso. Los m\u00e9todos eliminan eficazmente la grasa de zonas peque\u00f1as en vol\u00famenes reducidos (hasta 0,5 litros). Una serie de operaciones aportar\u00e1 resultados m\u00e1s tangibles.<\/p>\n\n\n\n<p><\/p>\n\n\n\n<p><\/p>\n\n\n\n<h2 class=\"wp-block-heading\">Tratamiento tensor<\/h2>\n\n\n\n<p><strong>Tratamiento facial tensor \u2013 Conozca las diferentes opciones de tratamiento<\/strong><\/p>\n\n\n\n<p>La flacidez de la papada o el cuello de pavo pueden afectar a cualquiera debido a la edad. Sin embargo, hay algunas formas seguras y naturales de tonificar la piel fl\u00e1cida, independientemente de la causa. Se puede conseguir reafirmar la piel del rostro comiendo alimentos saludables, utilizando cremas reafirmantes de la piel, haciendo ejercicios faciales, usando una mascarilla facial u optando por los tratamientos Thermage.<\/p>\n\n\n\n<h3 class=\"wp-block-heading\"><strong>Tensado facial\u00a0Tratamiento mediante cremas<\/strong><\/h3>\n\n\n\n<p>Las cremas reafirmantes de la piel que ofrece Raas Aesthetics est\u00e1n preparadas para fabricar m\u00e1s col\u00e1geno. A pesar de que el col\u00e1geno no ayuda a la piel espeluznante para rebotar de nuevo, que apoya la piel para que la ca\u00edda es menos evidente. Usted puede ayudar a la piel para producir una gran cantidad de col\u00e1geno a trav\u00e9s de la piel de apriete cremas, que contienen poderosos antioxidantes y la piel de fijaci\u00f3n de los ingredientes. Realizar un tratamiento facial tensor a trav\u00e9s de cremas que contengan \u00e1cido glic\u00f3lico o \u00e1cido salic\u00edlico puede ofrecer mejores resultados. Junto con la exfoliaci\u00f3n para una piel m\u00e1s suave, estos ingredientes construyen m\u00e1s col\u00e1geno y pueden ayudar a reafirmar la piel hasta cierto punto.<\/p>\n\n\n\n<h3 class=\"wp-block-heading\"><strong>Ejercicios faciales<\/strong><\/h3>\n\n\n\n<p>Si desea tensar la piel del rostro de forma no quir\u00fargica, realizar algunos ejercicios faciales es la forma ideal de conseguirlo. Normalmente, los m\u00fasculos de la cara forman una base para la piel. Dondequiera que vayan los m\u00fasculos, la piel tambi\u00e9n va sobre ellos, lo que significa que si los m\u00fasculos faciales pierden tono, la piel del rostro tambi\u00e9n har\u00e1 lo mismo y se caer\u00e1. Al igual que ejercitar los m\u00fasculos del resto del cuerpo mejora su tono, los ejercicios faciales para reafirmar la piel se basan en el supuesto de que ejercitarlos los tonificar\u00e1 definitivamente y har\u00e1 que la piel del rostro se reafirme.<\/p>\n\n\n\n<h3 class=\"wp-block-heading\"><strong>Tratamiento Thermage<\/strong><\/h3>\n\n\n\n<p>El tratamiento Thermage ofrecido en Raas Aesthetics es un procedimiento cut\u00e1neo no quir\u00fargico por radiofrecuencia que tiene como objetivo alisar, rigidizar la piel fl\u00e1cida y reducir la aparici\u00f3n de arrugas mediante la estimulaci\u00f3n de la fabricaci\u00f3n de col\u00e1geno. El tratamiento ofrece a los usuarios un efecto permanente ya que se realiza con radiofrecuencia de alta intensidad. Es la tecnolog\u00eda m\u00e1s reconocida y ofrece efectos antienvejecimiento sostenibles. Algunos de los beneficios del tratamiento Thermage son:<\/p>\n\n\n\n<ul class=\"wp-block-list\">\n<li>El tratamiento ofrece un estiramiento de la piel con energ\u00eda de radiofrecuencia no invasiva, segura e indolora.<\/li>\n\n\n\n<li>Tonifica y tensa la piel fl\u00e1cida del rostro y tambi\u00e9n la del cuello.<\/li>\n\n\n\n<li>El tratamiento no requiere tiempo de inactividad tras la intervenci\u00f3n.<\/li>\n<\/ul>\n\n\n\n<p>El tratamiento Thermage es la opci\u00f3n preferida para la piel fl\u00e1cida porque no produce dolor y ofrece un resultado estable. Sin embargo, necesita algunos tratamientos de mantenimiento despu\u00e9s del procedimiento.<\/p>\n\n\n\n<h2 class=\"wp-block-heading\">P\u00e9rdida de grasa Tratamiento<\/h2>\n\n\n\n<h3 class=\"wp-block-heading\"><strong>Tres cosas que necesitas para conseguir una p\u00e9rdida de grasa saludable<\/strong><\/h3>\n\n\n\n<p>P\u00e9rdida de grasa es una palabra preferida para aquellos, en particular para las personas obesas, que han intentado una variedad de maneras de reducir su grasa corporal. Sin embargo, la buena noticia para ellos es que tambi\u00e9n pueden lograr la p\u00e9rdida de grasa everlastingly sin despertar con el est\u00f3mago vac\u00edo, haciendo ejercicios seis veces por semana, y la sensaci\u00f3n de hambre constantemente o sacrificar sus alimentos preferidos everlastingly, y sin suplementos costosos. La verdad es que estas personas s\u00f3lo necesitan tres cosas para perder su grasa corporal cargada. Estas tres cosas incluyen una nutrici\u00f3n saludable, entrenamiento de fuerza y cardio. Aqu\u00ed hay algunos planes de p\u00e9rdida de grasa simples e ingeniosos, para que pueda eliminar su grasa corporal de una manera asombrosa, al mismo tiempo que tiene una vida sana.<\/p>\n\n\n\n<h3 class=\"wp-block-heading\"><strong>Alimentaci\u00f3n sana<\/strong><\/h3>\n\n\n\n<p>Una alimentaci\u00f3n sana significa comer un 90% de alimentos no procesados, porque estos alimentos casi vienen en su estado natural, sin grasas, az\u00facares ni salsas a\u00f1adidas. Puedes comprar alimentos crudos y t\u00fa mismo puedes cocinarlos seg\u00fan tu sabor y necesidades. Estos alimentos ofrecen los nutrientes esenciales para construir y mantener los m\u00fasculos, para que no adelgaces y engordes.<\/p>\n\n\n\n<p>A\u00f1ada a su dieta diaria alimentos ricos en prote\u00ednas, fibra, vitaminas, agua y minerales. Consuma a diario alimentos ricos en prote\u00ednas, como aves, ternera, pescado, suero de leche, l\u00e1cteos, etc. Estos alimentos tambi\u00e9n sacian y tienen el m\u00e1ximo efecto t\u00e9rmico.<\/p>\n\n\n\n<p>A\u00f1ade cantidades suficientes de verduras y frutas, como espinacas, br\u00e9col, esp\u00e1rragos, col rizada, naranjas, manzanas, etc., con cada una de tus comidas.<\/p>\n\n\n\n<p>Come s\u00f3lo grasas saludables porque no te hacen obeso y te ayudar\u00e1n a conseguir la fuerza necesaria para realizar tus entrenamientos. Comer alimentos ricos en grasas saludables, como el aceite de oliva, el aceite de pescado y la mezcla de frutos secos, te saciar\u00e1 y te har\u00e1 sentir lleno porque ralentizan la digesti\u00f3n.<\/p>\n\n\n\n<p>Cuando tengas sed, es posible que sientas hambre. Durante ese tiempo, en lugar de beber refrescos y zumos de frutas, bebe dos tazas de agua con cada una de tus comidas y bebe agua durante las sesiones de entrenamiento. Tambi\u00e9n puedes beber agua y t\u00e9 verde con un lim\u00f3n exprimido.<\/p>\n\n\n\n<h3 class=\"wp-block-heading\"><strong>Entrenamiento de fuerza<\/strong><\/h3>\n\n\n\n<p>El entrenamiento de fuerza le ayudar\u00e1 a conseguir un f\u00edsico m\u00e1s fuerte y le ayudar\u00e1 a quemar las grasas no deseadas de su cuerpo. Esto se debe a la preparaci\u00f3n de la fuerza aumenta la salud cardiovascular, hace que las articulaciones y los huesos m\u00e1s fuertes, construye m\u00fasculo, y anima a la flexibilidad, incluyendo ayudar a perder la grasa no deseada.<\/p>\n\n\n\n<p>M\u00e1s fuerza significa m\u00e1s m\u00fasculo. El entrenamiento de fuerza construye m\u00fasculo y detiene la p\u00e9rdida de m\u00fasculo mientras quema grasa. El entrenamiento tambi\u00e9n aumenta su tasa metab\u00f3lica, lo que significa que le permite quemar m\u00e1s grasa corporal.<\/p>\n\n\n\n<p>Siga el plan de entrenamiento y la dieta porque afectar\u00e1 de forma \u00f3ptima a sus h\u00e1bitos de consumo. Usted obtendr\u00e1 mejores resultados mediante la realizaci\u00f3n de un r\u00e9gimen de peso libre de los entrenamientos compuestos, tales como Deadlifts y sentadillas.<\/p>\n\n\n\n<h3 class=\"wp-block-heading\"><strong>Cardio<\/strong><\/h3>\n\n\n\n<p>De ninguna manera, haga cardio solo porque el exceso de cardio puede quemar m\u00fasculo, en lugar de grasa. Es \u00fatil a\u00f1adir cardio con una nutrici\u00f3n sana y entrenamiento de fuerza para acelerar la p\u00e9rdida de grasa. Realice el cardio de forma moderada porque su objetivo es la p\u00e9rdida de grasa, no la fatiga. Primero, empiece con un ejercicio de cardio de 15 minutos, tres veces por semana. Luego aumente a 3\u00d745 minutos de ejercicio por semana a\u00f1adiendo un minuto en cada entrenamiento. Existen varias m\u00e1quinas de ejercicios cardiovasculares en el mercado, por lo que puede elegir la que mejor se adapte a sus condiciones de salud y necesidades.<\/p>\n\n\n\n<h3 class=\"wp-block-heading\"><strong>Conclusi\u00f3n<\/strong><\/h3>\n\n\n\n<p>Si usted es obeso o un individuo ordinario que quisiera alcanzar una p\u00e9rdida gorda sana, estas tres maneras simples, asombrosas le asistir\u00e1n a alcanzar sus metas. Por lo tanto, no pierda su tiempo y dinero contando calor\u00edas porque no engordar\u00e1 consumiendo alimentos no procesados. Simplemente llene su est\u00f3mago con su comida preparada personalmente, as\u00ed tendr\u00e1 un mejor control sobre sus ingredientes. Siguiendo estas tres sencillas rutinas conseguir\u00e1s perder grasa de forma saludable en un mes.<\/p>\n\n\n\n<h2 class=\"wp-block-heading\">Doble ment\u00f3n & arrugas<\/h2>\n\n\n\n<p><strong>Conozca las opciones de tratamiento m\u00e1s seguras para su papada y arrugas<\/strong><\/p>\n\n\n\n<h3 class=\"wp-block-heading\"><strong>\u00bfQu\u00e9 es la papada y las arrugas?<\/strong><\/h3>\n\n\n\n<p>Cuando las personas envejecen, es probable que empiecen a observar la expansi\u00f3n de las arrugas en la barbilla. Durante el proceso de envejecimiento, la piel se vuelve m\u00e1s fina y quebradiza debido a la ralentizaci\u00f3n de la producci\u00f3n de grasa. Esto hace que la piel se vuelva seca, lo que aumenta la aparici\u00f3n de arrugas en la cara, cuello, etc. Las arrugas de la cara y el cuello pueden presentarse en forma de pliegues, l\u00edneas o pliegues en la parte de la barbilla. Si tiene papada, indica que le sobra grasa debajo de la barbilla y la garganta. La grasa construir\u00e1 la piel ca\u00edda y producir\u00e1 una arruga, que se conoce como papada. \u00a0Si esto ocurre, se supone que debe optar por un tratamiento seguro y no quir\u00fargico para reducir la existencia de la papada.<\/p>\n\n\n\n<h3 class=\"wp-block-heading\"><strong>Opciones de tratamiento para la papada & arrugas<\/strong><\/h3>\n\n\n\n<p>Raas Aesthetics ofrece una variedad de opciones de tratamiento seguro y no quir\u00fargico con el asesoramiento adecuado para eliminar su papada y arrugas. Algunas de las maneras eficaces y f\u00e1ciles de resolver este problema incluyen:<\/p>\n\n\n\n<p>Exfoliaci\u00f3n: Exfoliar su piel de forma habitual le ayudar\u00e1 a disminuir las probabilidades de aparici\u00f3n de las arrugas de la barbilla.<\/p>\n\n\n\n<p><a href=\"Ejercicios: La realizaci\u00f3n de algunos ejercicios sencillos para el cuello aumentar\u00e1 el flujo de soplido hacia la barbilla, con lo que podr\u00e1 eliminar la aparici\u00f3n de l\u00edneas de expresi\u00f3n en la cara y el cuello.\">Ejercicios: La realizaci\u00f3n de algunos ejercicios sencillos para el cuello aumentar\u00e1 el flujo de soplido hacia la barbilla, con lo que podr\u00e1 eliminar la aparici\u00f3n de l\u00edneas de expresi\u00f3n en la cara y el cuello.<\/a><\/p>\n\n\n\n<p>Vitamina C: Incluir dietas ricas en Vitamina C, como las ricas en antioxidantes y \u00e1cidos omega de forma regular en tu dieta diaria trabajar\u00e1 para revitalizar tu piel de forma natural y eliminar\u00e1 las arrugas de tu rostro debidas al envejecimiento.<\/p>\n\n\n\n<p>Hidrataci\u00f3n: Tienes que hidratar tu barbilla a diario para deshacerte y aplazar la aparici\u00f3n de arrugas.<\/p>\n\n\n\n<h3 class=\"wp-block-heading\"><strong>\u00bfC\u00f3mo previene Thermage la papada y las arrugas?<\/strong><\/h3>\n\n\n\n<p>Thermage es un tratamiento de radiofrecuencia no quir\u00fargico que puede hacer frente a la sensaci\u00f3n y el aspecto de envejecimiento de la piel en varias \u00e1reas de su cuerpo. En Raas Aesthetics, este tratamiento se adapta a sus necesidades, y se ofrece con un tiempo de recuperaci\u00f3n m\u00ednimo. Es una gran soluci\u00f3n si le gustar\u00eda tener una piel m\u00e1s suave, m\u00e1s elegante y m\u00e1s joven, pero no puede permitirse m\u00e1s tiempo, entonces este tratamiento es un ideal en para usted para eliminar su papada y las arrugas. El tratamiento Thermage alisa las arrugas y l\u00edneas y remodela el col\u00e1geno para la salud general de su piel facial, reduciendo as\u00ed la papada y las arrugas.<\/p>\n","protected":false},"excerpt":{"rendered":"<p>Tratamiento de congelaci\u00f3n de grasas antes y despu\u00e9s Ventajas, desventajas, contraindicaciones de las operaciones Congelaci\u00f3n de grasasLa diferencia entre los m\u00e9todos quir\u00fargicos de reducci\u00f3n de grasa es el uso de diferentes tipos de destrucci\u00f3n y eliminaci\u00f3n de las c\u00e9lulas grasas del cuerpo. Su principio se reduce a que el cirujano realiza incisiones en miniatura (hasta [&hellip;]<\/p>\n","protected":false},"author":1,"featured_media":0,"parent":0,"menu_order":0,"comment_status":"open","ping_status":"open","template":"","meta":{"_eb_attr":"","footnotes":""},"class_list":["post-7102","page","type-page","status-publish","hentry"],"_links":{"self":[{"href":"https:\/\/luxaesthetika.com\/es\/wp-json\/wp\/v2\/pages\/7102","targetHints":{"allow":["GET"]}}],"collection":[{"href":"https:\/\/luxaesthetika.com\/es\/wp-json\/wp\/v2\/pages"}],"about":[{"href":"https:\/\/luxaesthetika.com\/es\/wp-json\/wp\/v2\/types\/page"}],"author":[{"embeddable":true,"href":"https:\/\/luxaesthetika.com\/es\/wp-json\/wp\/v2\/users\/1"}],"replies":[{"embeddable":true,"href":"https:\/\/luxaesthetika.com\/es\/wp-json\/wp\/v2\/comments?post=7102"}],"version-history":[{"count":1,"href":"https:\/\/luxaesthetika.com\/es\/wp-json\/wp\/v2\/pages\/7102\/revisions"}],"predecessor-version":[{"id":7103,"href":"https:\/\/luxaesthetika.com\/es\/wp-json\/wp\/v2\/pages\/7102\/revisions\/7103"}],"wp:attachment":[{"href":"https:\/\/luxaesthetika.com\/es\/wp-json\/wp\/v2\/media?parent=7102"}],"curies":[{"name":"wp","href":"https:\/\/api.w.org\/{rel}","templated":true}]}}