{"id":7100,"date":"2019-06-11T02:42:40","date_gmt":"2019-06-11T02:42:40","guid":{"rendered":"https:\/\/luxaesthetika.com\/?page_id=7100"},"modified":"2024-03-29T23:07:10","modified_gmt":"2024-03-29T23:07:10","slug":"blog","status":"publish","type":"page","link":"https:\/\/luxaesthetika.com\/es\/blog\/","title":{"rendered":"Blog"},"content":{"rendered":"<p><strong>Todas las citas requieren un dep\u00f3sito no reembolsable que es el 50% del coste del servicio. No hay excepciones.<\/strong> Los dep\u00f3sitos ir\u00e1n a su saldo restante al final del procedimiento. A los clientes se les da 48 horas para presentar sus dep\u00f3sitos, ya que esto asegura que le da tiempo suficiente para pensar si realmente le gustar\u00eda seguir adelante con el procedimiento o no. Una vez que usted nos da su dep\u00f3sito, esto se considera como una respuesta definitiva que usted es 100% seguro sobre el procedimiento que usted est\u00e1 a punto de emprender. Si no se recibe el dep\u00f3sito en un plazo de 48 horas, supondremos que ya no est\u00e1 interesado en el procedimiento y su cita se eliminar\u00e1 y se pondr\u00e1 a disposici\u00f3n de otros clientes.<\/p>\n<p>Alternativamente, puede proporcionarnos una tarjeta de cr\u00e9dito v\u00e1lida para reservar su plaza. No se cargar\u00e1 nada en su tarjeta de cr\u00e9dito mientras se comprometa a ello y se presente a su cita a tiempo (presentarse m\u00e1s de 15 minutos tarde sin avisarnos se considera autom\u00e1ticamente un \u00abNo Show\u00bb y se cargar\u00e1 en su tarjeta de cr\u00e9dito el importe del dep\u00f3sito). Si desea facilitarnos una tarjeta de cr\u00e9dito, env\u00edenos un mensaje o un correo electr\u00f3nico para que podamos ponernos en contacto y obtener sus datos por tel\u00e9fono.<\/p>\n<p>Aceptamos efectivo, d\u00e9bito, transferencias electr\u00f3nicas, Visa y MasterCard.<\/p>\n","protected":false},"excerpt":{"rendered":"<p>Todas las citas requieren un dep\u00f3sito no reembolsable que es el 50% del coste del servicio. No hay excepciones. Los dep\u00f3sitos ir\u00e1n a su saldo restante al final del procedimiento. A los clientes se les da 48 horas para presentar sus dep\u00f3sitos, ya que esto asegura que le da tiempo suficiente para pensar si realmente [&hellip;]<\/p>\n","protected":false},"author":1,"featured_media":0,"parent":0,"menu_order":0,"comment_status":"closed","ping_status":"open","template":"","meta":{"_eb_attr":"","footnotes":""},"class_list":["post-7100","page","type-page","status-publish","hentry"],"_links":{"self":[{"href":"https:\/\/luxaesthetika.com\/es\/wp-json\/wp\/v2\/pages\/7100","targetHints":{"allow":["GET"]}}],"collection":[{"href":"https:\/\/luxaesthetika.com\/es\/wp-json\/wp\/v2\/pages"}],"about":[{"href":"https:\/\/luxaesthetika.com\/es\/wp-json\/wp\/v2\/types\/page"}],"author":[{"embeddable":true,"href":"https:\/\/luxaesthetika.com\/es\/wp-json\/wp\/v2\/users\/1"}],"replies":[{"embeddable":true,"href":"https:\/\/luxaesthetika.com\/es\/wp-json\/wp\/v2\/comments?post=7100"}],"version-history":[{"count":1,"href":"https:\/\/luxaesthetika.com\/es\/wp-json\/wp\/v2\/pages\/7100\/revisions"}],"predecessor-version":[{"id":7101,"href":"https:\/\/luxaesthetika.com\/es\/wp-json\/wp\/v2\/pages\/7100\/revisions\/7101"}],"wp:attachment":[{"href":"https:\/\/luxaesthetika.com\/es\/wp-json\/wp\/v2\/media?parent=7100"}],"curies":[{"name":"wp","href":"https:\/\/api.w.org\/{rel}","templated":true}]}}